{"id":7774,"date":"2023-07-09T04:51:34","date_gmt":"2023-07-09T04:51:34","guid":{"rendered":"https:\/\/kindart.is\/product\/biblian\/"},"modified":"2023-07-09T04:51:34","modified_gmt":"2023-07-09T04:51:34","slug":"biblian","status":"publish","type":"product","link":"https:\/\/kindart.is\/en\/vara\/biblian\/","title":{"rendered":"BIBL\u00cdAN"},"content":{"rendered":"<p><strong>BIBL\u00cdAN<\/strong>, Heil\u00f6g ritning, Gamla testamenti\u00f0 og N\u00fdja testamenti\u00f0, \u00cd \u00feessari \u00fatg\u00e1fu Bibl\u00edunnar, hinni t\u00edundu \u00e1 \u00edslensku (1584-1981) eru gu\u00f0spj\u00f6llin og Postulasagan endur\u00fe\u00fddd \u00far frumtexta og fyrri \u00fe\u00fd\u00f0ing annarra rita N\u00fdja testamentisins (loki\u00f0 1912 \/ 14) endursko\u00f0u\u00f0. Nokkrar umb\u00e6tur hafa og veri\u00f0 ger\u00f0ar \u00e1 s\u00f6mu \u00fe\u00fd\u00f0ingu Gamla testamentisins. &#8211; \u00cd tilefni af 1000 \u00e1ra kristni \u00e1 \u00cdslandi \u00e1ri\u00f0 2000 var gefin \u00fat \u00feessi vi\u00f0hafnar\u00fatg\u00e1fa \u00ed 2000 t\u00f6lusettum eint\u00f6kum. \u00deetta er eintak nr. 1630. B\u00f3kin er bundin \u00ed vanda\u00f0 skreytt br\u00fant skinnband, gyllt \u00ed sni\u00f0um og gylltur keltneskur kross gylltur \u00e1 framspjaldi\u00f0. \u00c1 saurbl\u00f6\u00f0um er mynd af upphafi I. M\u00f3seb\u00f3kar \u00far Stj\u00f3rn, handriti fr\u00e1 13. \u00f6ld. \u2013 B\u00f3kin er \u00cd \u00f6skju. St\u00e6r\u00f0 b\u00f3kar: 26.6 X17.5 cm og 969 bls. (Gamla testamenti\u00f0) og auk \u00feess N\u00fdja testamenti\u00f0 sem er: 324 bls. Aftast er svo: Kynning \u00e1 b\u00f3kum Bibl\u00edunnar, Or\u00f0ask\u00fdringar, Kort og sta\u00f0an\u00f6fn \u00e1 \u00feeim, alls 53 bls. \u2013 Samtals er b\u00f3kin \u00fev\u00ed 1346 bls.<\/p>\n<p><strong>\u00datg\u00e1fa og prentun<\/strong>:<br \/>\nHi\u00f0 \u00edslenska bibl\u00eduf\u00e9lag, Reykjav\u00edk, N\u00fd \u00fatg\u00e1fa 1981. Bibl\u00edan 1981 var prentu\u00f0 margsinnis og \u00ed gr\u00ed\u00f0arlegu upplagi fr\u00e1 \u00fatg\u00e1fu\u00e1ri og \u00fear til s\u00fa n\u00fdjasta kom \u00fat, 2007.\u2028Prentsta\u00f0ar er ekki geti\u00f0.<\/p>\n","protected":false},"excerpt":{"rendered":"<p>BIBL\u00cdAN, Heil\u00f6g ritning, Gamla testamenti\u00f0 og N\u00fdja testamenti\u00f0, \u00cd \u00feessari \u00fatg\u00e1fu Bibl\u00edunnar, hinni t\u00edundu \u00e1 \u00edslensku (1584-1981) eru gu\u00f0spj\u00f6llin og Postulasagan endur\u00fe\u00fddd \u00far frumtexta og fyrri \u00fe\u00fd\u00f0ing annarra rita N\u00fdja testamentisins (loki\u00f0 1912 \/ 14) endursko\u00f0u\u00f0. Nokkrar umb\u00e6tur hafa og veri\u00f0 ger\u00f0ar \u00e1 s\u00f6mu \u00fe\u00fd\u00f0ingu Gamla testamentisins. &#8211; \u00cd tilefni af 1000 \u00e1ra kristni \u00e1 [&hellip;]<\/p>\n","protected":false},"featured_media":7767,"template":"","meta":{"slim_seo":{"title":"BIBL\u00cdAN - KindArt","description":"BIBL\u00cdAN , Heil\u00f6g ritning, Gamla testamenti\u00f0 og N\u00fdja testamenti\u00f0, \u00cd \u00feessari \u00fatg\u00e1fu Bibl\u00edunnar, hinni t\u00edundu \u00e1 \u00edslensku (1584-1981) eru gu\u00f0spj\u00f6llin og Postulasaga"}},"product_brand":[],"product_cat":[83],"product_tag":[],"class_list":{"0":"post-7774","1":"product","2":"type-product","3":"status-publish","4":"has-post-thumbnail","6":"product_cat-books","7":"product_shipping_class-small-en","9":"first","10":"outofstock","11":"purchasable","12":"product-type-simple"},"_links":{"self":[{"href":"https:\/\/kindart.is\/en\/wp-json\/wp\/v2\/product\/7774","targetHints":{"allow":["GET"]}}],"collection":[{"href":"https:\/\/kindart.is\/en\/wp-json\/wp\/v2\/product"}],"about":[{"href":"https:\/\/kindart.is\/en\/wp-json\/wp\/v2\/types\/product"}],"wp:featuredmedia":[{"embeddable":true,"href":"https:\/\/kindart.is\/en\/wp-json\/wp\/v2\/media\/7767"}],"wp:attachment":[{"href":"https:\/\/kindart.is\/en\/wp-json\/wp\/v2\/media?parent=7774"}],"wp:term":[{"taxonomy":"product_brand","embeddable":true,"href":"https:\/\/kindart.is\/en\/wp-json\/wp\/v2\/product_brand?post=7774"},{"taxonomy":"product_cat","embeddable":true,"href":"https:\/\/kindart.is\/en\/wp-json\/wp\/v2\/product_cat?post=7774"},{"taxonomy":"product_tag","embeddable":true,"href":"https:\/\/kindart.is\/en\/wp-json\/wp\/v2\/product_tag?post=7774"}],"curies":[{"name":"wp","href":"https:\/\/api.w.org\/{rel}","templated":true}]}}