{"id":7778,"date":"2023-07-09T04:55:45","date_gmt":"2023-07-09T04:55:45","guid":{"rendered":"https:\/\/kindart.is\/product\/aefintyri-a-gongufor-syningarskra\/"},"modified":"2023-07-09T04:55:45","modified_gmt":"2023-07-09T04:55:45","slug":"aefintyri-a-gongufor-syningarskra","status":"publish","type":"product","link":"https:\/\/kindart.is\/en\/vara\/aefintyri-a-gongufor-syningarskra\/","title":{"rendered":"\u00c6fint\u00fdri \u00e1 g\u00f6nguf\u00f6r &#8211; s\u00fdningarskr\u00e1"},"content":{"rendered":"<p><strong>Leikfjelag Reykjav\u00edkur, s\u00fdningarskr\u00e1. XIX.- 6. \u00c6fint\u00fdri \u00e1 g\u00f6nguf\u00f6r-Leik\u00e1ri\u00f0 1922-23<\/strong>. Leikrit eftir J.C.Hostrup \u2013 Myndir af Hostrup \u00e1 1.bls. h\u00e1lf\u00fer\u00edtugum og \u00f6nnur mynd af honum \u00e1 4. bls. \u00e1 \u00e1ttr\u00e6\u00f0isaldri. Leikskr\u00e1in er 19.8 X 13.3 cm a\u00f0 st\u00e6r\u00f0 og 4 bls. e\u00f0a opna<\/p>\n<p><strong>\u00datg\u00e1fa og prentun<\/strong>:<br \/>\nLeikfjelag Reykjav\u00edkur, 1922-23 Reykjav\u00edk. Prentun: Prentsmi\u00f0ja \u00c1g\u00fastar Sigur\u00f0ssonar.<\/p>\n","protected":false},"excerpt":{"rendered":"<p>Leikfjelag Reykjav\u00edkur, s\u00fdningarskr\u00e1. XIX.- 6. \u00c6fint\u00fdri \u00e1 g\u00f6nguf\u00f6r-Leik\u00e1ri\u00f0 1922-23. Leikrit eftir J.C.Hostrup \u2013 Myndir af Hostrup \u00e1 1.bls. h\u00e1lf\u00fer\u00edtugum og \u00f6nnur mynd af honum \u00e1 4. bls. \u00e1 \u00e1ttr\u00e6\u00f0isaldri. Leikskr\u00e1in er 19.8 X 13.3 cm a\u00f0 st\u00e6r\u00f0 og 4 bls. e\u00f0a opna \u00datg\u00e1fa og prentun: Leikfjelag Reykjav\u00edkur, 1922-23 Reykjav\u00edk. Prentun: Prentsmi\u00f0ja \u00c1g\u00fastar Sigur\u00f0ssonar.<\/p>\n","protected":false},"featured_media":7777,"template":"","meta":{"slim_seo":{"title":"\u00c6fint\u00fdri \u00e1 g\u00f6nguf\u00f6r - s\u00fdningarskr\u00e1 - KindArt","description":"Leikfjelag Reykjav\u00edkur, s\u00fdningarskr\u00e1. XIX.- 6. \u00c6fint\u00fdri \u00e1 g\u00f6nguf\u00f6r-Leik\u00e1ri\u00f0 1922-23 . Leikrit eftir J.C.Hostrup \u2013 Myndir af Hostrup \u00e1 1.bls. h\u00e1lf\u00fer\u00edtugum og \u00f6nn"}},"product_brand":[],"product_cat":[83],"product_tag":[],"class_list":{"0":"post-7778","1":"product","2":"type-product","3":"status-publish","4":"has-post-thumbnail","6":"product_cat-books","7":"product_shipping_class-small-en","9":"first","10":"instock","11":"purchasable","12":"product-type-simple"},"_links":{"self":[{"href":"https:\/\/kindart.is\/en\/wp-json\/wp\/v2\/product\/7778","targetHints":{"allow":["GET"]}}],"collection":[{"href":"https:\/\/kindart.is\/en\/wp-json\/wp\/v2\/product"}],"about":[{"href":"https:\/\/kindart.is\/en\/wp-json\/wp\/v2\/types\/product"}],"wp:featuredmedia":[{"embeddable":true,"href":"https:\/\/kindart.is\/en\/wp-json\/wp\/v2\/media\/7777"}],"wp:attachment":[{"href":"https:\/\/kindart.is\/en\/wp-json\/wp\/v2\/media?parent=7778"}],"wp:term":[{"taxonomy":"product_brand","embeddable":true,"href":"https:\/\/kindart.is\/en\/wp-json\/wp\/v2\/product_brand?post=7778"},{"taxonomy":"product_cat","embeddable":true,"href":"https:\/\/kindart.is\/en\/wp-json\/wp\/v2\/product_cat?post=7778"},{"taxonomy":"product_tag","embeddable":true,"href":"https:\/\/kindart.is\/en\/wp-json\/wp\/v2\/product_tag?post=7778"}],"curies":[{"name":"wp","href":"https:\/\/api.w.org\/{rel}","templated":true}]}}