{"id":7790,"date":"2023-07-09T11:32:41","date_gmt":"2023-07-09T11:32:41","guid":{"rendered":"https:\/\/kindart.is\/product\/thth-i-forheimskunnarlandi\/"},"modified":"2023-07-09T11:32:41","modified_gmt":"2023-07-09T11:32:41","slug":"thth-i-forheimskunnarlandi","status":"publish","type":"product","link":"https:\/\/kindart.is\/en\/vara\/thth-i-forheimskunnarlandi\/","title":{"rendered":"\u00de\u00de \u00ed forheimskunnarlandi"},"content":{"rendered":"<p><strong>\u00de\u00de \u00ed forheimskunnarlandi<\/strong> eftir P\u00e9tur Gunnarsson er seinni b\u00f3kin eftir P\u00e9tur um \u00de\u00f3rberg. Fyrri b\u00f3kin heitir \u00de\u00de \u00ed f\u00e1t\u00e6ktarlandi. \u2013 P\u00e9tur f\u00e9kk leyfi Margr\u00e9tar konu \u00de\u00f3rbergs til a\u00f0 birta \u00far dagb\u00f3kum \u00de\u00de og eins \u00far br\u00e9fum beggja og eins f\u00e9kk hann leyfi til a\u00f0 birta \u00far dagb\u00f3kum \u00de\u00f3ru Vigf\u00fasd\u00f3ttur.<\/p>\n<p><strong>\u00datg\u00e1fa og prentun<\/strong>:<br \/>\n\u00datgefandi: JPV \u00fatg\u00e1fa, Reykjav\u00edk 2009. Prentun: Prentsmi\u00f0jan Oddi.<\/p>\n","protected":false},"excerpt":{"rendered":"<p>\u00de\u00de \u00ed forheimskunnarlandi eftir P\u00e9tur Gunnarsson er seinni b\u00f3kin eftir P\u00e9tur um \u00de\u00f3rberg. Fyrri b\u00f3kin heitir \u00de\u00de \u00ed f\u00e1t\u00e6ktarlandi. \u2013 P\u00e9tur f\u00e9kk leyfi Margr\u00e9tar konu \u00de\u00f3rbergs til a\u00f0 birta \u00far dagb\u00f3kum \u00de\u00de og eins \u00far br\u00e9fum beggja og eins f\u00e9kk hann leyfi til a\u00f0 birta \u00far dagb\u00f3kum \u00de\u00f3ru Vigf\u00fasd\u00f3ttur. \u00datg\u00e1fa og prentun: \u00datgefandi: JPV \u00fatg\u00e1fa, [&hellip;]<\/p>\n","protected":false},"featured_media":7785,"template":"","meta":{"slim_seo":{"title":"\u00de\u00de \u00ed forheimskunnarlandi - KindArt","description":"\u00de\u00de \u00ed forheimskunnarlandi eftir P\u00e9tur Gunnarsson er seinni b\u00f3kin eftir P\u00e9tur um \u00de\u00f3rberg. Fyrri b\u00f3kin heitir \u00de\u00de \u00ed f\u00e1t\u00e6ktarlandi. \u2013 P\u00e9tur f\u00e9kk leyfi Margr\u00e9tar konu"}},"product_brand":[],"product_cat":[83],"product_tag":[],"class_list":{"0":"post-7790","1":"product","2":"type-product","3":"status-publish","4":"has-post-thumbnail","6":"product_cat-books","7":"product_shipping_class-small-en","9":"first","10":"instock","11":"purchasable","12":"product-type-simple"},"_links":{"self":[{"href":"https:\/\/kindart.is\/en\/wp-json\/wp\/v2\/product\/7790","targetHints":{"allow":["GET"]}}],"collection":[{"href":"https:\/\/kindart.is\/en\/wp-json\/wp\/v2\/product"}],"about":[{"href":"https:\/\/kindart.is\/en\/wp-json\/wp\/v2\/types\/product"}],"wp:featuredmedia":[{"embeddable":true,"href":"https:\/\/kindart.is\/en\/wp-json\/wp\/v2\/media\/7785"}],"wp:attachment":[{"href":"https:\/\/kindart.is\/en\/wp-json\/wp\/v2\/media?parent=7790"}],"wp:term":[{"taxonomy":"product_brand","embeddable":true,"href":"https:\/\/kindart.is\/en\/wp-json\/wp\/v2\/product_brand?post=7790"},{"taxonomy":"product_cat","embeddable":true,"href":"https:\/\/kindart.is\/en\/wp-json\/wp\/v2\/product_cat?post=7790"},{"taxonomy":"product_tag","embeddable":true,"href":"https:\/\/kindart.is\/en\/wp-json\/wp\/v2\/product_tag?post=7790"}],"curies":[{"name":"wp","href":"https:\/\/api.w.org\/{rel}","templated":true}]}}