{"id":7796,"date":"2023-07-09T11:35:59","date_gmt":"2023-07-09T11:35:59","guid":{"rendered":"https:\/\/kindart.is\/product\/svenni-i-asi\/"},"modified":"2023-07-09T11:35:59","modified_gmt":"2023-07-09T11:35:59","slug":"svenni-i-asi","status":"publish","type":"product","link":"https:\/\/kindart.is\/en\/vara\/svenni-i-asi\/","title":{"rendered":"Svenni \u00ed \u00c1si"},"content":{"rendered":"<p><strong>Svenni \u00ed \u00c1si<\/strong>, sumar\u00e6vint\u00fdri eftir J\u00f3n Kr. \u00cdsfeld. Barna- og unglingasaga fyrir drengi \u00e1 aldrinum 10-15 \u00e1ra. B\u00f3kin er \u00ed forlagsbandi, \u00e1n k\u00e1pu, en bundin \u00ed bl\u00e1an shirting. St\u00e6r\u00f0: 19 X 12.5 cm og 139 bls.<\/p>\n<p><strong>\u00datg\u00e1fa og prentun<\/strong>:<br \/>\n\u00datgefandi: B\u00f3ka\u00fatg\u00e1fan Sn\u00e6fell, Hafnarfir\u00f0i 1964. Prentun: Prentverk \u00deorkels J\u00f3hannessonar, Hafnarfir\u00f0i.<\/p>\n","protected":false},"excerpt":{"rendered":"<p>Svenni \u00ed \u00c1si, sumar\u00e6vint\u00fdri eftir J\u00f3n Kr. \u00cdsfeld. Barna- og unglingasaga fyrir drengi \u00e1 aldrinum 10-15 \u00e1ra. B\u00f3kin er \u00ed forlagsbandi, \u00e1n k\u00e1pu, en bundin \u00ed bl\u00e1an shirting. St\u00e6r\u00f0: 19 X 12.5 cm og 139 bls. \u00datg\u00e1fa og prentun: \u00datgefandi: B\u00f3ka\u00fatg\u00e1fan Sn\u00e6fell, Hafnarfir\u00f0i 1964. Prentun: Prentverk \u00deorkels J\u00f3hannessonar, Hafnarfir\u00f0i.<\/p>\n","protected":false},"featured_media":7793,"template":"","meta":{"slim_seo":{"title":"Svenni \u00ed \u00c1si - KindArt","description":"Svenni \u00ed \u00c1si , sumar\u00e6vint\u00fdri eftir J\u00f3n Kr. \u00cdsfeld. Barna- og unglingasaga fyrir drengi \u00e1 aldrinum 10-15 \u00e1ra. B\u00f3kin er \u00ed forlagsbandi, \u00e1n k\u00e1pu, en bundin \u00ed bl\u00e1an"}},"product_brand":[],"product_cat":[83],"product_tag":[],"class_list":{"0":"post-7796","1":"product","2":"type-product","3":"status-publish","4":"has-post-thumbnail","6":"product_cat-books","7":"product_shipping_class-small-en","9":"first","10":"instock","11":"purchasable","12":"product-type-simple"},"_links":{"self":[{"href":"https:\/\/kindart.is\/en\/wp-json\/wp\/v2\/product\/7796","targetHints":{"allow":["GET"]}}],"collection":[{"href":"https:\/\/kindart.is\/en\/wp-json\/wp\/v2\/product"}],"about":[{"href":"https:\/\/kindart.is\/en\/wp-json\/wp\/v2\/types\/product"}],"wp:featuredmedia":[{"embeddable":true,"href":"https:\/\/kindart.is\/en\/wp-json\/wp\/v2\/media\/7793"}],"wp:attachment":[{"href":"https:\/\/kindart.is\/en\/wp-json\/wp\/v2\/media?parent=7796"}],"wp:term":[{"taxonomy":"product_brand","embeddable":true,"href":"https:\/\/kindart.is\/en\/wp-json\/wp\/v2\/product_brand?post=7796"},{"taxonomy":"product_cat","embeddable":true,"href":"https:\/\/kindart.is\/en\/wp-json\/wp\/v2\/product_cat?post=7796"},{"taxonomy":"product_tag","embeddable":true,"href":"https:\/\/kindart.is\/en\/wp-json\/wp\/v2\/product_tag?post=7796"}],"curies":[{"name":"wp","href":"https:\/\/api.w.org\/{rel}","templated":true}]}}