{"id":7804,"date":"2023-07-12T13:21:34","date_gmt":"2023-07-12T13:21:34","guid":{"rendered":"https:\/\/kindart.is\/product\/vikverji\/"},"modified":"2023-07-12T13:21:34","modified_gmt":"2023-07-12T13:21:34","slug":"vikverji","status":"publish","type":"product","link":"https:\/\/kindart.is\/en\/vara\/vikverji\/","title":{"rendered":"V\u00cdKVERJI"},"content":{"rendered":"<p><strong>V\u00cdKVERJI<\/strong>, vikubla\u00f0 um stj\u00f3rnm\u00e1l og landsm\u00e1l. Bla\u00f0i\u00f0 var stofna\u00f0 af J\u00f3ni J\u00f3nssyni landsh\u00f6f\u00f0ingjaritara. \u00dea\u00f0 var b\u00e6jarbla\u00f0 Reykv\u00edkinga. Ritstj\u00f3ri: P\u00e1ll Melsted [1873-1874]. \u00dea\u00f0 kom \u00fat \u00ed tv\u00f6 \u00e1r: 1873-1874. \u00dea\u00f0 var me\u00f0 minnstu bl\u00f6\u00f0um, st\u00e6r\u00f0: 26 X 17.3 cm, 4 bls. \u00dea\u00f0 kom \u00fat, 9. okt. 1873 og er 28.tbl.1.\u00e1rs. V\u00edkverji rann inn \u00ed \u00cdsafold \u00feegar h\u00fan h\u00f3f g\u00f6ngu s\u00edna, en h\u00fan var undanfari Morgunbla\u00f0sins, sem var stofna\u00f0 1913.<\/p>\n<p><strong>\u00datg\u00e1fa og prentun<\/strong>:<br \/>\n\u00datgefendur voru : nokkrir menn \u00ed Reykjav\u00edk. 1873. Prentun: \u00cd prentsmi\u00f0ju \u00cdslands. Einar \u00de\u00f3r\u00f0arson.<\/p>\n","protected":false},"excerpt":{"rendered":"<p>V\u00cdKVERJI, vikubla\u00f0 um stj\u00f3rnm\u00e1l og landsm\u00e1l. Bla\u00f0i\u00f0 var stofna\u00f0 af J\u00f3ni J\u00f3nssyni landsh\u00f6f\u00f0ingjaritara. \u00dea\u00f0 var b\u00e6jarbla\u00f0 Reykv\u00edkinga. Ritstj\u00f3ri: P\u00e1ll Melsted [1873-1874]. \u00dea\u00f0 kom \u00fat \u00ed tv\u00f6 \u00e1r: 1873-1874. \u00dea\u00f0 var me\u00f0 minnstu bl\u00f6\u00f0um, st\u00e6r\u00f0: 26 X 17.3 cm, 4 bls. \u00dea\u00f0 kom \u00fat, 9. okt. 1873 og er 28.tbl.1.\u00e1rs. V\u00edkverji rann inn \u00ed \u00cdsafold \u00feegar [&hellip;]<\/p>\n","protected":false},"featured_media":7803,"template":"","meta":{"slim_seo":{"title":"V\u00cdKVERJI - KindArt","description":"V\u00cdKVERJI , vikubla\u00f0 um stj\u00f3rnm\u00e1l og landsm\u00e1l. Bla\u00f0i\u00f0 var stofna\u00f0 af J\u00f3ni J\u00f3nssyni landsh\u00f6f\u00f0ingjaritara. \u00dea\u00f0 var b\u00e6jarbla\u00f0 Reykv\u00edkinga. Ritstj\u00f3ri: P\u00e1ll Melsted ["}},"product_brand":[],"product_cat":[83],"product_tag":[],"class_list":{"0":"post-7804","1":"product","2":"type-product","3":"status-publish","4":"has-post-thumbnail","6":"product_cat-books","7":"product_shipping_class-small-en","9":"first","10":"instock","11":"purchasable","12":"product-type-simple"},"_links":{"self":[{"href":"https:\/\/kindart.is\/en\/wp-json\/wp\/v2\/product\/7804","targetHints":{"allow":["GET"]}}],"collection":[{"href":"https:\/\/kindart.is\/en\/wp-json\/wp\/v2\/product"}],"about":[{"href":"https:\/\/kindart.is\/en\/wp-json\/wp\/v2\/types\/product"}],"wp:featuredmedia":[{"embeddable":true,"href":"https:\/\/kindart.is\/en\/wp-json\/wp\/v2\/media\/7803"}],"wp:attachment":[{"href":"https:\/\/kindart.is\/en\/wp-json\/wp\/v2\/media?parent=7804"}],"wp:term":[{"taxonomy":"product_brand","embeddable":true,"href":"https:\/\/kindart.is\/en\/wp-json\/wp\/v2\/product_brand?post=7804"},{"taxonomy":"product_cat","embeddable":true,"href":"https:\/\/kindart.is\/en\/wp-json\/wp\/v2\/product_cat?post=7804"},{"taxonomy":"product_tag","embeddable":true,"href":"https:\/\/kindart.is\/en\/wp-json\/wp\/v2\/product_tag?post=7804"}],"curies":[{"name":"wp","href":"https:\/\/api.w.org\/{rel}","templated":true}]}}