{"id":7809,"date":"2023-07-12T13:25:24","date_gmt":"2023-07-12T13:25:24","guid":{"rendered":"https:\/\/kindart.is\/product\/grettir\/"},"modified":"2023-07-12T13:25:24","modified_gmt":"2023-07-12T13:25:24","slug":"grettir","status":"publish","type":"product","link":"https:\/\/kindart.is\/en\/vara\/grettir\/","title":{"rendered":"Grettir"},"content":{"rendered":"<p><strong>Grettir<\/strong>, \u00cdsafir\u00f0i 30. n\u00f3v. 1893. \u00deetta bla\u00f0 var stofna\u00f0 af andst\u00e6\u00f0ingum Sk\u00fala Thoroddsens og \u00e1tti \u00fea\u00f0 a\u00f0 vera v\u00f6rn fyrir \u00fe\u00e1 \u00fat af Sk\u00falam\u00e1lunum. \u00dea\u00f0 kom \u00fat \u00ed r\u00famt \u00e1r og mun starfsemi prentsmi\u00f0junnar hafa h\u00e6tt br\u00e1\u00f0lega eftir \u00fea\u00f0. Prentsmi\u00f0junni var komi\u00f0 fyrir \u00ed geymslu \u00e1 pakkh\u00faslofti hj\u00e1 \u00c1rna Sveinssyni kaupmanni \u00e1 \u00cdsafir\u00f0i og s\u00ed\u00f0an augl\u00fdst til s\u00f6lu 24. j\u00fal\u00ed 1895 og aftur 18. okt. og \u00fe\u00e1 mun P\u00e1ll J. Torfason kaupma\u00f0ur \u00e1 Flateyri hafa keypt hana fyrir 300 kr. og \u00e6tla\u00f0 a\u00f0 hefja bla\u00f0a\u00fatg\u00e1fu \u00fear, en af \u00fev\u00ed var\u00f0 aldrei og h\u00fan grotna\u00f0i ni\u00f0ur \u00e1 \u00cdsafir\u00f0i og letri\u00f0 tv\u00edstra\u00f0ist v\u00ed\u00f0svegar.<\/p>\n<p><strong>\u00datg\u00e1fa og prentun<\/strong>:<br \/>\n\u00datgefandi: F\u00e9lag eitt \u00e1 \u00cdsafir\u00f0i, \u00e1byrg\u00f0arma\u00f0ur: Cand theol Gr\u00edmur J\u00f3nsson. 1893 \u00cdsafir\u00f0i. Prentun Prentsmi\u00f0ja \u00cdsfir\u00f0inga.<\/p>\n","protected":false},"excerpt":{"rendered":"<p>Grettir, \u00cdsafir\u00f0i 30. n\u00f3v. 1893. \u00deetta bla\u00f0 var stofna\u00f0 af andst\u00e6\u00f0ingum Sk\u00fala Thoroddsens og \u00e1tti \u00fea\u00f0 a\u00f0 vera v\u00f6rn fyrir \u00fe\u00e1 \u00fat af Sk\u00falam\u00e1lunum. \u00dea\u00f0 kom \u00fat \u00ed r\u00famt \u00e1r og mun starfsemi prentsmi\u00f0junnar hafa h\u00e6tt br\u00e1\u00f0lega eftir \u00fea\u00f0. Prentsmi\u00f0junni var komi\u00f0 fyrir \u00ed geymslu \u00e1 pakkh\u00faslofti hj\u00e1 \u00c1rna Sveinssyni kaupmanni \u00e1 \u00cdsafir\u00f0i og s\u00ed\u00f0an [&hellip;]<\/p>\n","protected":false},"featured_media":7808,"template":"","meta":{"slim_seo":{"title":"Grettir - KindArt","description":"Grettir , \u00cdsafir\u00f0i 30. n\u00f3v. 1893. \u00deetta bla\u00f0 var stofna\u00f0 af andst\u00e6\u00f0ingum Sk\u00fala Thoroddsens og \u00e1tti \u00fea\u00f0 a\u00f0 vera v\u00f6rn fyrir \u00fe\u00e1 \u00fat af Sk\u00falam\u00e1lunum. \u00dea\u00f0 kom \u00fat \u00ed r\u00fa"}},"product_brand":[],"product_cat":[],"product_tag":[],"class_list":{"0":"post-7809","1":"product","2":"type-product","3":"status-publish","4":"has-post-thumbnail","7":"first","8":"instock","9":"purchasable","10":"product-type-simple"},"_links":{"self":[{"href":"https:\/\/kindart.is\/en\/wp-json\/wp\/v2\/product\/7809","targetHints":{"allow":["GET"]}}],"collection":[{"href":"https:\/\/kindart.is\/en\/wp-json\/wp\/v2\/product"}],"about":[{"href":"https:\/\/kindart.is\/en\/wp-json\/wp\/v2\/types\/product"}],"wp:featuredmedia":[{"embeddable":true,"href":"https:\/\/kindart.is\/en\/wp-json\/wp\/v2\/media\/7808"}],"wp:attachment":[{"href":"https:\/\/kindart.is\/en\/wp-json\/wp\/v2\/media?parent=7809"}],"wp:term":[{"taxonomy":"product_brand","embeddable":true,"href":"https:\/\/kindart.is\/en\/wp-json\/wp\/v2\/product_brand?post=7809"},{"taxonomy":"product_cat","embeddable":true,"href":"https:\/\/kindart.is\/en\/wp-json\/wp\/v2\/product_cat?post=7809"},{"taxonomy":"product_tag","embeddable":true,"href":"https:\/\/kindart.is\/en\/wp-json\/wp\/v2\/product_tag?post=7809"}],"curies":[{"name":"wp","href":"https:\/\/api.w.org\/{rel}","templated":true}]}}