{"id":7818,"date":"2023-07-12T13:30:45","date_gmt":"2023-07-12T13:30:45","guid":{"rendered":"https:\/\/kindart.is\/product\/jon-sigurdsson\/"},"modified":"2023-07-12T13:30:45","modified_gmt":"2023-07-12T13:30:45","slug":"jon-sigurdsson","status":"publish","type":"product","link":"https:\/\/kindart.is\/en\/vara\/jon-sigurdsson\/","title":{"rendered":"J\u00f3n Sigur\u00f0sson"},"content":{"rendered":"<p><strong>J\u00f3n Sigur\u00f0sson<\/strong>, kv\u00e6\u00f0i eftir Gu\u00f0m. Gu\u00f0mundsson, cand. phil., og lag eftir J\u00f3n Laxdal og Hann J\u00f3n, gamanv\u00edsur, sungnar \u00e1 \u00cdsafir\u00f0i \u00e1 annan \u00ed p\u00e1skum 1908, lag eftir H. Dorce.<\/p>\n<p><strong>\u00datg\u00e1fa og prentun<\/strong>:<br \/>\nGefi\u00f0 \u00fat af f\u00e9laginu J\u00f3n forseti \u00e1 \u00cdsafir\u00f0i, til \u00e1g\u00f3\u00f0a fyrir minnismerki J\u00f3ns Sigur\u00f0ssonar. Reykjav\u00edk 1908. B\u00f3ka- og n\u00f3tnaprentsmi\u00f0ja Davids \u00d6stlunds.<\/p>\n","protected":false},"excerpt":{"rendered":"<p>J\u00f3n Sigur\u00f0sson, kv\u00e6\u00f0i eftir Gu\u00f0m. Gu\u00f0mundsson, cand. phil., og lag eftir J\u00f3n Laxdal og Hann J\u00f3n, gamanv\u00edsur, sungnar \u00e1 \u00cdsafir\u00f0i \u00e1 annan \u00ed p\u00e1skum 1908, lag eftir H. Dorce. \u00datg\u00e1fa og prentun: Gefi\u00f0 \u00fat af f\u00e9laginu J\u00f3n forseti \u00e1 \u00cdsafir\u00f0i, til \u00e1g\u00f3\u00f0a fyrir minnismerki J\u00f3ns Sigur\u00f0ssonar. Reykjav\u00edk 1908. B\u00f3ka- og n\u00f3tnaprentsmi\u00f0ja Davids \u00d6stlunds.<\/p>\n","protected":false},"featured_media":7813,"template":"","meta":{"slim_seo":{"title":"J\u00f3n Sigur\u00f0sson - KindArt","description":"J\u00f3n Sigur\u00f0sson , kv\u00e6\u00f0i eftir Gu\u00f0m. Gu\u00f0mundsson, cand. phil., og lag eftir J\u00f3n Laxdal og Hann J\u00f3n, gamanv\u00edsur, sungnar \u00e1 \u00cdsafir\u00f0i \u00e1 annan \u00ed p\u00e1skum 1908, lag efti"}},"product_brand":[],"product_cat":[83],"product_tag":[],"class_list":{"0":"post-7818","1":"product","2":"type-product","3":"status-publish","4":"has-post-thumbnail","6":"product_cat-books","7":"product_shipping_class-small-en","9":"first","10":"instock","11":"purchasable","12":"product-type-simple"},"_links":{"self":[{"href":"https:\/\/kindart.is\/en\/wp-json\/wp\/v2\/product\/7818","targetHints":{"allow":["GET"]}}],"collection":[{"href":"https:\/\/kindart.is\/en\/wp-json\/wp\/v2\/product"}],"about":[{"href":"https:\/\/kindart.is\/en\/wp-json\/wp\/v2\/types\/product"}],"wp:featuredmedia":[{"embeddable":true,"href":"https:\/\/kindart.is\/en\/wp-json\/wp\/v2\/media\/7813"}],"wp:attachment":[{"href":"https:\/\/kindart.is\/en\/wp-json\/wp\/v2\/media?parent=7818"}],"wp:term":[{"taxonomy":"product_brand","embeddable":true,"href":"https:\/\/kindart.is\/en\/wp-json\/wp\/v2\/product_brand?post=7818"},{"taxonomy":"product_cat","embeddable":true,"href":"https:\/\/kindart.is\/en\/wp-json\/wp\/v2\/product_cat?post=7818"},{"taxonomy":"product_tag","embeddable":true,"href":"https:\/\/kindart.is\/en\/wp-json\/wp\/v2\/product_tag?post=7818"}],"curies":[{"name":"wp","href":"https:\/\/api.w.org\/{rel}","templated":true}]}}