{"id":7822,"date":"2023-07-12T13:34:38","date_gmt":"2023-07-12T13:34:38","guid":{"rendered":"https:\/\/kindart.is\/product\/vettvangur\/"},"modified":"2024-10-19T15:58:23","modified_gmt":"2024-10-19T15:58:23","slug":"vettvangur","status":"publish","type":"product","link":"https:\/\/kindart.is\/en\/vara\/vettvangur\/","title":{"rendered":"Vettvangur"},"content":{"rendered":"<p><strong>Vettvangur<\/strong>, bla\u00f0 frj\u00e1lsra sko\u00f0anaskipta. \u00c1byrg\u00f0arma\u00f0ur: Hreinn Sigur\u00f0sson.<br \/>\n1.\u00e1rg. 1.tbl. 1978. St\u00e6r\u00f0: 38 X 26 cm og 8 bls.<\/p>\n<p><strong>\u00datg\u00e1fa og prentun<\/strong>:<br \/>\n\u00datgefandi: Vettvangur Sau\u00f0\u00e1rkr\u00f3ki 1978. Prentun: Myndprent Sau\u00f0\u00e1rkr\u00f3ki.<\/p>\n","protected":false},"excerpt":{"rendered":"<p>Vettvangur, bla\u00f0 frj\u00e1lsra sko\u00f0anaskipta. \u00c1byrg\u00f0arma\u00f0ur: Hreinn Sigur\u00f0sson. 1.\u00e1rg. 1.tbl. 1978. St\u00e6r\u00f0: 38 X 26 cm og 8 bls. \u00datg\u00e1fa og prentun: \u00datgefandi: Vettvangur Sau\u00f0\u00e1rkr\u00f3ki 1978. Prentun: Myndprent Sau\u00f0\u00e1rkr\u00f3ki.<\/p>\n","protected":false},"featured_media":7821,"template":"","meta":{"slim_seo":{"title":"Vettvangur - KindArt","description":"Vettvangur , bla\u00f0 frj\u00e1lsra sko\u00f0anaskipta. \u00c1byrg\u00f0arma\u00f0ur: Hreinn Sigur\u00f0sson. 1.\u00e1rg. 1.tbl. 1978. St\u00e6r\u00f0: 38 X 26 cm og 8 bls. \u00datg\u00e1fa og prentun : \u00datgefandi: Vettv"}},"product_brand":[],"product_cat":[83],"product_tag":[],"class_list":{"0":"post-7822","1":"product","2":"type-product","3":"status-publish","4":"has-post-thumbnail","6":"product_cat-books","7":"product_shipping_class-small-en","9":"first","10":"outofstock","11":"purchasable","12":"product-type-simple"},"_links":{"self":[{"href":"https:\/\/kindart.is\/en\/wp-json\/wp\/v2\/product\/7822","targetHints":{"allow":["GET"]}}],"collection":[{"href":"https:\/\/kindart.is\/en\/wp-json\/wp\/v2\/product"}],"about":[{"href":"https:\/\/kindart.is\/en\/wp-json\/wp\/v2\/types\/product"}],"wp:featuredmedia":[{"embeddable":true,"href":"https:\/\/kindart.is\/en\/wp-json\/wp\/v2\/media\/7821"}],"wp:attachment":[{"href":"https:\/\/kindart.is\/en\/wp-json\/wp\/v2\/media?parent=7822"}],"wp:term":[{"taxonomy":"product_brand","embeddable":true,"href":"https:\/\/kindart.is\/en\/wp-json\/wp\/v2\/product_brand?post=7822"},{"taxonomy":"product_cat","embeddable":true,"href":"https:\/\/kindart.is\/en\/wp-json\/wp\/v2\/product_cat?post=7822"},{"taxonomy":"product_tag","embeddable":true,"href":"https:\/\/kindart.is\/en\/wp-json\/wp\/v2\/product_tag?post=7822"}],"curies":[{"name":"wp","href":"https:\/\/api.w.org\/{rel}","templated":true}]}}