{"id":7828,"date":"2023-07-14T18:13:18","date_gmt":"2023-07-14T18:13:18","guid":{"rendered":"https:\/\/kindart.is\/product\/laeknisfraedi\/"},"modified":"2023-07-14T18:13:18","modified_gmt":"2023-07-14T18:13:18","slug":"laeknisfraedi","status":"publish","type":"product","link":"https:\/\/kindart.is\/en\/vara\/laeknisfraedi\/","title":{"rendered":"L\u00e6knisfr\u00e6\u00f0i"},"content":{"rendered":"<p><strong>L\u00e6knisfr\u00e6\u00f0i<\/strong> \u00ed samantekt Gu\u00f0steins \u00deengilssonar l\u00e6knis: Alfr\u00e6\u00f0i Menningarsj\u00f3\u00f0s. Uppsl\u00e1ttarrit. Fr\u00e6\u00f0slurit fyrir almenning \u00ed litlu formi. B\u00f3kin er bundin \u00ed papp\u00edrsband, saumu\u00f0 og sett \u00ed bindi. St\u00e6r\u00f0: 19.8 X 14.8 cm og 159 bls.<\/p>\n<p><strong>\u00datg\u00e1fa og prentun<\/strong>:<br \/>\n\u00datgefandi: B\u00f3ka\u00fatg\u00e1fa Menningarsj\u00f3\u00f0s og \u00dej\u00f3\u00f0vinaf\u00e9lagsins Reykjav\u00edk 1978. Prentun: Prentsmi\u00f0jan Oddi.<\/p>\n","protected":false},"excerpt":{"rendered":"<p>L\u00e6knisfr\u00e6\u00f0i \u00ed samantekt Gu\u00f0steins \u00deengilssonar l\u00e6knis: Alfr\u00e6\u00f0i Menningarsj\u00f3\u00f0s. Uppsl\u00e1ttarrit. Fr\u00e6\u00f0slurit fyrir almenning \u00ed litlu formi. B\u00f3kin er bundin \u00ed papp\u00edrsband, saumu\u00f0 og sett \u00ed bindi. St\u00e6r\u00f0: 19.8 X 14.8 cm og 159 bls. \u00datg\u00e1fa og prentun: \u00datgefandi: B\u00f3ka\u00fatg\u00e1fa Menningarsj\u00f3\u00f0s og \u00dej\u00f3\u00f0vinaf\u00e9lagsins Reykjav\u00edk 1978. Prentun: Prentsmi\u00f0jan Oddi.<\/p>\n","protected":false},"featured_media":7825,"template":"","meta":{"slim_seo":{"title":"L\u00e6knisfr\u00e6\u00f0i - KindArt","description":"L\u00e6knisfr\u00e6\u00f0i \u00ed samantekt Gu\u00f0steins \u00deengilssonar l\u00e6knis: Alfr\u00e6\u00f0i Menningarsj\u00f3\u00f0s. Uppsl\u00e1ttarrit. Fr\u00e6\u00f0slurit fyrir almenning \u00ed litlu formi. B\u00f3kin er bundin \u00ed papp\u00edr"}},"product_brand":[],"product_cat":[83],"product_tag":[],"class_list":{"0":"post-7828","1":"product","2":"type-product","3":"status-publish","4":"has-post-thumbnail","6":"product_cat-books","7":"product_shipping_class-small-en","9":"first","10":"outofstock","11":"purchasable","12":"product-type-simple"},"_links":{"self":[{"href":"https:\/\/kindart.is\/en\/wp-json\/wp\/v2\/product\/7828","targetHints":{"allow":["GET"]}}],"collection":[{"href":"https:\/\/kindart.is\/en\/wp-json\/wp\/v2\/product"}],"about":[{"href":"https:\/\/kindart.is\/en\/wp-json\/wp\/v2\/types\/product"}],"wp:featuredmedia":[{"embeddable":true,"href":"https:\/\/kindart.is\/en\/wp-json\/wp\/v2\/media\/7825"}],"wp:attachment":[{"href":"https:\/\/kindart.is\/en\/wp-json\/wp\/v2\/media?parent=7828"}],"wp:term":[{"taxonomy":"product_brand","embeddable":true,"href":"https:\/\/kindart.is\/en\/wp-json\/wp\/v2\/product_brand?post=7828"},{"taxonomy":"product_cat","embeddable":true,"href":"https:\/\/kindart.is\/en\/wp-json\/wp\/v2\/product_cat?post=7828"},{"taxonomy":"product_tag","embeddable":true,"href":"https:\/\/kindart.is\/en\/wp-json\/wp\/v2\/product_tag?post=7828"}],"curies":[{"name":"wp","href":"https:\/\/api.w.org\/{rel}","templated":true}]}}