{"id":7842,"date":"2023-07-14T18:23:44","date_gmt":"2023-07-14T18:23:44","guid":{"rendered":"https:\/\/kindart.is\/product\/sed-og-lifad\/"},"modified":"2023-07-14T18:23:44","modified_gmt":"2023-07-14T18:23:44","slug":"sed-og-lifad","status":"publish","type":"product","link":"https:\/\/kindart.is\/en\/vara\/sed-og-lifad\/","title":{"rendered":"S\u00e9\u00f0 og lifa\u00f0"},"content":{"rendered":"<p><strong>S\u00e9\u00f0 og lifa\u00f0<\/strong>. Endurminningar Indri\u00f0a Einarssonar. T\u00f3mas Gu\u00f0mundsson bj\u00f3 til prentunar. H\u00e9r er mikil sagnfr\u00e6\u00f0i \u00e1 fer\u00f0 alveg fr\u00e1 mi\u00f0ri 19. \u00f6ld og fram \u00e1 \u00fe\u00e1 20. Fr\u00e1s\u00f6gnin er \u00f6ll vel fram sett og g\u00f3\u00f0ar l\u00fdsingar af \u00fdmsum atbur\u00f0um eins og K\u00f6tlugosinu 1918 og \u00fdmsar \u00feekktar pers\u00f3nur koma vi\u00f0 s\u00f6gu. Konr\u00e1\u00f0 G\u00edslason, J\u00f3n Sigur\u00f0sson, G\u00edsli Brynj\u00falfsson o.fl. B\u00f3kin er bundin \u00ed forlagsband, svart alband, gyllt \u00e1 kj\u00f6l \u00ed gr\u00e6nan feld. St\u00e6r\u00f0: 23.7 X 18.6 cm og 340 bls.<\/p>\n<p><strong>\u00datg\u00e1fa og prentun<\/strong>:<br \/>\n\u00datgefandi: Almenna b\u00f3kaf\u00e9lagi\u00f0 1972, Reykjav\u00edk. Prentun: Prentsmi\u00f0jan Edda.<\/p>\n","protected":false},"excerpt":{"rendered":"<p>S\u00e9\u00f0 og lifa\u00f0. Endurminningar Indri\u00f0a Einarssonar. T\u00f3mas Gu\u00f0mundsson bj\u00f3 til prentunar. H\u00e9r er mikil sagnfr\u00e6\u00f0i \u00e1 fer\u00f0 alveg fr\u00e1 mi\u00f0ri 19. \u00f6ld og fram \u00e1 \u00fe\u00e1 20. Fr\u00e1s\u00f6gnin er \u00f6ll vel fram sett og g\u00f3\u00f0ar l\u00fdsingar af \u00fdmsum atbur\u00f0um eins og K\u00f6tlugosinu 1918 og \u00fdmsar \u00feekktar pers\u00f3nur koma vi\u00f0 s\u00f6gu. Konr\u00e1\u00f0 G\u00edslason, J\u00f3n Sigur\u00f0sson, G\u00edsli [&hellip;]<\/p>\n","protected":false},"featured_media":7837,"template":"","meta":{"slim_seo":{"title":"S\u00e9\u00f0 og lifa\u00f0 - KindArt","description":"S\u00e9\u00f0 og lifa\u00f0 . Endurminningar Indri\u00f0a Einarssonar. T\u00f3mas Gu\u00f0mundsson bj\u00f3 til prentunar. H\u00e9r er mikil sagnfr\u00e6\u00f0i \u00e1 fer\u00f0 alveg fr\u00e1 mi\u00f0ri 19. \u00f6ld og fram \u00e1 \u00fe\u00e1 20. F"}},"product_brand":[],"product_cat":[83],"product_tag":[],"class_list":{"0":"post-7842","1":"product","2":"type-product","3":"status-publish","4":"has-post-thumbnail","6":"product_cat-books","7":"product_shipping_class-small-en","9":"first","10":"outofstock","11":"purchasable","12":"product-type-simple"},"_links":{"self":[{"href":"https:\/\/kindart.is\/en\/wp-json\/wp\/v2\/product\/7842","targetHints":{"allow":["GET"]}}],"collection":[{"href":"https:\/\/kindart.is\/en\/wp-json\/wp\/v2\/product"}],"about":[{"href":"https:\/\/kindart.is\/en\/wp-json\/wp\/v2\/types\/product"}],"wp:featuredmedia":[{"embeddable":true,"href":"https:\/\/kindart.is\/en\/wp-json\/wp\/v2\/media\/7837"}],"wp:attachment":[{"href":"https:\/\/kindart.is\/en\/wp-json\/wp\/v2\/media?parent=7842"}],"wp:term":[{"taxonomy":"product_brand","embeddable":true,"href":"https:\/\/kindart.is\/en\/wp-json\/wp\/v2\/product_brand?post=7842"},{"taxonomy":"product_cat","embeddable":true,"href":"https:\/\/kindart.is\/en\/wp-json\/wp\/v2\/product_cat?post=7842"},{"taxonomy":"product_tag","embeddable":true,"href":"https:\/\/kindart.is\/en\/wp-json\/wp\/v2\/product_tag?post=7842"}],"curies":[{"name":"wp","href":"https:\/\/api.w.org\/{rel}","templated":true}]}}