{"id":7849,"date":"2023-07-14T18:28:56","date_gmt":"2023-07-14T18:28:56","guid":{"rendered":"https:\/\/kindart.is\/product\/sjoraeningjakonan-fu\/"},"modified":"2023-07-14T18:30:24","modified_gmt":"2023-07-14T18:30:24","slug":"sjoraeningjakonan-fu","status":"publish","type":"product","link":"https:\/\/kindart.is\/en\/vara\/sjoraeningjakonan-fu\/","title":{"rendered":"Sj\u00f3r\u00e6ningjakonan Fu"},"content":{"rendered":"<p><strong>Sj\u00f3r\u00e6ningjakonan Fu<\/strong> eftir Robert H. Sperling, J\u00f3nas St. L\u00fa\u00f0v\u00edksson \u00edslenska\u00f0i. K\u00ednverskur reyfari um sj\u00f3r\u00e6ningja \u00ed As\u00edu. B\u00f3kin er bundin \u00ed forlagsband: gr\u00e6nan shirting, alband, nafn b\u00f3kar og h\u00f6fundar gyllt \u00e1 kj\u00f6l, auk sl\u00f6ngu, sem er gyllt og rau\u00f0. St\u00e6r\u00f0: 21.8 X 13.8 cm og 292 bls.<\/p>\n<p><strong>\u00datg\u00e1fa og prentun<\/strong>:<br \/>\n\u00datgefandi: St\u00f3rholtsprent hf. 1959 Reykjav\u00edk. Prentun: St\u00f3rholtsprent.<\/p>\n","protected":false},"excerpt":{"rendered":"<p>Sj\u00f3r\u00e6ningjakonan Fu eftir Robert H. Sperling, J\u00f3nas St. L\u00fa\u00f0v\u00edksson \u00edslenska\u00f0i. K\u00ednverskur reyfari um sj\u00f3r\u00e6ningja \u00ed As\u00edu. B\u00f3kin er bundin \u00ed forlagsband: gr\u00e6nan shirting, alband, nafn b\u00f3kar og h\u00f6fundar gyllt \u00e1 kj\u00f6l, auk sl\u00f6ngu, sem er gyllt og rau\u00f0. St\u00e6r\u00f0: 21.8 X 13.8 cm og 292 bls. \u00datg\u00e1fa og prentun: \u00datgefandi: St\u00f3rholtsprent hf. 1959 Reykjav\u00edk. Prentun: [&hellip;]<\/p>\n","protected":false},"featured_media":7846,"template":"","meta":{"slim_seo":{"title":"Sj\u00f3r\u00e6ningjakonan Fu - KindArt","description":"Sj\u00f3r\u00e6ningjakonan Fu eftir Robert H. Sperling, J\u00f3nas St. L\u00fa\u00f0v\u00edksson \u00edslenska\u00f0i. K\u00ednverskur reyfari um sj\u00f3r\u00e6ningja \u00ed As\u00edu. B\u00f3kin er bundin \u00ed forlagsband: gr\u00e6nan s"}},"product_brand":[],"product_cat":[83],"product_tag":[],"class_list":{"0":"post-7849","1":"product","2":"type-product","3":"status-publish","4":"has-post-thumbnail","6":"product_cat-books","7":"product_shipping_class-small-en","9":"first","10":"instock","11":"purchasable","12":"product-type-simple"},"_links":{"self":[{"href":"https:\/\/kindart.is\/en\/wp-json\/wp\/v2\/product\/7849","targetHints":{"allow":["GET"]}}],"collection":[{"href":"https:\/\/kindart.is\/en\/wp-json\/wp\/v2\/product"}],"about":[{"href":"https:\/\/kindart.is\/en\/wp-json\/wp\/v2\/types\/product"}],"wp:featuredmedia":[{"embeddable":true,"href":"https:\/\/kindart.is\/en\/wp-json\/wp\/v2\/media\/7846"}],"wp:attachment":[{"href":"https:\/\/kindart.is\/en\/wp-json\/wp\/v2\/media?parent=7849"}],"wp:term":[{"taxonomy":"product_brand","embeddable":true,"href":"https:\/\/kindart.is\/en\/wp-json\/wp\/v2\/product_brand?post=7849"},{"taxonomy":"product_cat","embeddable":true,"href":"https:\/\/kindart.is\/en\/wp-json\/wp\/v2\/product_cat?post=7849"},{"taxonomy":"product_tag","embeddable":true,"href":"https:\/\/kindart.is\/en\/wp-json\/wp\/v2\/product_tag?post=7849"}],"curies":[{"name":"wp","href":"https:\/\/api.w.org\/{rel}","templated":true}]}}