{"id":7855,"date":"2023-07-15T15:45:27","date_gmt":"2023-07-15T15:45:27","guid":{"rendered":"https:\/\/kindart.is\/product\/islenzk-ordabok\/"},"modified":"2023-10-16T18:01:03","modified_gmt":"2023-10-16T18:01:03","slug":"islenzk-ordabok","status":"publish","type":"product","link":"https:\/\/kindart.is\/en\/vara\/islenzk-ordabok\/","title":{"rendered":"\u00cdslenzk or\u00f0ab\u00f3k"},"content":{"rendered":"<p><strong>\u00cdslenzk or\u00f0ab\u00f3k<\/strong> handa sk\u00f3lum og almenningi. Ritstj\u00f3ri: \u00c1rni Bj\u00f6rnsson. \u00cd b\u00f3kinni munu vera um 65 \u00fe\u00fasund feitletru\u00f0 uppflettior\u00f0. H\u00fan er prentu\u00f0 \u00e1 70 gr. danskan bifl\u00edupapp\u00edr fr\u00e1 H. Christenen &amp; S\u00f8n \u00ed Kaupmannah\u00f6fn. B\u00f3kin er bundin \u00ed gerviefni\u00f0 Buckram, sem miki\u00f0 var nota\u00f0 til b\u00f3kbands \u00e1 seinni helmingi 20. aldar.<\/p>\n<p><strong>\u00datg\u00e1fa og prentun<\/strong>:<br \/>\n\u00datgefandi: B\u00f3ka\u00fatg\u00e1fa Menningarsj\u00f3\u00f0s Reykjav\u00edk 1963. Fyrsta \u00fatg\u00e1fa. Prentun: Prentsmi\u00f0jan Oddi.<\/p>\n","protected":false},"excerpt":{"rendered":"<p>\u00cdslenzk or\u00f0ab\u00f3k handa sk\u00f3lum og almenningi. Ritstj\u00f3ri: \u00c1rni Bj\u00f6rnsson. \u00cd b\u00f3kinni munu vera um 65 \u00fe\u00fasund feitletru\u00f0 uppflettior\u00f0. H\u00fan er prentu\u00f0 \u00e1 70 gr. danskan bifl\u00edupapp\u00edr fr\u00e1 H. Christenen &amp; S\u00f8n \u00ed Kaupmannah\u00f6fn. B\u00f3kin er bundin \u00ed gerviefni\u00f0 Buckram, sem miki\u00f0 var nota\u00f0 til b\u00f3kbands \u00e1 seinni helmingi 20. aldar. \u00datg\u00e1fa og prentun: \u00datgefandi: B\u00f3ka\u00fatg\u00e1fa [&hellip;]<\/p>\n","protected":false},"featured_media":7852,"template":"","meta":{"slim_seo":{"title":"\u00cdslenzk or\u00f0ab\u00f3k - KindArt","description":"\u00cdslenzk or\u00f0ab\u00f3k handa sk\u00f3lum og almenningi. Ritstj\u00f3ri: \u00c1rni Bj\u00f6rnsson. \u00cd b\u00f3kinni munu vera um 65 \u00fe\u00fasund feitletru\u00f0 uppflettior\u00f0. H\u00fan er prentu\u00f0 \u00e1 70 gr. danskan"}},"product_brand":[],"product_cat":[83],"product_tag":[],"class_list":{"0":"post-7855","1":"product","2":"type-product","3":"status-publish","4":"has-post-thumbnail","6":"product_cat-books","7":"product_shipping_class-small-en","9":"first","10":"outofstock","11":"purchasable","12":"product-type-simple"},"_links":{"self":[{"href":"https:\/\/kindart.is\/en\/wp-json\/wp\/v2\/product\/7855","targetHints":{"allow":["GET"]}}],"collection":[{"href":"https:\/\/kindart.is\/en\/wp-json\/wp\/v2\/product"}],"about":[{"href":"https:\/\/kindart.is\/en\/wp-json\/wp\/v2\/types\/product"}],"wp:featuredmedia":[{"embeddable":true,"href":"https:\/\/kindart.is\/en\/wp-json\/wp\/v2\/media\/7852"}],"wp:attachment":[{"href":"https:\/\/kindart.is\/en\/wp-json\/wp\/v2\/media?parent=7855"}],"wp:term":[{"taxonomy":"product_brand","embeddable":true,"href":"https:\/\/kindart.is\/en\/wp-json\/wp\/v2\/product_brand?post=7855"},{"taxonomy":"product_cat","embeddable":true,"href":"https:\/\/kindart.is\/en\/wp-json\/wp\/v2\/product_cat?post=7855"},{"taxonomy":"product_tag","embeddable":true,"href":"https:\/\/kindart.is\/en\/wp-json\/wp\/v2\/product_tag?post=7855"}],"curies":[{"name":"wp","href":"https:\/\/api.w.org\/{rel}","templated":true}]}}