{"id":7861,"date":"2023-07-15T15:51:50","date_gmt":"2023-07-15T15:51:50","guid":{"rendered":"https:\/\/kindart.is\/product\/nyja-tilvitnunarbokin\/"},"modified":"2023-07-15T15:51:50","modified_gmt":"2023-07-15T15:51:50","slug":"nyja-tilvitnunarbokin","status":"publish","type":"product","link":"https:\/\/kindart.is\/en\/vara\/nyja-tilvitnunarbokin\/","title":{"rendered":"N\u00fdja tilvitnunarb\u00f3kin"},"content":{"rendered":"<p><strong>N\u00fdja tilvitnunarb\u00f3kin<\/strong> eftir Kolbr\u00fanu Berg\u00fe\u00f3rsd\u00f3ttur. \u00cd \u00feessari b\u00f3k er a\u00f0 finna \u00e1 fimmta \u00fe\u00fasund tilvitnanir. \u00deeim er ra\u00f0a\u00f0 \u00ed efnisflokka og er skr\u00e1 yfir \u00fe\u00e1 \u00ed b\u00f3karlok.<br \/>\nB\u00f3kin er bundin \u00ed gr\u00e6nt gerviefni, alband. St\u00e6r\u00f0: 23.6 X 15.6 cm og 389 bls.<\/p>\n<p><strong>\u00datg\u00e1fa og prentun<\/strong>:<br \/>\n\u00datgefandi: Ver\u00f6ld, Reykjav\u00edk 2010, Prentun: Prentsmi\u00f0jan Oddi.<\/p>\n","protected":false},"excerpt":{"rendered":"<p>N\u00fdja tilvitnunarb\u00f3kin eftir Kolbr\u00fanu Berg\u00fe\u00f3rsd\u00f3ttur. \u00cd \u00feessari b\u00f3k er a\u00f0 finna \u00e1 fimmta \u00fe\u00fasund tilvitnanir. \u00deeim er ra\u00f0a\u00f0 \u00ed efnisflokka og er skr\u00e1 yfir \u00fe\u00e1 \u00ed b\u00f3karlok. B\u00f3kin er bundin \u00ed gr\u00e6nt gerviefni, alband. St\u00e6r\u00f0: 23.6 X 15.6 cm og 389 bls. \u00datg\u00e1fa og prentun: \u00datgefandi: Ver\u00f6ld, Reykjav\u00edk 2010, Prentun: Prentsmi\u00f0jan Oddi.<\/p>\n","protected":false},"featured_media":7858,"template":"","meta":{"slim_seo":{"title":"N\u00fdja tilvitnunarb\u00f3kin - KindArt","description":"N\u00fdja tilvitnunarb\u00f3kin eftir Kolbr\u00fanu Berg\u00fe\u00f3rsd\u00f3ttur. \u00cd \u00feessari b\u00f3k er a\u00f0 finna \u00e1 fimmta \u00fe\u00fasund tilvitnanir. \u00deeim er ra\u00f0a\u00f0 \u00ed efnisflokka og er skr\u00e1 yfir \u00fe\u00e1 \u00ed b\u00f3k"}},"product_brand":[],"product_cat":[83],"product_tag":[],"class_list":{"0":"post-7861","1":"product","2":"type-product","3":"status-publish","4":"has-post-thumbnail","6":"product_cat-books","7":"product_shipping_class-small-en","9":"first","10":"instock","11":"purchasable","12":"product-type-simple"},"_links":{"self":[{"href":"https:\/\/kindart.is\/en\/wp-json\/wp\/v2\/product\/7861","targetHints":{"allow":["GET"]}}],"collection":[{"href":"https:\/\/kindart.is\/en\/wp-json\/wp\/v2\/product"}],"about":[{"href":"https:\/\/kindart.is\/en\/wp-json\/wp\/v2\/types\/product"}],"wp:featuredmedia":[{"embeddable":true,"href":"https:\/\/kindart.is\/en\/wp-json\/wp\/v2\/media\/7858"}],"wp:attachment":[{"href":"https:\/\/kindart.is\/en\/wp-json\/wp\/v2\/media?parent=7861"}],"wp:term":[{"taxonomy":"product_brand","embeddable":true,"href":"https:\/\/kindart.is\/en\/wp-json\/wp\/v2\/product_brand?post=7861"},{"taxonomy":"product_cat","embeddable":true,"href":"https:\/\/kindart.is\/en\/wp-json\/wp\/v2\/product_cat?post=7861"},{"taxonomy":"product_tag","embeddable":true,"href":"https:\/\/kindart.is\/en\/wp-json\/wp\/v2\/product_tag?post=7861"}],"curies":[{"name":"wp","href":"https:\/\/api.w.org\/{rel}","templated":true}]}}