{"id":7867,"date":"2023-07-15T15:55:43","date_gmt":"2023-07-15T15:55:43","guid":{"rendered":"https:\/\/kindart.is\/product\/granda-cafe\/"},"modified":"2023-07-15T15:55:43","modified_gmt":"2023-07-15T15:55:43","slug":"granda-cafe","status":"publish","type":"product","link":"https:\/\/kindart.is\/en\/vara\/granda-cafe\/","title":{"rendered":"Granda Caf\u00e9"},"content":{"rendered":"<p><strong>Granda Caf\u00e9<\/strong>. \u00c6vint\u00fdri \u00far Vesturh\u00f6fninni eftir Baldur Gunnarsson. B\u00f3kin er \u00ed forlagsbandi, bundin \u00ed svart gerviefni, alband. Gyllt \u00e1 kj\u00f6l. St\u00e6r\u00f0: 23.7 X 15.7 cm og 218 bls.<\/p>\n<p><strong>\u00datg\u00e1fa og prentun<\/strong>:<br \/>\nFj\u00f6lva\u00fatg\u00e1fan Reykjav\u00edk 1992. Prentun: G.Ben. prentstofa<\/p>\n","protected":false},"excerpt":{"rendered":"<p>Granda Caf\u00e9. \u00c6vint\u00fdri \u00far Vesturh\u00f6fninni eftir Baldur Gunnarsson. B\u00f3kin er \u00ed forlagsbandi, bundin \u00ed svart gerviefni, alband. Gyllt \u00e1 kj\u00f6l. St\u00e6r\u00f0: 23.7 X 15.7 cm og 218 bls. \u00datg\u00e1fa og prentun: Fj\u00f6lva\u00fatg\u00e1fan Reykjav\u00edk 1992. Prentun: G.Ben. prentstofa<\/p>\n","protected":false},"featured_media":7864,"template":"","meta":{"slim_seo":{"title":"Granda Caf\u00e9 - KindArt","description":"Granda Caf\u00e9 . \u00c6vint\u00fdri \u00far Vesturh\u00f6fninni eftir Baldur Gunnarsson. B\u00f3kin er \u00ed forlagsbandi, bundin \u00ed svart gerviefni, alband. Gyllt \u00e1 kj\u00f6l. St\u00e6r\u00f0: 23.7 X 15.7 cm"}},"product_brand":[],"product_cat":[83],"product_tag":[],"class_list":{"0":"post-7867","1":"product","2":"type-product","3":"status-publish","4":"has-post-thumbnail","6":"product_cat-books","7":"product_shipping_class-small-en","9":"first","10":"instock","11":"purchasable","12":"product-type-simple"},"_links":{"self":[{"href":"https:\/\/kindart.is\/en\/wp-json\/wp\/v2\/product\/7867","targetHints":{"allow":["GET"]}}],"collection":[{"href":"https:\/\/kindart.is\/en\/wp-json\/wp\/v2\/product"}],"about":[{"href":"https:\/\/kindart.is\/en\/wp-json\/wp\/v2\/types\/product"}],"wp:featuredmedia":[{"embeddable":true,"href":"https:\/\/kindart.is\/en\/wp-json\/wp\/v2\/media\/7864"}],"wp:attachment":[{"href":"https:\/\/kindart.is\/en\/wp-json\/wp\/v2\/media?parent=7867"}],"wp:term":[{"taxonomy":"product_brand","embeddable":true,"href":"https:\/\/kindart.is\/en\/wp-json\/wp\/v2\/product_brand?post=7867"},{"taxonomy":"product_cat","embeddable":true,"href":"https:\/\/kindart.is\/en\/wp-json\/wp\/v2\/product_cat?post=7867"},{"taxonomy":"product_tag","embeddable":true,"href":"https:\/\/kindart.is\/en\/wp-json\/wp\/v2\/product_tag?post=7867"}],"curies":[{"name":"wp","href":"https:\/\/api.w.org\/{rel}","templated":true}]}}