{"id":7873,"date":"2023-07-15T15:59:29","date_gmt":"2023-07-15T15:59:29","guid":{"rendered":"https:\/\/kindart.is\/product\/folkid-mitt-og-fleiri-dyr\/"},"modified":"2023-07-15T15:59:29","modified_gmt":"2023-07-15T15:59:29","slug":"folkid-mitt-og-fleiri-dyr","status":"publish","type":"product","link":"https:\/\/kindart.is\/en\/vara\/folkid-mitt-og-fleiri-dyr\/","title":{"rendered":"F\u00f3lki\u00f0 mitt og fleiri d\u00fdr"},"content":{"rendered":"<p><strong>F\u00f3lki\u00f0 mitt og fleiri d\u00fdr<\/strong> eftir Gerald Durrell. \u00de\u00fd\u00f0andi: Sigr\u00ed\u00f0ur Thorlacius. B\u00f3kin er bundin \u00ed gr\u00e6nt forlagsband, alband, St\u00e6r\u00f0: 23.5 X 15.7 cm og 228 bls.<\/p>\n<p><strong>\u00datg\u00e1fa og prentun<\/strong>:<br \/>\n\u00datgefandi: Prentsmi\u00f0jan Leiftur, Reykjav\u00edk 1979. Prentun: Prentsmi\u00f0jan Leiftur.<\/p>\n","protected":false},"excerpt":{"rendered":"<p>F\u00f3lki\u00f0 mitt og fleiri d\u00fdr eftir Gerald Durrell. \u00de\u00fd\u00f0andi: Sigr\u00ed\u00f0ur Thorlacius. B\u00f3kin er bundin \u00ed gr\u00e6nt forlagsband, alband, St\u00e6r\u00f0: 23.5 X 15.7 cm og 228 bls. \u00datg\u00e1fa og prentun: \u00datgefandi: Prentsmi\u00f0jan Leiftur, Reykjav\u00edk 1979. Prentun: Prentsmi\u00f0jan Leiftur.<\/p>\n","protected":false},"featured_media":7870,"template":"","meta":{"slim_seo":{"title":"F\u00f3lki\u00f0 mitt og fleiri d\u00fdr - KindArt","description":"F\u00f3lki\u00f0 mitt og fleiri d\u00fdr eftir Gerald Durrell. \u00de\u00fd\u00f0andi: Sigr\u00ed\u00f0ur Thorlacius. B\u00f3kin er bundin \u00ed gr\u00e6nt forlagsband, alband, St\u00e6r\u00f0: 23.5 X 15.7 cm og 228 bls. \u00datg"}},"product_brand":[],"product_cat":[83],"product_tag":[],"class_list":{"0":"post-7873","1":"product","2":"type-product","3":"status-publish","4":"has-post-thumbnail","6":"product_cat-books","7":"product_shipping_class-small-en","9":"first","10":"instock","11":"purchasable","12":"product-type-simple"},"_links":{"self":[{"href":"https:\/\/kindart.is\/en\/wp-json\/wp\/v2\/product\/7873","targetHints":{"allow":["GET"]}}],"collection":[{"href":"https:\/\/kindart.is\/en\/wp-json\/wp\/v2\/product"}],"about":[{"href":"https:\/\/kindart.is\/en\/wp-json\/wp\/v2\/types\/product"}],"wp:featuredmedia":[{"embeddable":true,"href":"https:\/\/kindart.is\/en\/wp-json\/wp\/v2\/media\/7870"}],"wp:attachment":[{"href":"https:\/\/kindart.is\/en\/wp-json\/wp\/v2\/media?parent=7873"}],"wp:term":[{"taxonomy":"product_brand","embeddable":true,"href":"https:\/\/kindart.is\/en\/wp-json\/wp\/v2\/product_brand?post=7873"},{"taxonomy":"product_cat","embeddable":true,"href":"https:\/\/kindart.is\/en\/wp-json\/wp\/v2\/product_cat?post=7873"},{"taxonomy":"product_tag","embeddable":true,"href":"https:\/\/kindart.is\/en\/wp-json\/wp\/v2\/product_tag?post=7873"}],"curies":[{"name":"wp","href":"https:\/\/api.w.org\/{rel}","templated":true}]}}