{"id":7879,"date":"2023-07-15T16:04:57","date_gmt":"2023-07-15T16:04:57","guid":{"rendered":"https:\/\/kindart.is\/product\/predikanir\/"},"modified":"2023-07-15T16:04:57","modified_gmt":"2023-07-15T16:04:57","slug":"predikanir","status":"publish","type":"product","link":"https:\/\/kindart.is\/en\/vara\/predikanir\/","title":{"rendered":"Pr\u00e9dikanir"},"content":{"rendered":"<p><strong>Pr\u00e9dikanir<\/strong>, \u00e6tla\u00f0ar til helgidaga lestra \u00ed heimah\u00fasum eftir Dr. P. Pjetursson. B\u00f3kin er bundin \u00ed privatband, (\u00f3s\u00fdnilegur dj\u00fapfals) svart sl\u00e9tt skinn \u00e1 kj\u00f6l og horn, svartr\u00f3s\u00f3ttur spjaldapapp\u00edr, bl\u00e1 saurbl\u00f6\u00f0. Handgyllt.<\/p>\n<p><strong>\u00datg\u00e1fa og prentun<\/strong>:<br \/>\n\u00datgefandi: Egill J\u00f3nsson b\u00f3kbindari \u00ed Reykjav\u00edk 1856. 1.\u00fatg\u00e1fa. Prentun: Louis Klein \u00ed Kaupmannah\u00f6fn 1856.<\/p>\n","protected":false},"excerpt":{"rendered":"<p>Pr\u00e9dikanir, \u00e6tla\u00f0ar til helgidaga lestra \u00ed heimah\u00fasum eftir Dr. P. Pjetursson. B\u00f3kin er bundin \u00ed privatband, (\u00f3s\u00fdnilegur dj\u00fapfals) svart sl\u00e9tt skinn \u00e1 kj\u00f6l og horn, svartr\u00f3s\u00f3ttur spjaldapapp\u00edr, bl\u00e1 saurbl\u00f6\u00f0. Handgyllt. \u00datg\u00e1fa og prentun: \u00datgefandi: Egill J\u00f3nsson b\u00f3kbindari \u00ed Reykjav\u00edk 1856. 1.\u00fatg\u00e1fa. Prentun: Louis Klein \u00ed Kaupmannah\u00f6fn 1856.<\/p>\n","protected":false},"featured_media":7876,"template":"","meta":{"slim_seo":{"title":"Pr\u00e9dikanir - KindArt","description":"Pr\u00e9dikanir , \u00e6tla\u00f0ar til helgidaga lestra \u00ed heimah\u00fasum eftir Dr. P. Pjetursson. B\u00f3kin er bundin \u00ed privatband, (\u00f3s\u00fdnilegur dj\u00fapfals) svart sl\u00e9tt skinn \u00e1 kj\u00f6l og"}},"product_brand":[],"product_cat":[83],"product_tag":[],"class_list":{"0":"post-7879","1":"product","2":"type-product","3":"status-publish","4":"has-post-thumbnail","6":"product_cat-books","7":"product_shipping_class-small-en","9":"first","10":"instock","11":"purchasable","12":"product-type-simple"},"_links":{"self":[{"href":"https:\/\/kindart.is\/en\/wp-json\/wp\/v2\/product\/7879","targetHints":{"allow":["GET"]}}],"collection":[{"href":"https:\/\/kindart.is\/en\/wp-json\/wp\/v2\/product"}],"about":[{"href":"https:\/\/kindart.is\/en\/wp-json\/wp\/v2\/types\/product"}],"wp:featuredmedia":[{"embeddable":true,"href":"https:\/\/kindart.is\/en\/wp-json\/wp\/v2\/media\/7876"}],"wp:attachment":[{"href":"https:\/\/kindart.is\/en\/wp-json\/wp\/v2\/media?parent=7879"}],"wp:term":[{"taxonomy":"product_brand","embeddable":true,"href":"https:\/\/kindart.is\/en\/wp-json\/wp\/v2\/product_brand?post=7879"},{"taxonomy":"product_cat","embeddable":true,"href":"https:\/\/kindart.is\/en\/wp-json\/wp\/v2\/product_cat?post=7879"},{"taxonomy":"product_tag","embeddable":true,"href":"https:\/\/kindart.is\/en\/wp-json\/wp\/v2\/product_tag?post=7879"}],"curies":[{"name":"wp","href":"https:\/\/api.w.org\/{rel}","templated":true}]}}