{"id":7884,"date":"2023-07-24T07:45:26","date_gmt":"2023-07-24T07:45:26","guid":{"rendered":"https:\/\/kindart.is\/product\/allt-i-graenum-sjo\/"},"modified":"2023-07-24T07:45:26","modified_gmt":"2023-07-24T07:45:26","slug":"allt-i-graenum-sjo","status":"publish","type":"product","link":"https:\/\/kindart.is\/en\/vara\/allt-i-graenum-sjo\/","title":{"rendered":"Allt \u00ed gr\u00e6num sj\u00f3"},"content":{"rendered":"<p><strong>Allt \u00ed gr\u00e6num sj\u00f3<\/strong>, b\u00e6klingur sem inniheldur fyrstu \u00edslensku rev\u00eduna, sem var samin og svi\u00f0sett \u00e1ri\u00f0 1913 \u00ed Reykjav\u00edk. Svi\u00f0setningin olli hneyksli me\u00f0al Reykv\u00edkinga sem ekki \u00e1ttu \u00fev\u00ed a\u00f0 venjast a\u00f0 dregi\u00f0 v\u00e6ri d\u00e1r af kunnum einstaklingum \u00e1 leiksvi\u00f0i. Verki\u00f0 var ritsko\u00f0a\u00f0 fyrir frums\u00fdningu a\u00f0 kr\u00f6fu yfirvalda en a\u00f0 henni lokinni lag\u00f0i b\u00e6jarf\u00f3geti bann vi\u00f0 frekari s\u00fdningum og var\u00f0 s\u00fa \u00e1kv\u00f6r\u00f0un afar umdeild. Vori\u00f0 1913 augl\u00fdsti St\u00fadentaf\u00e9lag Reykjav\u00edkur sj\u00f3nleik \u00ed \u00feremur \u00fe\u00e1ttum sem sag\u00f0ur var eftir \u201ef\u00e6rustu h\u00f6funda landsins\u201c. Um var a\u00f0 r\u00e6\u00f0a fj\u00e1r\u00f6flunars\u00fdningu fyrir h\u00fasbyggingarsj\u00f3\u00f0 f\u00e9lagsins. S\u00ed\u00f0ar \u00e1tti eftir a\u00f0 koma \u00ed lj\u00f3s a\u00f0 h\u00f6fundar \u00feessir voru allir milli tv\u00edtugs og \u00fer\u00edtugs: Andr\u00e9s Bj\u00f6rnsson, Sigur\u00f0ur Sigur\u00f0sson, J\u00f3n B. Norland, Gu\u00f0brandur J\u00f3nsson og Sk\u00fali Thoroddsen yngri. Mun verki\u00f0 hafa veri\u00f0 sami\u00f0 heima hj\u00e1 \u00feeim s\u00ed\u00f0astnefnda \u00ed Vonarstr\u00e6ti 12, \u00e1 heimili foreldra hans Sk\u00fala og Theod\u00f3ru Thoroddsen. *Wikipedia. B\u00e6klingurinn er saumheftur og settur \u00ed k\u00e1pu, 59 bls. og 17.5 X 11.4 cm a\u00f0 st\u00e6r\u00f0.<\/p>\n<p><strong>\u00datg\u00e1fa og prentun<\/strong>:<br \/>\nGamanleikurinn var s\u00ed\u00f0an gefin \u00fat 13 \u00e1rum seinna, 1926 \u00ed Reykjav\u00edk.. \u00datgefanda er ekki geti\u00f0, en hann er prenta\u00f0ur \u00ed Prentsmii\u00f0ju Gu\u00f0j\u00f3ns Gu\u00f0j\u00f3nssonar, sem var gamla Eyrarbakkaprentsmi\u00f0jan sem Gu\u00f0j\u00f3n haf\u00f0i keypt og sett ni\u00f0ur a\u00f0 Lauf\u00e1svegi 15. Prentsmi\u00f0jan haf\u00f0i legi\u00f0 \u00f3notu\u00f0 \u00ed nokkur \u00e1r.<\/p>\n<p>F\u00e1g\u00e6ti.<\/p>\n","protected":false},"excerpt":{"rendered":"<p>Allt \u00ed gr\u00e6num sj\u00f3, b\u00e6klingur sem inniheldur fyrstu \u00edslensku rev\u00eduna, sem var samin og svi\u00f0sett \u00e1ri\u00f0 1913 \u00ed Reykjav\u00edk. Svi\u00f0setningin olli hneyksli me\u00f0al Reykv\u00edkinga sem ekki \u00e1ttu \u00fev\u00ed a\u00f0 venjast a\u00f0 dregi\u00f0 v\u00e6ri d\u00e1r af kunnum einstaklingum \u00e1 leiksvi\u00f0i. Verki\u00f0 var ritsko\u00f0a\u00f0 fyrir frums\u00fdningu a\u00f0 kr\u00f6fu yfirvalda en a\u00f0 henni lokinni lag\u00f0i b\u00e6jarf\u00f3geti bann vi\u00f0 [&hellip;]<\/p>\n","protected":false},"featured_media":7883,"template":"","meta":{"slim_seo":{"title":"Allt \u00ed gr\u00e6num sj\u00f3 - KindArt","description":"Allt \u00ed gr\u00e6num sj\u00f3 , b\u00e6klingur sem inniheldur fyrstu \u00edslensku rev\u00eduna, sem var samin og svi\u00f0sett \u00e1ri\u00f0 1913 \u00ed Reykjav\u00edk. Svi\u00f0setningin olli hneyksli me\u00f0al Reykv\u00edk"}},"product_brand":[],"product_cat":[83],"product_tag":[],"class_list":{"0":"post-7884","1":"product","2":"type-product","3":"status-publish","4":"has-post-thumbnail","6":"product_cat-books","7":"product_shipping_class-small-en","9":"first","10":"instock","11":"purchasable","12":"product-type-simple"},"_links":{"self":[{"href":"https:\/\/kindart.is\/en\/wp-json\/wp\/v2\/product\/7884","targetHints":{"allow":["GET"]}}],"collection":[{"href":"https:\/\/kindart.is\/en\/wp-json\/wp\/v2\/product"}],"about":[{"href":"https:\/\/kindart.is\/en\/wp-json\/wp\/v2\/types\/product"}],"wp:featuredmedia":[{"embeddable":true,"href":"https:\/\/kindart.is\/en\/wp-json\/wp\/v2\/media\/7883"}],"wp:attachment":[{"href":"https:\/\/kindart.is\/en\/wp-json\/wp\/v2\/media?parent=7884"}],"wp:term":[{"taxonomy":"product_brand","embeddable":true,"href":"https:\/\/kindart.is\/en\/wp-json\/wp\/v2\/product_brand?post=7884"},{"taxonomy":"product_cat","embeddable":true,"href":"https:\/\/kindart.is\/en\/wp-json\/wp\/v2\/product_cat?post=7884"},{"taxonomy":"product_tag","embeddable":true,"href":"https:\/\/kindart.is\/en\/wp-json\/wp\/v2\/product_tag?post=7884"}],"curies":[{"name":"wp","href":"https:\/\/api.w.org\/{rel}","templated":true}]}}