{"id":7890,"date":"2023-07-24T07:53:47","date_gmt":"2023-07-24T07:53:47","guid":{"rendered":"https:\/\/kindart.is\/product\/modir-teresa-i-kalkutta\/"},"modified":"2023-07-24T07:53:47","modified_gmt":"2023-07-24T07:53:47","slug":"modir-teresa-i-kalkutta","status":"publish","type":"product","link":"https:\/\/kindart.is\/en\/vara\/modir-teresa-i-kalkutta\/","title":{"rendered":"M\u00f3\u00f0ir Teresa \u00ed Kalk\u00fatta"},"content":{"rendered":"<p><strong>M\u00f3\u00f0ir Teresa \u00ed Kalk\u00fatta<\/strong>. \u00datdr\u00e1ttur \u00far b\u00f3k Malcolms Muggeridge, ger\u00f0ur af Torfa \u00d3lafssyni. Bo\u0301kin fjallar um mo\u0301\u00f0ur Teresu i\u0301 Kalku\u0301tta, stofnanda reglu \u00feeirrar, sem nefnir sig K\u00e6rleikstru\u0301bo\u00f0ana. Mo\u0301\u00f0ir Teresa f\u00e6ddist i\u0301 Skopje i\u0301 Otto\u0301manska heimsveldinu (nu\u0301 ho\u0308fu\u00f0borg Makedo\u0301ni\u0301u) a\u0301ri\u00f0 1910 og voru foreldrar hennar af albo\u0308nskum \u00e6ttum. Hu\u0301n gekk i\u0301 Loreto-regluna 18 a\u0301ra go\u0308mul, fe\u0301kk lausn fra\u0301 heitum si\u0301num i\u0301 \u00feeirri reglu eftir tuttugu a\u0301r og stofna\u00f0i si\u0301\u00f0an reglu K\u00e6rleikstru\u0301bo\u00f0anna 1950. B\u00f3kin er v\u00edrheftur b\u00e6klingur \u00ed hv\u00edtri kartonk\u00e1pu me\u00f0 mynd af Teresu framan\u00e1. St\u00e6r\u00f0: 20.5 X 13.8 cm og 36 bls. &#8211;<br \/>\nNunnan sem helst sto\u0301\u00f0 fyrir \u00fevi\u0301 a\u00f0 koma upp prentsmi\u00f0ju i\u0301 Stykkisho\u0301lmi he\u0301t Rene\u0301e og var fra\u0301 Belgi\u0301u. Hu\u0301n var af gamalli prentara\u00e6tt og \u00feekkti \u00fevi\u0301 vel til i\u0301 faginu og haf\u00f0i unni\u00f0 vi\u00f0 \u00fea\u00f0 i\u0301 heimahu\u0301sum. Ve\u0301larnar sem \u00fe\u00e6r notu\u00f0u voru me\u00f0alsto\u0301r Heidelbergpressa og Intertype-setningarve\u0301l, en auk \u00feess ho\u0308f\u00f0u \u00fe\u00e6r minni prentve\u0301l, skur\u00f0arhni\u0301f, saumave\u0301l og fleira.<\/p>\n<p><strong>\u00datg\u00e1fa og prentun<\/strong>:<br \/>\n\u00datgefandi: Ka\u00fe\u00f3lska kirkjan \u00e1 \u00cdslandi 1975. Prentun: Prentsmi\u00f0ja St, Fransiskusystra Stykkish\u00f3lmi.<\/p>\n","protected":false},"excerpt":{"rendered":"<p>M\u00f3\u00f0ir Teresa \u00ed Kalk\u00fatta. \u00datdr\u00e1ttur \u00far b\u00f3k Malcolms Muggeridge, ger\u00f0ur af Torfa \u00d3lafssyni. Bo\u0301kin fjallar um mo\u0301\u00f0ur Teresu i\u0301 Kalku\u0301tta, stofnanda reglu \u00feeirrar, sem nefnir sig K\u00e6rleikstru\u0301bo\u00f0ana. Mo\u0301\u00f0ir Teresa f\u00e6ddist i\u0301 Skopje i\u0301 Otto\u0301manska heimsveldinu (nu\u0301 ho\u0308fu\u00f0borg Makedo\u0301ni\u0301u) a\u0301ri\u00f0 1910 og voru foreldrar hennar af albo\u0308nskum \u00e6ttum. Hu\u0301n gekk i\u0301 Loreto-regluna 18 a\u0301ra go\u0308mul, fe\u0301kk [&hellip;]<\/p>\n","protected":false},"featured_media":7887,"template":"","meta":{"slim_seo":{"title":"M\u00f3\u00f0ir Teresa \u00ed Kalk\u00fatta - KindArt","description":"M\u00f3\u00f0ir Teresa \u00ed Kalk\u00fatta . \u00datdr\u00e1ttur \u00far b\u00f3k Malcolms Muggeridge, ger\u00f0ur af Torfa \u00d3lafssyni. Bo\u0301kin fjallar um mo\u0301\u00f0ur Teresu i\u0301 Kalku\u0301tta, stofnanda reglu \u00feeirrar"}},"product_brand":[],"product_cat":[83],"product_tag":[],"class_list":{"0":"post-7890","1":"product","2":"type-product","3":"status-publish","4":"has-post-thumbnail","6":"product_cat-books","7":"product_shipping_class-small-en","9":"first","10":"instock","11":"purchasable","12":"product-type-simple"},"_links":{"self":[{"href":"https:\/\/kindart.is\/en\/wp-json\/wp\/v2\/product\/7890","targetHints":{"allow":["GET"]}}],"collection":[{"href":"https:\/\/kindart.is\/en\/wp-json\/wp\/v2\/product"}],"about":[{"href":"https:\/\/kindart.is\/en\/wp-json\/wp\/v2\/types\/product"}],"wp:featuredmedia":[{"embeddable":true,"href":"https:\/\/kindart.is\/en\/wp-json\/wp\/v2\/media\/7887"}],"wp:attachment":[{"href":"https:\/\/kindart.is\/en\/wp-json\/wp\/v2\/media?parent=7890"}],"wp:term":[{"taxonomy":"product_brand","embeddable":true,"href":"https:\/\/kindart.is\/en\/wp-json\/wp\/v2\/product_brand?post=7890"},{"taxonomy":"product_cat","embeddable":true,"href":"https:\/\/kindart.is\/en\/wp-json\/wp\/v2\/product_cat?post=7890"},{"taxonomy":"product_tag","embeddable":true,"href":"https:\/\/kindart.is\/en\/wp-json\/wp\/v2\/product_tag?post=7890"}],"curies":[{"name":"wp","href":"https:\/\/api.w.org\/{rel}","templated":true}]}}