{"id":7891,"date":"2023-07-25T13:47:48","date_gmt":"2023-07-25T13:47:48","guid":{"rendered":"https:\/\/kindart.is\/?post_type=product&#038;p=7891"},"modified":"2023-07-25T13:57:37","modified_gmt":"2023-07-25T13:57:37","slug":"lambaeimreid-vii-a-sheepish-steam-train-vii-30x30-cm","status":"publish","type":"product","link":"https:\/\/kindart.is\/en\/vara\/lambaeimreid-vii-a-sheepish-steam-train-vii-30x30-cm\/","title":{"rendered":"Lambaeimrei\u00f0 VII \/ A sheepish steam train VII (30&#215;30 cm)"},"content":{"rendered":"<p>Akr\u00fdl \/ bl\u00f6ndu\u00f0 t\u00e6kni \u00e1 striga, 30&#215;30 cm<\/p>\n<p>Acryl \/ mixed media on canvas, 30&#215;30 cm<\/p>\n<p>(2023)<\/p>\n","protected":false},"excerpt":{"rendered":"<p>Akr\u00fdl \/ bl\u00f6ndu\u00f0 t\u00e6kni \u00e1 striga, 30&#215;30 cm Acryl \/ mixed media on canvas, 30&#215;30 cm (2023)<\/p>\n","protected":false},"featured_media":7896,"template":"","meta":{"slim_seo":{"title":"Lambaeimrei\u00f0 VII \/ A sheepish steam train VII (30x30 cm) - KindArt","description":"Akr\u00fdl \/ bl\u00f6ndu\u00f0 t\u00e6kni \u00e1 striga, 30x30 cm Acryl \/ mixed media on canvas, 30x30 cm (2023)"}},"product_brand":[],"product_cat":[56],"product_tag":[],"class_list":{"0":"post-7891","1":"product","2":"type-product","3":"status-publish","4":"has-post-thumbnail","6":"product_cat-listaverk","7":"product_shipping_class-litill","9":"first","10":"instock","11":"purchasable","12":"product-type-simple"},"_links":{"self":[{"href":"https:\/\/kindart.is\/en\/wp-json\/wp\/v2\/product\/7891","targetHints":{"allow":["GET"]}}],"collection":[{"href":"https:\/\/kindart.is\/en\/wp-json\/wp\/v2\/product"}],"about":[{"href":"https:\/\/kindart.is\/en\/wp-json\/wp\/v2\/types\/product"}],"wp:featuredmedia":[{"embeddable":true,"href":"https:\/\/kindart.is\/en\/wp-json\/wp\/v2\/media\/7896"}],"wp:attachment":[{"href":"https:\/\/kindart.is\/en\/wp-json\/wp\/v2\/media?parent=7891"}],"wp:term":[{"taxonomy":"product_brand","embeddable":true,"href":"https:\/\/kindart.is\/en\/wp-json\/wp\/v2\/product_brand?post=7891"},{"taxonomy":"product_cat","embeddable":true,"href":"https:\/\/kindart.is\/en\/wp-json\/wp\/v2\/product_cat?post=7891"},{"taxonomy":"product_tag","embeddable":true,"href":"https:\/\/kindart.is\/en\/wp-json\/wp\/v2\/product_tag?post=7891"}],"curies":[{"name":"wp","href":"https:\/\/api.w.org\/{rel}","templated":true}]}}