{"id":7899,"date":"2023-07-25T13:54:51","date_gmt":"2023-07-25T13:54:51","guid":{"rendered":"https:\/\/kindart.is\/?post_type=product&#038;p=7899"},"modified":"2023-07-25T13:54:51","modified_gmt":"2023-07-25T13:54:51","slug":"kongaeimreid-a-royal-steam-train-25x30-cm","status":"publish","type":"product","link":"https:\/\/kindart.is\/en\/vara\/kongaeimreid-a-royal-steam-train-25x30-cm\/","title":{"rendered":"K\u00f3ngaeimrei\u00f0 \/ A royal steam train (25&#215;30 cm)"},"content":{"rendered":"<p>Akr\u00fdl \/ bl\u00f6ndu\u00f0 t\u00e6kni \u00e1 striga, 25&#215;30 cm<\/p>\n<p>Acryl \/ mixed media on canvas, 25&#215;30 cm<\/p>\n<p>(2023)<\/p>\n","protected":false},"excerpt":{"rendered":"<p>Akr\u00fdl \/ bl\u00f6ndu\u00f0 t\u00e6kni \u00e1 striga, 25&#215;30 cm Acryl \/ mixed media on canvas, 25&#215;30 cm (2023)<\/p>\n","protected":false},"featured_media":7900,"template":"","meta":{"slim_seo":{"title":"K\u00f3ngaeimrei\u00f0 \/ A royal steam train (25x30 cm) - KindArt","description":"Akr\u00fdl \/ bl\u00f6ndu\u00f0 t\u00e6kni \u00e1 striga, 25x30 cm Acryl \/ mixed media on canvas, 25x30 cm (2023)"}},"product_brand":[],"product_cat":[56],"product_tag":[],"class_list":{"0":"post-7899","1":"product","2":"type-product","3":"status-publish","4":"has-post-thumbnail","6":"product_cat-listaverk","7":"product_shipping_class-litill","9":"first","10":"instock","11":"purchasable","12":"product-type-simple"},"_links":{"self":[{"href":"https:\/\/kindart.is\/en\/wp-json\/wp\/v2\/product\/7899","targetHints":{"allow":["GET"]}}],"collection":[{"href":"https:\/\/kindart.is\/en\/wp-json\/wp\/v2\/product"}],"about":[{"href":"https:\/\/kindart.is\/en\/wp-json\/wp\/v2\/types\/product"}],"wp:featuredmedia":[{"embeddable":true,"href":"https:\/\/kindart.is\/en\/wp-json\/wp\/v2\/media\/7900"}],"wp:attachment":[{"href":"https:\/\/kindart.is\/en\/wp-json\/wp\/v2\/media?parent=7899"}],"wp:term":[{"taxonomy":"product_brand","embeddable":true,"href":"https:\/\/kindart.is\/en\/wp-json\/wp\/v2\/product_brand?post=7899"},{"taxonomy":"product_cat","embeddable":true,"href":"https:\/\/kindart.is\/en\/wp-json\/wp\/v2\/product_cat?post=7899"},{"taxonomy":"product_tag","embeddable":true,"href":"https:\/\/kindart.is\/en\/wp-json\/wp\/v2\/product_tag?post=7899"}],"curies":[{"name":"wp","href":"https:\/\/api.w.org\/{rel}","templated":true}]}}