{"id":7914,"date":"2023-07-27T08:32:57","date_gmt":"2023-07-27T08:32:57","guid":{"rendered":"https:\/\/kindart.is\/product\/rubblan\/"},"modified":"2023-07-27T08:43:29","modified_gmt":"2023-07-27T08:43:29","slug":"rubblan","status":"publish","type":"product","link":"https:\/\/kindart.is\/en\/vara\/rubblan\/","title":{"rendered":"R\u00fabblan"},"content":{"rendered":"<p><strong>R\u00fabblan<\/strong>. Al\u00fe\u00fd\u00f0uM\u00e1nudagsMorgun\u00dej\u00f3\u00f0vilji. Fr\u00e9ttabla\u00f0 sem var gefi\u00f0 \u00fat \u00e1 skipinu Kooperazia \u00e1 lei\u00f0inni Murmansk \u2013 Reykjav\u00edk 1957. Bla\u00f0i\u00f0 var A-4 \u00e1 st\u00e6r\u00f0: 29.7 X 21 cm. 1. Tbl. 16. \u00e1g\u00fast 1957.\u2028 Ritstj\u00f3rn bla\u00f0sins var skipu\u00f0 eftirt\u00f6ldum m\u00f6nnum: Kristinn P\u00e9tursson var \u00e1bm.\u2028 Gu\u00f0mundur Nor\u00f0dahl me\u00f0ritst\u00fdrima\u00f0ur,\u2028 Hreinn Erlendsson \u00f3ve\u00f0ursfr\u00e9ttasn\u00e1pur,\u2028 \u00c1rni Elfar dr\u00e1ttlistarma\u00f0ur og \u2028Sigur\u00f0ur \u201eSailor\u201c Brynj\u00f3lfsson \u00fatsendari.<\/p>\n<p><strong>\u00datg\u00e1fa og prentun<\/strong>:\u2028 \u00cdslendingar um bor\u00f0 \u00ed skipinu Kooperazia \u00e1 lei\u00f0inni Murmansk \u2013 Reykjav\u00edk 16.-21.\u00e1g\u00fast 1957.<\/p>\n","protected":false},"excerpt":{"rendered":"<p>R\u00fabblan. Al\u00fe\u00fd\u00f0uM\u00e1nudagsMorgun\u00dej\u00f3\u00f0vilji. Fr\u00e9ttabla\u00f0 sem var gefi\u00f0 \u00fat \u00e1 skipinu Kooperazia \u00e1 lei\u00f0inni Murmansk \u2013 Reykjav\u00edk 1957. Bla\u00f0i\u00f0 var A-4 \u00e1 st\u00e6r\u00f0: 29.7 X 21 cm. 1. Tbl. 16. \u00e1g\u00fast 1957.\u2028 Ritstj\u00f3rn bla\u00f0sins var skipu\u00f0 eftirt\u00f6ldum m\u00f6nnum: Kristinn P\u00e9tursson var \u00e1bm.\u2028 Gu\u00f0mundur Nor\u00f0dahl me\u00f0ritst\u00fdrima\u00f0ur,\u2028 Hreinn Erlendsson \u00f3ve\u00f0ursfr\u00e9ttasn\u00e1pur,\u2028 \u00c1rni Elfar dr\u00e1ttlistarma\u00f0ur og \u2028Sigur\u00f0ur \u201eSailor\u201c Brynj\u00f3lfsson \u00fatsendari. \u00datg\u00e1fa [&hellip;]<\/p>\n","protected":false},"featured_media":7907,"template":"","meta":{"slim_seo":{"title":"R\u00fabblan - KindArt","description":"R\u00fabblan . Al\u00fe\u00fd\u00f0uM\u00e1nudagsMorgun\u00dej\u00f3\u00f0vilji. Fr\u00e9ttabla\u00f0 sem var gefi\u00f0 \u00fat \u00e1 skipinu Kooperazia \u00e1 lei\u00f0inni Murmansk \u2013 Reykjav\u00edk 1957. Bla\u00f0i\u00f0 var A-4 \u00e1 st\u00e6r\u00f0: 29.7 X 2"}},"product_brand":[],"product_cat":[83],"product_tag":[],"class_list":{"0":"post-7914","1":"product","2":"type-product","3":"status-publish","4":"has-post-thumbnail","6":"product_cat-books","7":"product_shipping_class-small-en","9":"first","10":"instock","11":"purchasable","12":"product-type-simple"},"_links":{"self":[{"href":"https:\/\/kindart.is\/en\/wp-json\/wp\/v2\/product\/7914","targetHints":{"allow":["GET"]}}],"collection":[{"href":"https:\/\/kindart.is\/en\/wp-json\/wp\/v2\/product"}],"about":[{"href":"https:\/\/kindart.is\/en\/wp-json\/wp\/v2\/types\/product"}],"wp:featuredmedia":[{"embeddable":true,"href":"https:\/\/kindart.is\/en\/wp-json\/wp\/v2\/media\/7907"}],"wp:attachment":[{"href":"https:\/\/kindart.is\/en\/wp-json\/wp\/v2\/media?parent=7914"}],"wp:term":[{"taxonomy":"product_brand","embeddable":true,"href":"https:\/\/kindart.is\/en\/wp-json\/wp\/v2\/product_brand?post=7914"},{"taxonomy":"product_cat","embeddable":true,"href":"https:\/\/kindart.is\/en\/wp-json\/wp\/v2\/product_cat?post=7914"},{"taxonomy":"product_tag","embeddable":true,"href":"https:\/\/kindart.is\/en\/wp-json\/wp\/v2\/product_tag?post=7914"}],"curies":[{"name":"wp","href":"https:\/\/api.w.org\/{rel}","templated":true}]}}