{"id":7920,"date":"2023-07-27T08:38:44","date_gmt":"2023-07-27T08:38:44","guid":{"rendered":"https:\/\/kindart.is\/product\/pottlok-gallusar-1-og-gallus-2\/"},"modified":"2024-10-19T16:22:58","modified_gmt":"2024-10-19T16:22:58","slug":"pottlok-gallusar-1-og-gallus-2","status":"publish","type":"product","link":"https:\/\/kindart.is\/en\/vara\/pottlok-gallusar-1-og-gallus-2\/","title":{"rendered":"Pottlok Gallusar 1. Og Gallus 2"},"content":{"rendered":"<p><strong>Pottlok Gallusar 1. Og Gallus 2<\/strong>. &#8211; Gr\u00ednbla\u00f0 Menntask\u00f3lanema \u00ed Reykjav\u00edk kom fyrst \u00fat 1926 og h\u00e9t \u00fe\u00e1 Pottlok Gallusar 1. \u00dea\u00f0 var fj\u00f6lrita\u00f0 \u00ed Fj\u00f6lritunarstofu Pjeturs G. Gu\u00f0mundssonar, \u00cd Gegni segir a\u00f0 Pottlok komi \u00fat 1926-1927. &#8211; \u00c1 bakhli\u00f0 Gallus 2 er teikning sem au\u00f0sj\u00e1anlega \u00e1 a\u00f0 vera Halld\u00f3r Kiljan Laxness. Textinn undir myndinni hlj\u00f3\u00f0ar svo: Hir\u00f0vefari vor &#8211; hinn mikli \u201efr\u00e6b\u00fa\u00f0ingur\u201c fr\u00e1 Kasm\u00edr, sem vjer birtum af mynd, \u201eaf eint\u00f3mum prakkaraskap\u201c. &#8211; Vefarinn mikli fr\u00e1 Kasm\u00edr kom fyrst \u00fat 1927 og er \u00fev\u00ed l\u00edklegt a\u00f0 \u00feetta rit komi l\u00edka \u00fat sama \u00e1r. Bl\u00f6\u00f0in eru 29.1 X 22.3 cm a\u00f0 st\u00e6r\u00f0 og \u00fea\u00f0 fyrra er 4 bls. og \u00fea\u00f0 seinna 6 bls. \u2013 \u00c1 \u00f6ftustu s\u00ed\u00f0u Gallusar 2 stendur a\u00f0 Gallus komi \u00fat eins og \u00fej\u00f3fur \u00e1 n\u00f3ttu, \u00feegar \u00fe\u00f6rf er \u00e1, og spilling t\u00edmans keyrir svo agalega \u00far h\u00f3fi, a\u00f0 hann getur ekki \u00f3galandi upp \u00e1 \u00fea\u00f0 horft. &#8211; \u00c1 sama t\u00edma kom \u00fat Sk\u00f3labla\u00f0 Menntask\u00f3lans \u00ed Reykjav\u00edk sem var sj\u00e1lfseignarstofnun nokkurra nemenda sk\u00f3lans en \u00fea\u00f0 sameina\u00f0ist svo 1925, Sk\u00f3labla\u00f0inu Skinfaxa sem var gefi\u00f0 \u00fat af U.M.F.\u00cd. og kom \u00fat \u00ed tugi \u00e1ra.<\/p>\n<p><strong>\u00datg\u00e1fa og prentun<\/strong>:<br \/>\n\u00datgefandi: \u00d3tilgreindir nemendur \u00ed Menntask\u00f3lanum \u00ed Reykjav\u00edk 1926. Pottlok Gallusar 1 er fj\u00f6lrita\u00f0 \u00ed Fj\u00f6lritunarstofu Pjeturs G. Gu\u00f0mundssonar, T\u00fdsg\u00f6tu 5 Reykjav\u00edk, en Gallus 2 er fj\u00f6lrita\u00f0 \u00ed Fj\u00f6lritunarstofunni \u00d3\u00f0ni \u00e1 Berg\u00fe\u00f3rug\u00f6tu 45.<\/p>\n","protected":false},"excerpt":{"rendered":"<p>Pottlok Gallusar 1. Og Gallus 2. &#8211; Gr\u00ednbla\u00f0 Menntask\u00f3lanema \u00ed Reykjav\u00edk kom fyrst \u00fat 1926 og h\u00e9t \u00fe\u00e1 Pottlok Gallusar 1. \u00dea\u00f0 var fj\u00f6lrita\u00f0 \u00ed Fj\u00f6lritunarstofu Pjeturs G. Gu\u00f0mundssonar, \u00cd Gegni segir a\u00f0 Pottlok komi \u00fat 1926-1927. &#8211; \u00c1 bakhli\u00f0 Gallus 2 er teikning sem au\u00f0sj\u00e1anlega \u00e1 a\u00f0 vera Halld\u00f3r Kiljan Laxness. Textinn undir myndinni [&hellip;]<\/p>\n","protected":false},"featured_media":7917,"template":"","meta":{"slim_seo":{"title":"Pottlok Gallusar 1. Og Gallus 2 - KindArt","description":"Pottlok Gallusar 1. Og Gallus 2 . - Gr\u00ednbla\u00f0 Menntask\u00f3lanema \u00ed Reykjav\u00edk kom fyrst \u00fat 1926 og h\u00e9t \u00fe\u00e1 Pottlok Gallusar 1. \u00dea\u00f0 var fj\u00f6lrita\u00f0 \u00ed Fj\u00f6lritunarstofu Pj"}},"product_brand":[],"product_cat":[83],"product_tag":[],"class_list":{"0":"post-7920","1":"product","2":"type-product","3":"status-publish","4":"has-post-thumbnail","6":"product_cat-books","7":"product_shipping_class-small-en","9":"first","10":"outofstock","11":"purchasable","12":"product-type-simple"},"_links":{"self":[{"href":"https:\/\/kindart.is\/en\/wp-json\/wp\/v2\/product\/7920","targetHints":{"allow":["GET"]}}],"collection":[{"href":"https:\/\/kindart.is\/en\/wp-json\/wp\/v2\/product"}],"about":[{"href":"https:\/\/kindart.is\/en\/wp-json\/wp\/v2\/types\/product"}],"wp:featuredmedia":[{"embeddable":true,"href":"https:\/\/kindart.is\/en\/wp-json\/wp\/v2\/media\/7917"}],"wp:attachment":[{"href":"https:\/\/kindart.is\/en\/wp-json\/wp\/v2\/media?parent=7920"}],"wp:term":[{"taxonomy":"product_brand","embeddable":true,"href":"https:\/\/kindart.is\/en\/wp-json\/wp\/v2\/product_brand?post=7920"},{"taxonomy":"product_cat","embeddable":true,"href":"https:\/\/kindart.is\/en\/wp-json\/wp\/v2\/product_cat?post=7920"},{"taxonomy":"product_tag","embeddable":true,"href":"https:\/\/kindart.is\/en\/wp-json\/wp\/v2\/product_tag?post=7920"}],"curies":[{"name":"wp","href":"https:\/\/api.w.org\/{rel}","templated":true}]}}