{"id":7935,"date":"2023-07-30T17:46:08","date_gmt":"2023-07-30T17:46:08","guid":{"rendered":"https:\/\/kindart.is\/product\/gomul-blod-ii\/"},"modified":"2023-07-30T17:46:08","modified_gmt":"2023-07-30T17:46:08","slug":"gomul-blod-ii","status":"publish","type":"product","link":"https:\/\/kindart.is\/en\/vara\/gomul-blod-ii\/","title":{"rendered":"G\u00f6mul bl\u00f6\u00f0 \u2013 II"},"content":{"rendered":"<p><strong>G\u00f6mul bl\u00f6\u00f0 \u2013 II<\/strong>. H\u00e9r er bo\u00f0i\u00f0 upp \u00e1 fimm g\u00f6mul bl\u00f6\u00f0 sem \u00f6ll voru prentu\u00f0 \u00ed austfirskum prentsmi\u00f0jum. M\u00f6rg af \u00feeim eru yfir 100 \u00e1ra gamlir forngripir, \u00f6nnur yngri.<\/p>\n<p><strong>Austri: VI. \u00e1r, 9.j\u00fal\u00ed 1896, Nr.19<\/strong>. St\u00e6r\u00f0 44 X 32 cm og 4 bls. Prenta\u00f0 \u00ed Prentsmi\u00f0ju Austra \u00e1 Sey\u00f0isfir\u00f0i. &#8211; Ritstj\u00f3ri: Skapti J\u00f3sepsson.<br \/>\n<strong>Dagfari: I. \u00e1rg. 1. tbl. 1906<\/strong>. St\u00e6r\u00f0: 43 X 28.7 cm. og 4 bls. Prenta\u00f0 \u00ed Prentsmi\u00f0ju Dagfara Eskifir\u00f0i. Ritstj\u00f3ri: Ari J\u00f3nsson Arnalds.<br \/>\n<strong>Austurland: 1. \u00e1r. 27. tbl. 22. ma\u00ed 1908<\/strong>. St\u00e6r\u00f0: 44.4 X 28.2 cm og 4 bls. Fr\u00e9ttabla\u00f0 gefi\u00f0 \u00fat \u00e1 Eskifir\u00f0i \u00ed sta\u00f0 Dagfara. Prenta\u00f0 \u00ed Prentsmi\u00f0ju Austurlands \u00e1 Eskifir\u00f0i, prentari: Axel Str\u00f6m. \u2013 Ritstj\u00f3ri: Bj\u00f6rn J\u00f3nsson.<br \/>\n<strong>Austurland: 1. tbl. 1. \u00e1rg. 1. jan\u00faar 1920<\/strong>. St\u00e6r\u00f0: 43 X 30.5 cm 4 bls. Fr\u00e9ttabla\u00f0 prenta\u00f0 \u00ed Prentsmi\u00f0ju Austurlands \u00e1 Sey\u00f0isfir\u00f0i \u2013 Ritstj\u00f3ri: Gu\u00f0mundur G. Hagal\u00edn.<br \/>\n<strong>Sey\u00f0fir\u00f0ingur: I. \u00e1rg. 4. tbl. 11. marz 1936<\/strong>. St\u00e6r\u00f0: 30 X 23 cm og 4 bls. Alls: 5 \u00e1rg. 1936-1940. Bla\u00f0 gefi\u00f0 \u00fat \u00e1 Sey\u00f0isfir\u00f0i og prenta\u00f0 \u00ed Sey\u00f0isfjar\u00f0arprentsmi\u00f0ju af Angant\u00fd \u00c1sgr\u00edmssyni prentara sem gaf \u00fea\u00f0 \u00fat. Alls komu \u00fat 123 tbl. af Sey\u00f0fir\u00f0ingi. Prentsmi\u00f0jan var s\u00ed\u00f0an seld V\u00edkingsprenti \u00ed Reykjav\u00edk 1940 og Angant\u00fdr f\u00f3r a\u00f0 vinna \u00fear.<\/p>\n","protected":false},"excerpt":{"rendered":"<p>G\u00f6mul bl\u00f6\u00f0 \u2013 II. H\u00e9r er bo\u00f0i\u00f0 upp \u00e1 fimm g\u00f6mul bl\u00f6\u00f0 sem \u00f6ll voru prentu\u00f0 \u00ed austfirskum prentsmi\u00f0jum. M\u00f6rg af \u00feeim eru yfir 100 \u00e1ra gamlir forngripir, \u00f6nnur yngri. Austri: VI. \u00e1r, 9.j\u00fal\u00ed 1896, Nr.19. St\u00e6r\u00f0 44 X 32 cm og 4 bls. Prenta\u00f0 \u00ed Prentsmi\u00f0ju Austra \u00e1 Sey\u00f0isfir\u00f0i. &#8211; Ritstj\u00f3ri: Skapti J\u00f3sepsson. Dagfari: [&hellip;]<\/p>\n","protected":false},"featured_media":7925,"template":"","meta":{"slim_seo":{"title":"G\u00f6mul bl\u00f6\u00f0 \u2013 II - KindArt","description":"G\u00f6mul bl\u00f6\u00f0 \u2013 II . H\u00e9r er bo\u00f0i\u00f0 upp \u00e1 fimm g\u00f6mul bl\u00f6\u00f0 sem \u00f6ll voru prentu\u00f0 \u00ed austfirskum prentsmi\u00f0jum. M\u00f6rg af \u00feeim eru yfir 100 \u00e1ra gamlir forngripir, \u00f6nnur yng"}},"product_brand":[],"product_cat":[83],"product_tag":[],"class_list":{"0":"post-7935","1":"product","2":"type-product","3":"status-publish","4":"has-post-thumbnail","6":"product_cat-books","7":"product_shipping_class-small-en","9":"first","10":"instock","11":"purchasable","12":"product-type-simple"},"_links":{"self":[{"href":"https:\/\/kindart.is\/en\/wp-json\/wp\/v2\/product\/7935","targetHints":{"allow":["GET"]}}],"collection":[{"href":"https:\/\/kindart.is\/en\/wp-json\/wp\/v2\/product"}],"about":[{"href":"https:\/\/kindart.is\/en\/wp-json\/wp\/v2\/types\/product"}],"wp:featuredmedia":[{"embeddable":true,"href":"https:\/\/kindart.is\/en\/wp-json\/wp\/v2\/media\/7925"}],"wp:attachment":[{"href":"https:\/\/kindart.is\/en\/wp-json\/wp\/v2\/media?parent=7935"}],"wp:term":[{"taxonomy":"product_brand","embeddable":true,"href":"https:\/\/kindart.is\/en\/wp-json\/wp\/v2\/product_brand?post=7935"},{"taxonomy":"product_cat","embeddable":true,"href":"https:\/\/kindart.is\/en\/wp-json\/wp\/v2\/product_cat?post=7935"},{"taxonomy":"product_tag","embeddable":true,"href":"https:\/\/kindart.is\/en\/wp-json\/wp\/v2\/product_tag?post=7935"}],"curies":[{"name":"wp","href":"https:\/\/api.w.org\/{rel}","templated":true}]}}