{"id":7947,"date":"2023-08-01T14:00:24","date_gmt":"2023-08-01T14:00:24","guid":{"rendered":"https:\/\/kindart.is\/product\/gomul-blod-iii\/"},"modified":"2023-08-01T14:05:03","modified_gmt":"2023-08-01T14:05:03","slug":"gomul-blod-iii","status":"publish","type":"product","link":"https:\/\/kindart.is\/en\/vara\/gomul-blod-iii\/","title":{"rendered":"G\u00f6mul bl\u00f6\u00f0 III"},"content":{"rendered":"<p><strong>G\u00f6mul bl\u00f6\u00f0 III<\/strong>. \u00cd \u00feessum pakka eru 5 sunnlensk bl\u00f6\u00f0 sem voru prentu\u00f0 \u00ed Reykjav\u00edk, Hafnarfir\u00f0i og Eyrarbakka. \u00derj\u00fa \u00feeirra fyrir 1900 og tv\u00f6 \u00e1 fyrsta \u00e1ratug 20. aldar, allt forngripir yfir 100 \u00e1ra g\u00f6mul.<\/p>\n<p><strong>Su\u00f0ri I. \u00e1rg. 13. Bla\u00f0, 30. j\u00fan\u00ed 1883<\/strong> \u2013 St\u00e6r\u00f0: 34.4 X 22.5 cm og 4 bls.. Prenta\u00f0 \u00ed Prentsmi\u00f0ju Einars \u00de\u00f3r\u00f0arsonar \u00ed Bergmannsstofu \u00ed A\u00f0alstr\u00e6ti Reykjav\u00edk \u2013 Ritstj\u00f3ri og \u00e1bm.: Gestur P\u00e1lsson.<\/p>\n<p><strong>Dagskr\u00e1 I. 98. 23.j\u00fan\u00ed 1897<\/strong>. St\u00e6r\u00f0: 28.8 X 22.3 cm og 4 bls. Fr\u00e9ttabla\u00f0 me\u00f0 fr\u00e9ttum og greinum. Prenta\u00f0 \u00ed Prentsmi\u00f0ju Dagskr\u00e1r Reykjav\u00edk., \u00datgefandi: F\u00e9lag eitt \u00ed Reykjav\u00edk, \u00c1bm.: Einar Benediktsson.<\/p>\n<p><strong>N\u00fdja \u00d6ldin. II. 3. 27. okt\u00f3ber 1898<\/strong>. St\u00e6r\u00f0: 44.3 X 28.8 cm og 4 bls. Dagbla\u00f0, s\u00f6gur, greinar og fr\u00e9ttir. Prentu\u00f0 \u00ed Prentverki J\u00f3ns \u00d3lafssonar. \u00c1bm.: J\u00f3n \u00d3lafsson.<\/p>\n<p><strong>Kv\u00e1sir. 1. \u00e1rg. 1. Bla\u00f0. 7. apr\u00edl 1908<\/strong>. St\u00e6r\u00f0: 28.4 X 17.4 cm og 4 bls. Prenta\u00f0 \u00ed Prentsmi\u00f0ju Hafnarfjar\u00f0ar. \u00datgefendur og \u00e1bm.: Karl H. Bjarnason og J\u00f3n Helgason.<\/p>\n<p><strong>Su\u00f0urland. I. \u00e1rg. 27. bla\u00f0, 15. des. 1910<\/strong>. St\u00e6r\u00f0: 27.9 X 25.5 cm og 4 bls. Dagbla\u00f0 sem kom \u00fat vikulega. Fr\u00e9ttir, s\u00f6gur, kv\u00e6\u00f0i og \u00fe\u00fdtt efni. Prenta\u00f0 \u00ed Prentsmi\u00f0ju Su\u00f0urlands \u00e1 Eyrarbakka 1910-1918. Fyrsta bla\u00f0 sem gefi\u00f0 var \u00fat og prenta\u00f0 \u00e1 Su\u00f0urlandsundirlendi. \u00c1hersla \u00e1 atvinnu- og menntam\u00e1l. \u00datgefandi: Prentaraf\u00e9lag \u00c1rness\u00fdslu. Ritstj\u00f3ri: Oddur Oddsson, en Karl H. Bjarnarson t\u00f3k vi\u00f0 1911 og voru \u00feeir l\u00edka \u00e1bm. bla\u00f0sins.<\/p>\n","protected":false},"excerpt":{"rendered":"<p>G\u00f6mul bl\u00f6\u00f0 III. \u00cd \u00feessum pakka eru 5 sunnlensk bl\u00f6\u00f0 sem voru prentu\u00f0 \u00ed Reykjav\u00edk, Hafnarfir\u00f0i og Eyrarbakka. \u00derj\u00fa \u00feeirra fyrir 1900 og tv\u00f6 \u00e1 fyrsta \u00e1ratug 20. aldar, allt forngripir yfir 100 \u00e1ra g\u00f6mul. Su\u00f0ri I. \u00e1rg. 13. Bla\u00f0, 30. j\u00fan\u00ed 1883 \u2013 St\u00e6r\u00f0: 34.4 X 22.5 cm og 4 bls.. Prenta\u00f0 \u00ed Prentsmi\u00f0ju [&hellip;]<\/p>\n","protected":false},"featured_media":7938,"template":"","meta":{"slim_seo":{"title":"G\u00f6mul bl\u00f6\u00f0 III - KindArt","description":"G\u00f6mul bl\u00f6\u00f0 III . \u00cd \u00feessum pakka eru 5 sunnlensk bl\u00f6\u00f0 sem voru prentu\u00f0 \u00ed Reykjav\u00edk, Hafnarfir\u00f0i og Eyrarbakka. \u00derj\u00fa \u00feeirra fyrir 1900 og tv\u00f6 \u00e1 fyrsta \u00e1ratug 20."}},"product_brand":[],"product_cat":[83],"product_tag":[],"class_list":{"0":"post-7947","1":"product","2":"type-product","3":"status-publish","4":"has-post-thumbnail","6":"product_cat-books","7":"product_shipping_class-small-en","9":"first","10":"instock","11":"purchasable","12":"product-type-simple"},"_links":{"self":[{"href":"https:\/\/kindart.is\/en\/wp-json\/wp\/v2\/product\/7947","targetHints":{"allow":["GET"]}}],"collection":[{"href":"https:\/\/kindart.is\/en\/wp-json\/wp\/v2\/product"}],"about":[{"href":"https:\/\/kindart.is\/en\/wp-json\/wp\/v2\/types\/product"}],"wp:featuredmedia":[{"embeddable":true,"href":"https:\/\/kindart.is\/en\/wp-json\/wp\/v2\/media\/7938"}],"wp:attachment":[{"href":"https:\/\/kindart.is\/en\/wp-json\/wp\/v2\/media?parent=7947"}],"wp:term":[{"taxonomy":"product_brand","embeddable":true,"href":"https:\/\/kindart.is\/en\/wp-json\/wp\/v2\/product_brand?post=7947"},{"taxonomy":"product_cat","embeddable":true,"href":"https:\/\/kindart.is\/en\/wp-json\/wp\/v2\/product_cat?post=7947"},{"taxonomy":"product_tag","embeddable":true,"href":"https:\/\/kindart.is\/en\/wp-json\/wp\/v2\/product_tag?post=7947"}],"curies":[{"name":"wp","href":"https:\/\/api.w.org\/{rel}","templated":true}]}}