{"id":7959,"date":"2023-08-02T06:29:38","date_gmt":"2023-08-02T06:29:38","guid":{"rendered":"https:\/\/kindart.is\/product\/hadegisbladid\/"},"modified":"2023-08-02T06:31:50","modified_gmt":"2023-08-02T06:31:50","slug":"hadegisbladid","status":"publish","type":"product","link":"https:\/\/kindart.is\/en\/vara\/hadegisbladid\/","title":{"rendered":"H\u00e1degisbla\u00f0i\u00f0"},"content":{"rendered":"<p><strong>H\u00e1degisbla\u00f0i\u00f0. <\/strong>Dagbla\u00f0 sem gefi\u00f0 var \u00fat \u00ed Reykjav\u00edk \u00ed sept. \u2013 okt.1940. \u00dea\u00f0 haf\u00f0i \u00fe\u00e1 s\u00e9rst\u00f6\u00f0u a\u00f0 \u00fea\u00f0 var minna en \u00f6ll hin dagbl\u00f6\u00f0in. St\u00e6r\u00f0in var: 33 X 22.2 cm og 4 bls. hvert bla\u00f0. \u00dea\u00f0 var prenta\u00f0 \u00ed Al\u00fe\u00fd\u00f0uprentsmi\u00f0junni \u00ed Reykjav\u00edk og kosta\u00f0i a\u00f0eins 10 aura. Ritstj\u00f3ri var Sigur\u00f0ur Benediktsson.<\/p>\n<p>Helstu fr\u00e9ttir bla\u00f0sins \u00feessa daga voru af str\u00ed\u00f0inu, loft\u00e1r\u00e1sum \u00e1 London og Berl\u00edn og Bandar\u00edkin voru a\u00f0 sigla inn \u00ed seinni heimsstyrj\u00f6ldina.<\/p>\n<p>H\u00e9r eru bo\u00f0in til kaups alls 15 tbl. af 19 sem komu \u00fat.<\/p>\n","protected":false},"excerpt":{"rendered":"<p>H\u00e1degisbla\u00f0i\u00f0. Dagbla\u00f0 sem gefi\u00f0 var \u00fat \u00ed Reykjav\u00edk \u00ed sept. \u2013 okt.1940. \u00dea\u00f0 haf\u00f0i \u00fe\u00e1 s\u00e9rst\u00f6\u00f0u a\u00f0 \u00fea\u00f0 var minna en \u00f6ll hin dagbl\u00f6\u00f0in. St\u00e6r\u00f0in var: 33 X 22.2 cm og 4 bls. hvert bla\u00f0. \u00dea\u00f0 var prenta\u00f0 \u00ed Al\u00fe\u00fd\u00f0uprentsmi\u00f0junni \u00ed Reykjav\u00edk og kosta\u00f0i a\u00f0eins 10 aura. Ritstj\u00f3ri var Sigur\u00f0ur Benediktsson. Helstu fr\u00e9ttir bla\u00f0sins \u00feessa [&hellip;]<\/p>\n","protected":false},"featured_media":7950,"template":"","meta":{"slim_seo":{"title":"H\u00e1degisbla\u00f0i\u00f0 - KindArt","description":"H\u00e1degisbla\u00f0i\u00f0. Dagbla\u00f0 sem gefi\u00f0 var \u00fat \u00ed Reykjav\u00edk \u00ed sept. \u2013 okt.1940. \u00dea\u00f0 haf\u00f0i \u00fe\u00e1 s\u00e9rst\u00f6\u00f0u a\u00f0 \u00fea\u00f0 var minna en \u00f6ll hin dagbl\u00f6\u00f0in. St\u00e6r\u00f0in var: 33 X 22.2 cm o"}},"product_brand":[],"product_cat":[83],"product_tag":[],"class_list":{"0":"post-7959","1":"product","2":"type-product","3":"status-publish","4":"has-post-thumbnail","6":"product_cat-books","7":"product_shipping_class-small-en","9":"first","10":"instock","11":"purchasable","12":"product-type-simple"},"_links":{"self":[{"href":"https:\/\/kindart.is\/en\/wp-json\/wp\/v2\/product\/7959","targetHints":{"allow":["GET"]}}],"collection":[{"href":"https:\/\/kindart.is\/en\/wp-json\/wp\/v2\/product"}],"about":[{"href":"https:\/\/kindart.is\/en\/wp-json\/wp\/v2\/types\/product"}],"wp:featuredmedia":[{"embeddable":true,"href":"https:\/\/kindart.is\/en\/wp-json\/wp\/v2\/media\/7950"}],"wp:attachment":[{"href":"https:\/\/kindart.is\/en\/wp-json\/wp\/v2\/media?parent=7959"}],"wp:term":[{"taxonomy":"product_brand","embeddable":true,"href":"https:\/\/kindart.is\/en\/wp-json\/wp\/v2\/product_brand?post=7959"},{"taxonomy":"product_cat","embeddable":true,"href":"https:\/\/kindart.is\/en\/wp-json\/wp\/v2\/product_cat?post=7959"},{"taxonomy":"product_tag","embeddable":true,"href":"https:\/\/kindart.is\/en\/wp-json\/wp\/v2\/product_tag?post=7959"}],"curies":[{"name":"wp","href":"https:\/\/api.w.org\/{rel}","templated":true}]}}