{"id":7972,"date":"2023-08-04T16:54:43","date_gmt":"2023-08-04T16:54:43","guid":{"rendered":"https:\/\/kindart.is\/product\/gomul-blod-iv\/"},"modified":"2023-08-04T16:54:43","modified_gmt":"2023-08-04T16:54:43","slug":"gomul-blod-iv","status":"publish","type":"product","link":"https:\/\/kindart.is\/en\/vara\/gomul-blod-iv\/","title":{"rendered":"G\u00f6mul bl\u00f6\u00f0 \u2013 IV"},"content":{"rendered":"<p><strong>G\u00f6mul bl\u00f6\u00f0 \u2013 IV<\/strong>. H\u00e9r eru bo\u00f0in til s\u00f6lu 5 nor\u00f0lensk bl\u00f6\u00f0 fr\u00e1 \u00fdmsum t\u00edmum. 3 af \u00feeim eru yfir 100 \u00e1ra g\u00f6mul og \u00fev\u00ed um forngripi a\u00f0 r\u00e6\u00f0a.<\/p>\n<p><strong>Nor\u00f0ri<\/strong>. Bla\u00f0i\u00f0 var gefi\u00f0 \u00fat \u00e1 Akureyri og var fyrsta bla\u00f0i\u00f0 sem var prenta\u00f0 eftir a\u00f0 prenteinokunin var rofin. \u00deetta er 6. \u00e1rg. 30. n\u00f3v. 1858. \u00dea\u00f0 birti innlendar og erlendar fr\u00e9ttir. St\u00e6r\u00f0: 25 X18.2 cm og 8 bls. Ritstj\u00f3rar voru: Bj\u00f6rn J\u00f3nsson og J\u00f3n J\u00f3nsson, en eigandi og \u00fatgefandi var Sveinn Sk\u00falason. Nor\u00f0ri var prenta\u00f0ur \u00ed Prentsmi\u00f0ju Nor\u00f0ur- og Austurumd\u00e6misins \u00e1 Akureyri.<\/p>\n<p><strong>Nor\u00f0urland<\/strong>. IX. \u00c1r, 13. n\u00f3v. 1909. St\u00e6r\u00f0: 44 X 28.7 cm.\u2028 Prenta\u00f0 \u00ed Prentsmi\u00f0ju Odds Bj\u00f6rnssonar Akureyri. Ritstj\u00f3ri: Sigur\u00f0ur Hj\u00f6rleifsson l\u00e6knir.<\/p>\n<p><strong>Fram<\/strong>. IV. \u00e1r 1. bla\u00f0 5. jan. 1920. St\u00e6r\u00f0: 41.5 X 28.4 cm og 4 bls. Prenta\u00f0 \u00ed Siglufjar\u00f0arprentsmi\u00f0ju. Ritstj\u00f3ri: Sophus A. Bl\u00f6ndal. Fram var fyrsta bla\u00f0i\u00f0 sem gefi\u00f0 var \u00fat \u00e1 Siglufir\u00f0i, en Sophus t\u00f3k vi\u00f0 \u00fev\u00ed af Fri\u00f0birni N\u00edelssyni sem stofna\u00f0i \u00fea\u00f0 1919. Fram var fr\u00e9ttabla\u00f0 sem kom \u00fat vikulega.<\/p>\n<p><strong>Verkama\u00f0urinn<\/strong>. XXIV. \u00e1rg. 24. ma\u00ed 1941, 21. tbl. St\u00e6r\u00f0: 45 X 30 cm og 4 bls. Prenta\u00f0 \u00ed Prentverki Odds Bj\u00f6rnssonar \u00e1 Akureyri. \u00c1byrg\u00f0arma\u00f0ur: Steingr\u00edmur A\u00f0alsteinsson. Ritnefnd Steingr\u00edmur og Jakob \u00c1rnason. Vikubla\u00f0. \u00datgefandi: S\u00f3s\u00edalistaf\u00e9lag Akureyrar.<\/p>\n<p><strong>Mj\u00f6lnir<\/strong>: 5. \u00e1rgangur, 1. tbl. 8. jan. 1942. St\u00e6r\u00f0: 38.5 X 30 cm og 4 bls. Prenta\u00f0 \u00ed Siglufjar\u00f0arprentsmi\u00f0ju. \u00datgefandi: S\u00f3s\u00edalistaf\u00e9lag Siglufjar\u00f0ar. \u00c1byrg\u00f0arma\u00f0ur: \u00de\u00f3roddur Gu\u00f0mundsson. Dagbla\u00f0 sem fjalla\u00f0i mest um stj\u00f3rnm\u00e1l l\u00ed\u00f0andi stundar og bar\u00f0ist fyrir r\u00e9ttindum al\u00fd\u00f0unnar \u00e1 \u00f6llum svi\u00f0um.<\/p>\n","protected":false},"excerpt":{"rendered":"<p>G\u00f6mul bl\u00f6\u00f0 \u2013 IV. H\u00e9r eru bo\u00f0in til s\u00f6lu 5 nor\u00f0lensk bl\u00f6\u00f0 fr\u00e1 \u00fdmsum t\u00edmum. 3 af \u00feeim eru yfir 100 \u00e1ra g\u00f6mul og \u00fev\u00ed um forngripi a\u00f0 r\u00e6\u00f0a. Nor\u00f0ri. Bla\u00f0i\u00f0 var gefi\u00f0 \u00fat \u00e1 Akureyri og var fyrsta bla\u00f0i\u00f0 sem var prenta\u00f0 eftir a\u00f0 prenteinokunin var rofin. \u00deetta er 6. \u00e1rg. 30. n\u00f3v. 1858. [&hellip;]<\/p>\n","protected":false},"featured_media":7963,"template":"","meta":{"slim_seo":{"title":"G\u00f6mul bl\u00f6\u00f0 \u2013 IV - KindArt","description":"G\u00f6mul bl\u00f6\u00f0 \u2013 IV . H\u00e9r eru bo\u00f0in til s\u00f6lu 5 nor\u00f0lensk bl\u00f6\u00f0 fr\u00e1 \u00fdmsum t\u00edmum. 3 af \u00feeim eru yfir 100 \u00e1ra g\u00f6mul og \u00fev\u00ed um forngripi a\u00f0 r\u00e6\u00f0a. Nor\u00f0ri . Bla\u00f0i\u00f0 var gef"}},"product_brand":[],"product_cat":[83],"product_tag":[],"class_list":{"0":"post-7972","1":"product","2":"type-product","3":"status-publish","4":"has-post-thumbnail","6":"product_cat-books","7":"product_shipping_class-small-en","9":"first","10":"instock","11":"purchasable","12":"product-type-simple"},"_links":{"self":[{"href":"https:\/\/kindart.is\/en\/wp-json\/wp\/v2\/product\/7972","targetHints":{"allow":["GET"]}}],"collection":[{"href":"https:\/\/kindart.is\/en\/wp-json\/wp\/v2\/product"}],"about":[{"href":"https:\/\/kindart.is\/en\/wp-json\/wp\/v2\/types\/product"}],"wp:featuredmedia":[{"embeddable":true,"href":"https:\/\/kindart.is\/en\/wp-json\/wp\/v2\/media\/7963"}],"wp:attachment":[{"href":"https:\/\/kindart.is\/en\/wp-json\/wp\/v2\/media?parent=7972"}],"wp:term":[{"taxonomy":"product_brand","embeddable":true,"href":"https:\/\/kindart.is\/en\/wp-json\/wp\/v2\/product_brand?post=7972"},{"taxonomy":"product_cat","embeddable":true,"href":"https:\/\/kindart.is\/en\/wp-json\/wp\/v2\/product_cat?post=7972"},{"taxonomy":"product_tag","embeddable":true,"href":"https:\/\/kindart.is\/en\/wp-json\/wp\/v2\/product_tag?post=7972"}],"curies":[{"name":"wp","href":"https:\/\/api.w.org\/{rel}","templated":true}]}}