{"id":7984,"date":"2023-08-05T16:20:48","date_gmt":"2023-08-05T16:20:48","guid":{"rendered":"https:\/\/kindart.is\/product\/gomul-blod-v\/"},"modified":"2023-08-05T16:20:48","modified_gmt":"2023-08-05T16:20:48","slug":"gomul-blod-v","status":"publish","type":"product","link":"https:\/\/kindart.is\/en\/vara\/gomul-blod-v\/","title":{"rendered":"G\u00f6mul bl\u00f6\u00f0 V"},"content":{"rendered":"<p><strong>G\u00f6mul bl\u00f6\u00f0 V<\/strong>. \u00cd \u00feessum pakka eru 5 Reykjav\u00edkurbl\u00f6\u00f0. 3 prentu\u00f0 fyrir 1900, eitt n\u00e6r hundra\u00f0 \u00e1ra og eitt r\u00e9tt um mi\u00f0ja s\u00ed\u00f0ustu \u00f6ld. \u00deetta eru \u00fev\u00ed allt miklir kj\u00f6rgripir og f\u00e1s\u00e9\u00f0 mj\u00f6g.<\/p>\n<p><strong>V\u00edkverji<\/strong>. 1873. 1. \u00e1r, 2. \u00e1rsfj\u00f3r\u00f0ungur, 28. tbl.- St\u00e6r\u00f0: 28 X 17.2 cm og 4 bls. (opna). Prenta\u00f0 \u00ed Prentsmi\u00f0ju \u00cdslands, Bergmannsstofu \u00ed A\u00f0alstr\u00e6ti \u00ed Reykjav\u00edk, prentari: Einar \u00de\u00f3r\u00f0arson. \u2013 Ritstj\u00f3ri: P\u00e1ll Melsted. Vikubla\u00f0 um stj\u00f3rnm\u00e1l og landsm\u00e1l. Bla\u00f0i\u00f0 var stofna\u00f0 af J\u00f3ni J\u00f3nssyni landsh\u00f6f\u00f0ingjaritara. \u00datgefendur: Nokkrir menn \u00ed Reykjav\u00edk. V\u00edkverji rann inn \u00ed \u00cdsafold \u00feegar h\u00fan h\u00f3f g\u00f6ngu s\u00edna, en h\u00fan var undanfari Morgunbla\u00f0sins, sem var stofna\u00f0 1913.<\/p>\n<p><strong>Su\u00f0ri<\/strong>. 1883. 1. \u00e1rg. 14. bla\u00f0, 21. j\u00fal\u00ed 1883. \u2013 St\u00e6r\u00f0: 34.6 X 22.6 cm og 4 bls.. Prenta\u00f0 \u00ed Prentsmi\u00f0ju Einars \u00de\u00f3r\u00f0arsonar \u00ed Bergmannsstofu \u00ed A\u00f0alstr\u00e6ti Reykjav\u00edk \u2013 \u00datgefendur: Einar \u00de\u00f3r\u00f0arson og Kristj\u00e1n \u00d3. \u00deorgr\u00edmsson. Ritstj\u00f3ri og \u00e1bm.: Gestur P\u00e1lsson. H\u00e1lfsm\u00e1na\u00f0arbla\u00f0.<\/p>\n<p><strong>Reykv\u00edkingur<\/strong>. VIII. \u00e1rg. 6. j\u00fan\u00ed 1898 \u2013 St\u00e6r\u00f0: 30.8 X 20.6 cm og 4 bls. Prenta\u00f0 \u00ed Prentsmi\u00f0ju Dagskr\u00e1r \u00ed Reykjav\u00edk. \u00datgefandi, \u00e1bm. og ritstj\u00f3ri: W. (Valgar\u00f0ur) \u00d3. Brei\u00f0fj\u00f6r\u00f0. Bla\u00f0i\u00f0 kom \u00fat einu sinni \u00ed hverjum m\u00e1nu\u00f0i.<\/p>\n<p><strong>Lesb\u00f3k Morgunbla\u00f0sins<\/strong>. Sunnudaginn 13. des. 1925. \u2013 St\u00e6r\u00f0: 32.5 X 22.5 cm og 8 bls. Prenta\u00f0 \u00ed \u00cdsafoldar-prentsmi\u00f0ju. Greinar um menningarm\u00e1l og b\u00f3kmenntir. Fylgirit Morgunbla\u00f0sins. Ritstj\u00f3rar \u00feess voru Valt\u00fdr Stef\u00e1nsson og J\u00f3n Kjartansson.<\/p>\n<p><strong>M\u00e1nudagsbla\u00f0i\u00f0<\/strong>. M\u00e1nudagur 1. \u00e1rg. 2.tbl. 11. okt. 1948. \u2013 St\u00e6r\u00f0: 45.3 X 28.2 cm og 8 bls. Vikubla\u00f0 sem kom \u00fat \u00ed 35 \u00e1r. Prenta\u00f0 \u00ed Prentsmi\u00f0ju \u00dej\u00f3\u00f0viljans. Bla\u00f0i\u00f0 var h\u00e6grisinna\u00f0 en \u00f3tengt stj\u00f3rnm\u00e1laflokkum. Fastir li\u00f0ir voru lei\u00f0ari rita\u00f0ur undir dulnefninu Kakali og leikh\u00fasgagnr\u00fdni sem var oft mj\u00f6g umt\u00f6lu\u00f0. Ritstj\u00f3ri alla t\u00ed\u00f0 var Agnar Bogason.<\/p>\n","protected":false},"excerpt":{"rendered":"<p>G\u00f6mul bl\u00f6\u00f0 V. \u00cd \u00feessum pakka eru 5 Reykjav\u00edkurbl\u00f6\u00f0. 3 prentu\u00f0 fyrir 1900, eitt n\u00e6r hundra\u00f0 \u00e1ra og eitt r\u00e9tt um mi\u00f0ja s\u00ed\u00f0ustu \u00f6ld. \u00deetta eru \u00fev\u00ed allt miklir kj\u00f6rgripir og f\u00e1s\u00e9\u00f0 mj\u00f6g. V\u00edkverji. 1873. 1. \u00e1r, 2. \u00e1rsfj\u00f3r\u00f0ungur, 28. tbl.- St\u00e6r\u00f0: 28 X 17.2 cm og 4 bls. (opna). Prenta\u00f0 \u00ed Prentsmi\u00f0ju \u00cdslands, Bergmannsstofu [&hellip;]<\/p>\n","protected":false},"featured_media":7975,"template":"","meta":{"slim_seo":{"title":"G\u00f6mul bl\u00f6\u00f0 V - KindArt","description":"G\u00f6mul bl\u00f6\u00f0 V . \u00cd \u00feessum pakka eru 5 Reykjav\u00edkurbl\u00f6\u00f0. 3 prentu\u00f0 fyrir 1900, eitt n\u00e6r hundra\u00f0 \u00e1ra og eitt r\u00e9tt um mi\u00f0ja s\u00ed\u00f0ustu \u00f6ld. \u00deetta eru \u00fev\u00ed allt miklir kj\u00f6"}},"product_brand":[],"product_cat":[83],"product_tag":[],"class_list":{"0":"post-7984","1":"product","2":"type-product","3":"status-publish","4":"has-post-thumbnail","6":"product_cat-books","7":"product_shipping_class-small-en","9":"first","10":"instock","11":"purchasable","12":"product-type-simple"},"_links":{"self":[{"href":"https:\/\/kindart.is\/en\/wp-json\/wp\/v2\/product\/7984","targetHints":{"allow":["GET"]}}],"collection":[{"href":"https:\/\/kindart.is\/en\/wp-json\/wp\/v2\/product"}],"about":[{"href":"https:\/\/kindart.is\/en\/wp-json\/wp\/v2\/types\/product"}],"wp:featuredmedia":[{"embeddable":true,"href":"https:\/\/kindart.is\/en\/wp-json\/wp\/v2\/media\/7975"}],"wp:attachment":[{"href":"https:\/\/kindart.is\/en\/wp-json\/wp\/v2\/media?parent=7984"}],"wp:term":[{"taxonomy":"product_brand","embeddable":true,"href":"https:\/\/kindart.is\/en\/wp-json\/wp\/v2\/product_brand?post=7984"},{"taxonomy":"product_cat","embeddable":true,"href":"https:\/\/kindart.is\/en\/wp-json\/wp\/v2\/product_cat?post=7984"},{"taxonomy":"product_tag","embeddable":true,"href":"https:\/\/kindart.is\/en\/wp-json\/wp\/v2\/product_tag?post=7984"}],"curies":[{"name":"wp","href":"https:\/\/api.w.org\/{rel}","templated":true}]}}