{"id":7998,"date":"2023-08-09T07:25:19","date_gmt":"2023-08-09T07:25:19","guid":{"rendered":"https:\/\/kindart.is\/product\/gomul-blod-vii\/"},"modified":"2023-08-09T07:25:19","modified_gmt":"2023-08-09T07:25:19","slug":"gomul-blod-vii","status":"publish","type":"product","link":"https:\/\/kindart.is\/en\/vara\/gomul-blod-vii\/","title":{"rendered":"G\u00f6mul bl\u00f6\u00f0 VII"},"content":{"rendered":"<p><strong>G\u00f6mul bl\u00f6\u00f0 VII<\/strong>. \u00cd \u00feessum pakka er fimm bl\u00f6\u00f0 sem voru l\u00edklega \u00f6ll prentu\u00f0 \u00ed Reykjav\u00edk. Tv\u00f6 \u00feeirra yfir 100 \u00e1ra g\u00f6mul og \u00ferj\u00fa fr\u00e1 fimmta \u00e1ratug 20. aldar.<\/p>\n<p><strong>\u00cdslendingur<\/strong> 22. marz 1862, Nr. 23. Hann var prenta\u00f0ur \u00ed Prentsmi\u00f0junni \u00ed Reykjav\u00edk 1862 hj\u00e1 Einari \u00de\u00f3r\u00f0arsyni e\u00f0a Landsprentsmi\u00f0junni eins og h\u00fan h\u00e9t. Hann var stofna\u00f0ur af \u00edslenskum emb\u00e6ttism\u00f6nnum til a\u00f0 halda \u00fati samkeppni vi\u00f0 \u00dej\u00f3\u00f0\u00f3lf. Ritstj\u00f3ri: Benedikt Sveinsson. \u00datgefendur: Benedikt Sveinsson, Einar \u00de\u00f3r\u00f0arson, Halld\u00f3r Fri\u00f0riksson, J\u00f3n J\u00f3nsson Hjaltal\u00edn, J\u00f3n Pjetursson P\u00e1ll P\u00e1lsson Melste\u00f0 og Pjetur Gu\u00f0johnson.<\/p>\n<p><strong>Sunnanfari<\/strong>, Febr\u00faar 1912. XI, 2. Sunnanfari var prenta\u00f0ur \u00ed Prentsmi\u00f0junni Gutenberg \u00ed Reykjav\u00edk \u2013 Ritstj\u00f3rar voru: Gu\u00f0brandur J\u00f3nsson og Dr. phil. J\u00f3n \u00deorkelsson. St\u00e6r\u00f0: 28 X 22 cm, 16 bls. og k\u00e1pa.<\/p>\n<p><strong>\u00dej\u00f3\u00f0\u00f3lfur<\/strong>, I. \u00e1rg. 1. tbl. 17. J\u00fan\u00ed 1941, St\u00e6r\u00f0: 48 X 33 cm og 8 bls. Vikubla\u00f0, sem kom \u00fat \u00e1 m\u00e1nud\u00f6gum. Ritstj\u00f3ri og \u00e1byrg\u00f0arma\u00f0ur: Valdimar J\u00f3hannsson, Laugavegi 18 \u00ed Reykjav\u00edk. Prenta\u00f0 \u00ed Steind\u00f3rsprenti \u00ed Reykjav\u00edk. \u00deessi \u00dej\u00f3\u00f0\u00f3lfur kom \u00fat \u00ed 4 \u00e1r, 1941 \u2013 1944.<\/p>\n<p><strong>\u00dever\u00e6ingur<\/strong> I. \u00e1rg. 1. tbl. 27. jan\u00faar 1945.- St\u00e6r\u00f0: 41.7 X 29.4 cm og 4 bls. Hann var prenta\u00f0ur \u00ed Steind\u00f3rsprent. \u00c1byrg\u00f0arma\u00f0ur: \u00d3lafur J. Hvanndal. Fjalla\u00f0i bla\u00f0i\u00f0 a\u00f0allega um h\u00fasaleigul\u00f6gin.<\/p>\n<p><strong>Landv\u00f6rn<\/strong>. I. \u00e1rg. 1.tbl. 6.apr\u00edl 1946 \u2013 St\u00e6r\u00f0: 38 X 25.5 cm og 4 bls. Ekki er geti\u00f0 prentsmi\u00f0ju, en ritstj\u00f3ri og \u00e1bm. var J\u00f3nas J\u00f3nsson fr\u00e1 Hriflu. \u00cd b\u00f3kaskr\u00e1 B\u00f6\u00f0vars Kvarans og Einars Sigur\u00f0ssonar 1991 segir a\u00f0 \u00fea\u00f0 hafi komi\u00f0 \u00fat 1.-6. tbl 1946. Bla\u00f0i\u00f0 bar\u00f0ist fyrir \u00fev\u00ed a\u00f0 koma \u00e1 herverndarsamningi \u00e1 milli \u00cdslands og Bandar\u00edkjanna.<\/p>\n","protected":false},"excerpt":{"rendered":"<p>G\u00f6mul bl\u00f6\u00f0 VII. \u00cd \u00feessum pakka er fimm bl\u00f6\u00f0 sem voru l\u00edklega \u00f6ll prentu\u00f0 \u00ed Reykjav\u00edk. Tv\u00f6 \u00feeirra yfir 100 \u00e1ra g\u00f6mul og \u00ferj\u00fa fr\u00e1 fimmta \u00e1ratug 20. aldar. \u00cdslendingur 22. marz 1862, Nr. 23. Hann var prenta\u00f0ur \u00ed Prentsmi\u00f0junni \u00ed Reykjav\u00edk 1862 hj\u00e1 Einari \u00de\u00f3r\u00f0arsyni e\u00f0a Landsprentsmi\u00f0junni eins og h\u00fan h\u00e9t. Hann var stofna\u00f0ur [&hellip;]<\/p>\n","protected":false},"featured_media":7989,"template":"","meta":{"slim_seo":{"title":"G\u00f6mul bl\u00f6\u00f0 VII - KindArt","description":"G\u00f6mul bl\u00f6\u00f0 VII . \u00cd \u00feessum pakka er fimm bl\u00f6\u00f0 sem voru l\u00edklega \u00f6ll prentu\u00f0 \u00ed Reykjav\u00edk. Tv\u00f6 \u00feeirra yfir 100 \u00e1ra g\u00f6mul og \u00ferj\u00fa fr\u00e1 fimmta \u00e1ratug 20. aldar. \u00cdslend"}},"product_brand":[],"product_cat":[83],"product_tag":[],"class_list":{"0":"post-7998","1":"product","2":"type-product","3":"status-publish","4":"has-post-thumbnail","6":"product_cat-books","7":"product_shipping_class-small-en","9":"first","10":"instock","11":"purchasable","12":"product-type-simple"},"_links":{"self":[{"href":"https:\/\/kindart.is\/en\/wp-json\/wp\/v2\/product\/7998","targetHints":{"allow":["GET"]}}],"collection":[{"href":"https:\/\/kindart.is\/en\/wp-json\/wp\/v2\/product"}],"about":[{"href":"https:\/\/kindart.is\/en\/wp-json\/wp\/v2\/types\/product"}],"wp:featuredmedia":[{"embeddable":true,"href":"https:\/\/kindart.is\/en\/wp-json\/wp\/v2\/media\/7989"}],"wp:attachment":[{"href":"https:\/\/kindart.is\/en\/wp-json\/wp\/v2\/media?parent=7998"}],"wp:term":[{"taxonomy":"product_brand","embeddable":true,"href":"https:\/\/kindart.is\/en\/wp-json\/wp\/v2\/product_brand?post=7998"},{"taxonomy":"product_cat","embeddable":true,"href":"https:\/\/kindart.is\/en\/wp-json\/wp\/v2\/product_cat?post=7998"},{"taxonomy":"product_tag","embeddable":true,"href":"https:\/\/kindart.is\/en\/wp-json\/wp\/v2\/product_tag?post=7998"}],"curies":[{"name":"wp","href":"https:\/\/api.w.org\/{rel}","templated":true}]}}