{"id":8010,"date":"2023-08-10T07:00:00","date_gmt":"2023-08-10T07:00:00","guid":{"rendered":"https:\/\/kindart.is\/product\/gomul-blod-viii\/"},"modified":"2023-08-10T07:00:00","modified_gmt":"2023-08-10T07:00:00","slug":"gomul-blod-viii","status":"publish","type":"product","link":"https:\/\/kindart.is\/en\/vara\/gomul-blod-viii\/","title":{"rendered":"G\u00f6mul bl\u00f6\u00f0 VIII"},"content":{"rendered":"<p><strong>G\u00f6mul bl\u00f6\u00f0 VIII<\/strong>. Reykjav\u00edk III. \u00cd \u00feessum pakka eru 5 bl\u00f6\u00f0. \u00d6ll prentu\u00f0 \u00ed Reykjav\u00edk. \u00derj\u00fa \u00feeirra eru yfir 100 \u00e1ra, eitt er 95 og \u00fea\u00f0 yngsta fr\u00e1 1938.<\/p>\n<p><strong>Huginn<\/strong>. I. \u00e1rg. 14.tbl. 12. Des.1907. \u00datgefendur: Bjarni J\u00f3nsson fr\u00e1 Vogi og Einar Gunnarsson. Afgrei\u00f0sla: The\u00f3d\u00f3r \u00c1rnason, Templarasundi 3 \u00ed Reykjav\u00edk. Prenta\u00f0 \u00ed Prentsmi\u00f0junni Gutenberg. St\u00e6r\u00f0: 47 X 31.7 cm og 4 bls.<\/p>\n<p><strong>Sk\u00f3labla\u00f0i\u00f0<\/strong>. 3. \u00e1rg. Reykjav\u00edk 15. j\u00fan\u00ed 1909. St\u00e6r\u00f0: 47.5 X 28.2 cm og 4 bls. \u00datgefandi: Hi\u00f0 \u00edslenska kennaraf\u00e9lag. 1908-1909. Ritstj\u00f3ri og \u00e1bm. J\u00f3n \u00de\u00f3rarinsson. Efni bla\u00f0sins fjallar a\u00f0allega um sk\u00f3lahald, kennslu og uppeldism\u00e1l. Gefi \u00fat 1907-1920. Kom \u00fat tvisvar \u00ed m\u00e1nu\u00f0i.<\/p>\n<p><strong>Fr\u00e9ttir<\/strong>. 2.\u00e1rg. 1, bla\u00f0. Reykjav\u00edk, laugardaginn 27.apr\u00edl 1918. \u2028Fr\u00e9ttabla\u00f0, sem var gefi\u00f0 \u00fat \u00ed Reykjav\u00edk 1915-1918. Ritstj\u00f3rar: Einar Gunnarsson 1915-1916 og Gu\u00f0m. Gu\u00f0mundsson 1918. \u00datgefandi: F\u00e9lag eitt \u00ed Reykjav\u00edk. St\u00e6r\u00f0: 42 X 28.2 cm og 4 bls. Prenta\u00f0 \u00ed Prentsmi\u00f0junni Gutenberg.<\/p>\n<p><strong>Doktorinn<\/strong>. 1.\u00e1rg. 3.tbl. 31. marz 1928. St\u00e6r\u00f0: 35.2 X 25.5 cm og 8 bls. \u00datgefendur: Nokkrir menn \u00ed Reykjav\u00edk. Kemur \u00fat er honum \u00feurfa \u00feykir. \u00c1byrg\u00f0arma\u00f0ur Doktorsins er einnig annast afgrei\u00f0slu hans, er Sigur\u00f0ur Sigurz, Bankastr\u00e6ti 7 Reykjav\u00edk. Prenta\u00f0 \u00ed Prentsmi\u00f0junni Gutenberg \u00ed \u00deingholtsstr\u00e6ti 6 \u00ed Reykjav\u00edk.<\/p>\n<p><strong>L\u00fd\u00f0veldi\u00f0<\/strong>. III. \u00c1r, 6.tbl. Reykjav\u00edk, 8. N\u00f3vember 1938. Bla\u00f0 til stu\u00f0nings l\u00fd\u00f0veldishugsj\u00f3ninni og \u00fej\u00f3\u00f0f\u00e9lagslegu samstarfi \u00ed landsm\u00e1lum. Ritstj\u00f3ri: Sigur\u00f0ur Gu\u00f0j\u00f3nsson Afgrei\u00f0sla: B\u00f3kaverslun Gu\u00f0m. Gamal\u00edelssonar St\u00e6r\u00f0:40.7 X 28.2 cm og 4 bls. Bla\u00f0i\u00f0 kom \u00fat 1936-1939, alls 7 tbl. en logna\u00f0ist \u00fe\u00e1 \u00fat af. Prenta\u00f0 \u00ed \u00cdsafoldarprentsmi\u00f0ju, \u00deingholtsstr\u00e6ti 5 \u00ed Reykjav\u00edk.<\/p>\n","protected":false},"excerpt":{"rendered":"<p>G\u00f6mul bl\u00f6\u00f0 VIII. Reykjav\u00edk III. \u00cd \u00feessum pakka eru 5 bl\u00f6\u00f0. \u00d6ll prentu\u00f0 \u00ed Reykjav\u00edk. \u00derj\u00fa \u00feeirra eru yfir 100 \u00e1ra, eitt er 95 og \u00fea\u00f0 yngsta fr\u00e1 1938. Huginn. I. \u00e1rg. 14.tbl. 12. Des.1907. \u00datgefendur: Bjarni J\u00f3nsson fr\u00e1 Vogi og Einar Gunnarsson. Afgrei\u00f0sla: The\u00f3d\u00f3r \u00c1rnason, Templarasundi 3 \u00ed Reykjav\u00edk. Prenta\u00f0 \u00ed Prentsmi\u00f0junni Gutenberg. St\u00e6r\u00f0: [&hellip;]<\/p>\n","protected":false},"featured_media":8001,"template":"","meta":{"slim_seo":{"title":"G\u00f6mul bl\u00f6\u00f0 VIII - KindArt","description":"G\u00f6mul bl\u00f6\u00f0 VIII . Reykjav\u00edk III. \u00cd \u00feessum pakka eru 5 bl\u00f6\u00f0. \u00d6ll prentu\u00f0 \u00ed Reykjav\u00edk. \u00derj\u00fa \u00feeirra eru yfir 100 \u00e1ra, eitt er 95 og \u00fea\u00f0 yngsta fr\u00e1 1938. Huginn . I"}},"product_brand":[],"product_cat":[83],"product_tag":[],"class_list":{"0":"post-8010","1":"product","2":"type-product","3":"status-publish","4":"has-post-thumbnail","6":"product_cat-books","7":"product_shipping_class-small-en","9":"first","10":"instock","11":"purchasable","12":"product-type-simple"},"_links":{"self":[{"href":"https:\/\/kindart.is\/en\/wp-json\/wp\/v2\/product\/8010","targetHints":{"allow":["GET"]}}],"collection":[{"href":"https:\/\/kindart.is\/en\/wp-json\/wp\/v2\/product"}],"about":[{"href":"https:\/\/kindart.is\/en\/wp-json\/wp\/v2\/types\/product"}],"wp:featuredmedia":[{"embeddable":true,"href":"https:\/\/kindart.is\/en\/wp-json\/wp\/v2\/media\/8001"}],"wp:attachment":[{"href":"https:\/\/kindart.is\/en\/wp-json\/wp\/v2\/media?parent=8010"}],"wp:term":[{"taxonomy":"product_brand","embeddable":true,"href":"https:\/\/kindart.is\/en\/wp-json\/wp\/v2\/product_brand?post=8010"},{"taxonomy":"product_cat","embeddable":true,"href":"https:\/\/kindart.is\/en\/wp-json\/wp\/v2\/product_cat?post=8010"},{"taxonomy":"product_tag","embeddable":true,"href":"https:\/\/kindart.is\/en\/wp-json\/wp\/v2\/product_tag?post=8010"}],"curies":[{"name":"wp","href":"https:\/\/api.w.org\/{rel}","templated":true}]}}