{"id":8022,"date":"2023-08-10T12:04:55","date_gmt":"2023-08-10T12:04:55","guid":{"rendered":"https:\/\/kindart.is\/product\/gomul-blod-ix\/"},"modified":"2023-08-10T12:04:55","modified_gmt":"2023-08-10T12:04:55","slug":"gomul-blod-ix","status":"publish","type":"product","link":"https:\/\/kindart.is\/en\/vara\/gomul-blod-ix\/","title":{"rendered":"G\u00f6mul bl\u00f6\u00f0 IX"},"content":{"rendered":"<p><strong>G\u00f6mul bl\u00f6\u00f0 IX<\/strong>. \u2013 Landsbygg\u00f0in og Rv\u00edk IV. \u00cd \u00feessum pakka eru 3 bl\u00f6\u00f0 gefin \u00fat \u00ed Reykjav\u00edk og 2 \u00e1 Akureyri. Talin upp \u00ed r\u00f6\u00f0 eftir \u00fatg\u00e1fu\u00e1ri:<\/p>\n<p><strong>SMIRILL<\/strong> I.\u00e1rg. 1. tbl. 12. n\u00f3v. 1931. St\u00e6r\u00f0: 31 X 21.1 cm og 16 bls. Prenta\u00f0 \u00ed Fjelagsprentsmi\u00f0junni. Ritstj\u00f3ri: Gu\u00f0munda Nielsen, skreifstofa \u00ed A\u00f0alstr\u00e6ti 9 \u00ed Reykjav\u00edk. \u00dea\u00f0 \u00e1tti a\u00f0 koma \u00fat \u00ferisvar \u00ed m\u00e1nu\u00f0i, en \u00fea\u00f0 komu a\u00f0eins \u00fat 3 bl\u00f6\u00f0.<\/p>\n<p><strong>DAGUR<\/strong> 25 \u00e1ra. 12. febr. 1943. Afm\u00e6lisbla\u00f0 me\u00f0 m\u00f6rgum myndum fr\u00e1 Akureyri, m.a. skrifar J\u00f3hann Fr\u00edmann grein um Prentverk Odds Bj\u00f6rnssonar sem er fr\u00f3\u00f0leg mj\u00f6g. \u00c1 fors\u00ed\u00f0u er mynd af briggskipinu William \u00e1 Akureyrarh\u00f6fn, en m\u00e1lverki\u00f0 er \u00ed eigu Akureyrarb\u00e6jar. Var \u00fea\u00f0 m\u00e1la\u00f0 um 1850 af skipstj\u00f3ra \u00feess, P. G. Schmidt. Prenta\u00f0 \u00ed Prentverki Odds Bj\u00f6rnssonar. Ritstj\u00f3rar Ingimar Eydal og J\u00f3hann Fr\u00edmann. St\u00e6r\u00f0: 35.3 X 25.3 cm og 38 bls. og k\u00e1pa. Dagur var bla\u00f0 samvinnumanna nor\u00f0an- og austanlands segir J\u00f3nas J\u00f3nsson fr\u00e1 Hriflu \u00ed grein sem hann skrifar \u00ed bla\u00f0i\u00f0.<\/p>\n<p><strong>H\u00e1\u00f0fuglinn<\/strong>. 2.tbl. \u00e1g\u00fast 1949. St\u00e6r\u00f0: 28.5 X22 cm og 18 bls. og k\u00e1pa. Prenta\u00f0 \u00ed Ing\u00f3lfsprenti. Ritstj\u00f3ri og \u00e1bm. Gu\u00f0mundur Sigur\u00f0sson.<\/p>\n<p><strong>Laugardagsbla\u00f0i\u00f0<\/strong> 1. \u00e1rg. 1. tbl. 2. okt\u00f3ber 1954. St\u00e6r\u00f0:43.5 X 28.7 cm og 4 bls. Dagbla\u00f0 sem var gefi\u00f0 \u00fat \u00e1 Akureyri 1954-1962. Prenta\u00f0 \u00ed Prentsmi\u00f0ju Bj\u00f6rns J\u00f3nssonar \u00e1 Akureyri. Ritstj\u00f3ri og \u00e1bm. \u00c1rni Bjarnarson. Afgrei\u00f0sla: B\u00f3kaverslunin Edda Akureyri.<\/p>\n<p><strong>T\u00e1ningabla\u00f0i\u00f0 J\u00f3n\u00edna<\/strong> 1. tbl. 1.\u00e1rg. j\u00fal\u00ed 1969. \u2013 St\u00e6r\u00f0: 33.4 X 23 cm og 16 bls. Ritstj\u00f3ri: P\u00e1ll Hermannsson. A\u00f0sto\u00f0arritstj\u00f3ri og lj\u00f3sm. \u00c1st\u00fe\u00f3r Magn\u00fasson. Augl\u00fdsingastj\u00f3ri: Jakob J\u00f3nsson. \u00c1byrg\u00f0arma\u00f0ur: Gunnar J\u00f3nsson. Prentun: Prentsmi\u00f0ja \u00dej\u00f3\u00f0viljans \u00cd Reykjav\u00edk.<\/p>\n","protected":false},"excerpt":{"rendered":"<p>G\u00f6mul bl\u00f6\u00f0 IX. \u2013 Landsbygg\u00f0in og Rv\u00edk IV. \u00cd \u00feessum pakka eru 3 bl\u00f6\u00f0 gefin \u00fat \u00ed Reykjav\u00edk og 2 \u00e1 Akureyri. Talin upp \u00ed r\u00f6\u00f0 eftir \u00fatg\u00e1fu\u00e1ri: SMIRILL I.\u00e1rg. 1. tbl. 12. n\u00f3v. 1931. St\u00e6r\u00f0: 31 X 21.1 cm og 16 bls. Prenta\u00f0 \u00ed Fjelagsprentsmi\u00f0junni. Ritstj\u00f3ri: Gu\u00f0munda Nielsen, skreifstofa \u00ed A\u00f0alstr\u00e6ti 9 \u00ed Reykjav\u00edk. [&hellip;]<\/p>\n","protected":false},"featured_media":8013,"template":"","meta":{"slim_seo":{"title":"G\u00f6mul bl\u00f6\u00f0 IX - KindArt","description":"G\u00f6mul bl\u00f6\u00f0 IX . \u2013 Landsbygg\u00f0in og Rv\u00edk IV. \u00cd \u00feessum pakka eru 3 bl\u00f6\u00f0 gefin \u00fat \u00ed Reykjav\u00edk og 2 \u00e1 Akureyri. Talin upp \u00ed r\u00f6\u00f0 eftir \u00fatg\u00e1fu\u00e1ri: SMIRILL I.\u00e1rg. 1. tb"}},"product_brand":[],"product_cat":[83],"product_tag":[],"class_list":{"0":"post-8022","1":"product","2":"type-product","3":"status-publish","4":"has-post-thumbnail","6":"product_cat-books","7":"product_shipping_class-small-en","9":"first","10":"instock","11":"purchasable","12":"product-type-simple"},"_links":{"self":[{"href":"https:\/\/kindart.is\/en\/wp-json\/wp\/v2\/product\/8022","targetHints":{"allow":["GET"]}}],"collection":[{"href":"https:\/\/kindart.is\/en\/wp-json\/wp\/v2\/product"}],"about":[{"href":"https:\/\/kindart.is\/en\/wp-json\/wp\/v2\/types\/product"}],"wp:featuredmedia":[{"embeddable":true,"href":"https:\/\/kindart.is\/en\/wp-json\/wp\/v2\/media\/8013"}],"wp:attachment":[{"href":"https:\/\/kindart.is\/en\/wp-json\/wp\/v2\/media?parent=8022"}],"wp:term":[{"taxonomy":"product_brand","embeddable":true,"href":"https:\/\/kindart.is\/en\/wp-json\/wp\/v2\/product_brand?post=8022"},{"taxonomy":"product_cat","embeddable":true,"href":"https:\/\/kindart.is\/en\/wp-json\/wp\/v2\/product_cat?post=8022"},{"taxonomy":"product_tag","embeddable":true,"href":"https:\/\/kindart.is\/en\/wp-json\/wp\/v2\/product_tag?post=8022"}],"curies":[{"name":"wp","href":"https:\/\/api.w.org\/{rel}","templated":true}]}}