{"id":8035,"date":"2023-08-10T17:33:34","date_gmt":"2023-08-10T17:33:34","guid":{"rendered":"https:\/\/kindart.is\/product\/gomul-blod-x\/"},"modified":"2023-08-10T17:33:34","modified_gmt":"2023-08-10T17:33:34","slug":"gomul-blod-x","status":"publish","type":"product","link":"https:\/\/kindart.is\/en\/vara\/gomul-blod-x\/","title":{"rendered":"G\u00f6mul bl\u00f6\u00f0 X"},"content":{"rendered":"<p><strong>G\u00f6mul bl\u00f6\u00f0 X<\/strong>. Reykjav\u00edk V. \u00cd \u00feessum pakka eru fimm bl\u00f6\u00f0 sem \u00f6ll eru prentu\u00f0 \u00ed Reykjav\u00edk og fj\u00f6gur eru meira en 100 \u00e1ra g\u00f6mul. Ra\u00f0a\u00f0 eftir aldri.<\/p>\n<p><strong>Dagskr\u00e1<\/strong>. H\u00fan var prentu\u00f0 \u00ed Prentsmi\u00f0ju Dagskr\u00e1r \u00ed Reykjav\u00edk. II.85. laugardaginn 18. des. 1897. St\u00e6r\u00f0: 42 X 27.7 cm og 8 bls. \u00c1byrg\u00f0arma\u00f0ur: Einar Benediktsson. \u00datgefandi: F\u00e9lag eitt \u00ed Reykjav\u00edk. Gefi\u00f0 \u00fat:1896-1899.<\/p>\n<p><strong>Al\u00fe\u00fd\u00f0ubla\u00f0i\u00f0<\/strong>. Frelsi, jafnr\u00e9tti, br\u00e6\u00f0ralag.- M\u00e1lgagn verkamanna og jafna\u00f0arsinna \u00e1 \u00cdslandi. 11. \u00e1rg. 2. bla\u00f0 27. febr. 1907. \u00datgefandi: Hlutaf\u00e9lag \u00ed Reykjav\u00edk. Ritstj\u00f3ri: P\u00e9tur Georg Gu\u00f0mundsson Fyrsta verkal\u00fd\u00f0sbla\u00f0i\u00f0. Gefi\u00f0 \u00fat 1906-1907. Prenta\u00f0 \u00ed Prentsmi\u00f0junni Gutenberg.<\/p>\n<p><strong>L\u00f6grjetta<\/strong>. X.\u00e1rg. Nr. 58 Reykjav\u00edk 18. desember 1915. St\u00e6r\u00f0: 54.5 X 36 cm og 4 bls. Efni \u00feess var fr\u00e9ttir og \u00fdmiss fr\u00f3\u00f0leikur. Ritstj\u00f3ri: \u00deorsteinn G\u00edslason (1906-1936) og Vilhj\u00e1lmur \u00de. G\u00edslason (1932-1936). \u00datgefandi: \u00deorsteinn G\u00edslason \u00deingholtsstr\u00e6ti 17 \u00ed Reykjav\u00edk. Afgrei\u00f0slu- og innheimtuma\u00f0ur: \u00de\u00f3rarinn B. \u00deorl\u00e1ksson Veltusundi 1.<\/p>\n<p><strong>Merk\u00far<\/strong>. I. \u00e1rg. 4. Bla\u00f0 okt. 1918. M\u00e1lgagn verslunarmanna, Verslunarmannaf\u00e9lagi\u00f0 Merk\u00far. Gefi\u00f0 \u00fat 1818-1920. \u00datgefandi: F\u00e9lag \u00ed Reykjav\u00edk. Ritstj\u00f3ri: \u00c1rni \u00d3la; Afgrei\u00f0sluma\u00f0ur: \u00deorstewinn Bjarnason. Nj\u00e1lsg\u00f6tu 15 \u00ed Reykjav\u00edk. St\u00e6r\u00f0: 25.5 X 19.5 cm og 8 bls. og k\u00e1pa me\u00f0 augl\u00fdsingum.<\/p>\n<p><strong>B\u00f3ndinn<\/strong>. 1. \u00e1rg. 7. tbl. 22. n\u00f3v.1943. Bla\u00f0 um framlei\u00f0slum\u00e1l. Ritstj\u00f3ri og \u00e1bm. Gunnar Bjarnason. Gefi\u00f0 \u00fat 1918-1920. Kom \u00fat 1 sinni \u00ed m\u00e1nu\u00f0i. St\u00e6r\u00f0: 37.4 X 28.7 cm og 4 bls. Prenta\u00f0 \u00ed Prentsmi\u00f0junni Eddu \u00ed Reykjav\u00edk, Lindarg\u00f6tu 9a.<\/p>\n","protected":false},"excerpt":{"rendered":"<p>G\u00f6mul bl\u00f6\u00f0 X. Reykjav\u00edk V. \u00cd \u00feessum pakka eru fimm bl\u00f6\u00f0 sem \u00f6ll eru prentu\u00f0 \u00ed Reykjav\u00edk og fj\u00f6gur eru meira en 100 \u00e1ra g\u00f6mul. Ra\u00f0a\u00f0 eftir aldri. Dagskr\u00e1. H\u00fan var prentu\u00f0 \u00ed Prentsmi\u00f0ju Dagskr\u00e1r \u00ed Reykjav\u00edk. II.85. laugardaginn 18. des. 1897. St\u00e6r\u00f0: 42 X 27.7 cm og 8 bls. \u00c1byrg\u00f0arma\u00f0ur: Einar Benediktsson. \u00datgefandi: F\u00e9lag [&hellip;]<\/p>\n","protected":false},"featured_media":8026,"template":"","meta":{"slim_seo":{"title":"G\u00f6mul bl\u00f6\u00f0 X - KindArt","description":"G\u00f6mul bl\u00f6\u00f0 X . Reykjav\u00edk V. \u00cd \u00feessum pakka eru fimm bl\u00f6\u00f0 sem \u00f6ll eru prentu\u00f0 \u00ed Reykjav\u00edk og fj\u00f6gur eru meira en 100 \u00e1ra g\u00f6mul. Ra\u00f0a\u00f0 eftir aldri. Dagskr\u00e1 . H\u00fan"}},"product_brand":[],"product_cat":[83],"product_tag":[],"class_list":{"0":"post-8035","1":"product","2":"type-product","3":"status-publish","4":"has-post-thumbnail","6":"product_cat-books","7":"product_shipping_class-small-en","9":"first","10":"instock","11":"purchasable","12":"product-type-simple"},"_links":{"self":[{"href":"https:\/\/kindart.is\/en\/wp-json\/wp\/v2\/product\/8035","targetHints":{"allow":["GET"]}}],"collection":[{"href":"https:\/\/kindart.is\/en\/wp-json\/wp\/v2\/product"}],"about":[{"href":"https:\/\/kindart.is\/en\/wp-json\/wp\/v2\/types\/product"}],"wp:featuredmedia":[{"embeddable":true,"href":"https:\/\/kindart.is\/en\/wp-json\/wp\/v2\/media\/8026"}],"wp:attachment":[{"href":"https:\/\/kindart.is\/en\/wp-json\/wp\/v2\/media?parent=8035"}],"wp:term":[{"taxonomy":"product_brand","embeddable":true,"href":"https:\/\/kindart.is\/en\/wp-json\/wp\/v2\/product_brand?post=8035"},{"taxonomy":"product_cat","embeddable":true,"href":"https:\/\/kindart.is\/en\/wp-json\/wp\/v2\/product_cat?post=8035"},{"taxonomy":"product_tag","embeddable":true,"href":"https:\/\/kindart.is\/en\/wp-json\/wp\/v2\/product_tag?post=8035"}],"curies":[{"name":"wp","href":"https:\/\/api.w.org\/{rel}","templated":true}]}}