{"id":8047,"date":"2023-08-10T17:41:32","date_gmt":"2023-08-10T17:41:32","guid":{"rendered":"https:\/\/kindart.is\/product\/gomul-blod-xi\/"},"modified":"2023-08-10T17:41:32","modified_gmt":"2023-08-10T17:41:32","slug":"gomul-blod-xi","status":"publish","type":"product","link":"https:\/\/kindart.is\/en\/vara\/gomul-blod-xi\/","title":{"rendered":"G\u00f6mul bl\u00f6\u00f0 XI"},"content":{"rendered":"<p><strong>G\u00f6mul bl\u00f6\u00f0 XI<\/strong>. Fr\u00e1 \u00fdmsum kaupst. \u00e1 landinu: \u00cdsafir\u00f0i, Sey\u00f0isfir\u00f0i og Akureyri. Ra\u00f0a\u00f0 eftir aldri. \u00d6ll bl\u00f6\u00f0in eru 100 \u00e1ra og eldri.<\/p>\n<p><strong>Grettir<\/strong>. I. \u00e1rg. Nr. 3 \u2013 fimmtudagur 30. n\u00f3v. 1893. \u00datgefendur: F\u00e9lag eitt \u00e1 \u00cdsafir\u00f0i. \u00c1byrg\u00f0arma\u00f0ur: Cand theol. Gr\u00edmur J\u00f3nsson. Kom \u00fat tvisvar \u00e1 m\u00e1nu\u00f0i. Alls 24 bl\u00f6\u00f0. St\u00e6r\u00f0: 31.2 X 25 cm og 4 bls. Prenta\u00f0 \u00ed Prentsmi\u00f0ju \u00cdsfir\u00f0inga.<\/p>\n<p><strong>Bjarki<\/strong>. I.\u00e1rg. Nr 8, laugardaginn 28. n\u00f3vember 1896. \u00datgefendur: Prentf\u00e9lag Austfir\u00f0inga. Ritstj\u00f3rar, og \u00e1bm.:s \u00deorsteinn Erlingsson (1896-1900) \u00deorsteinn G\u00edslason (1899-1904). Kom \u00fat vikulega, 1896-1904, alls 9 \u00e1rg. St\u00e6r\u00f0: 33 X 21.3 cm og 4 bls. Prenta\u00f0ur \u00ed Prentsmi\u00f0ju Bjarka \u00e1 Sey\u00f0isfir\u00f0i.<\/p>\n<p><strong>Haukur<\/strong>. III. \u00e1rg. Nr 1-3, 17. febr\u00faar 1900. Al\u00fe\u00fd\u00f0legt skemmti- og fr\u00e6\u00f0i-rit. \u00datgefandi: Stef\u00e1n Run\u00f3lfsson. 1897-1915, alls 9 \u00e1rg. Efni bla\u00f0sins var al\u00fe\u00fd\u00f0legur fr\u00f3\u00f0leikur, s\u00f6gur og gamanm\u00e1l. St\u00e6r\u00f0: 33.7 X 21 cm og 12 bls. Kom l\u00edka \u00fat \u00ed st\u00e6rra formi. Prenta\u00f0 \u00ed Prentsmi\u00f0ju Stef\u00e1ns Run\u00f3lfssonar \u00e1 \u00cdsafir\u00f0i til 1901, en \u00fe\u00e1 flutti Stef\u00e1n til Reykjav\u00edkur og eftir \u00fea\u00f0 var bla\u00f0i\u00f0 prenta\u00f0 \u00ed Prentsmi\u00f0junni Gutenberg \u00ed Reykjav\u00edk.<\/p>\n<p><strong>Stefnir<\/strong>. 9.\u00e1rg. 8. bla\u00f0 27. mars 1901. Dagbla\u00f0. \u00datgefandi og prentari: Bj\u00f6rn J\u00f3nsson. Greinar og fr\u00e9ttir um \u00fdmiss m\u00e1lefni. \u00datgefandi: Nor\u00f0lenzkt hlutaf\u00e9lag. Ritstj\u00f3ri: Bj\u00f6rn J\u00f3nsson. Gefi\u00f0 \u00fat 1893-1905. St\u00e6r\u00f0: 39.3 X 25.5 cm og 4 bls. Prenta\u00f0 \u00ed Prentsmi\u00f0ju Bj\u00f6rns J\u00f3nssonar \u00e1 Akureyri.<\/p>\n<p><strong>H\u00e6nir<\/strong>. I. \u00e1rg. 1. tbl. 10. n\u00f3v. 1923. Bla\u00f0 sem kom \u00fat einu sinni \u00ed viku \u00e1 Sey\u00f0isfir\u00f0i. Ritstj\u00f3ri og \u00e1bm. Sig. Arngr\u00edmsson. St\u00e6r\u00f0: 44.5 X 28 cm og 4 bls. Gefi\u00f0 \u00fat: 1923-1930.<\/p>\n","protected":false},"excerpt":{"rendered":"<p>G\u00f6mul bl\u00f6\u00f0 XI. Fr\u00e1 \u00fdmsum kaupst. \u00e1 landinu: \u00cdsafir\u00f0i, Sey\u00f0isfir\u00f0i og Akureyri. Ra\u00f0a\u00f0 eftir aldri. \u00d6ll bl\u00f6\u00f0in eru 100 \u00e1ra og eldri. Grettir. I. \u00e1rg. Nr. 3 \u2013 fimmtudagur 30. n\u00f3v. 1893. \u00datgefendur: F\u00e9lag eitt \u00e1 \u00cdsafir\u00f0i. \u00c1byrg\u00f0arma\u00f0ur: Cand theol. Gr\u00edmur J\u00f3nsson. Kom \u00fat tvisvar \u00e1 m\u00e1nu\u00f0i. Alls 24 bl\u00f6\u00f0. St\u00e6r\u00f0: 31.2 X 25 cm [&hellip;]<\/p>\n","protected":false},"featured_media":8038,"template":"","meta":{"slim_seo":{"title":"G\u00f6mul bl\u00f6\u00f0 XI - KindArt","description":"G\u00f6mul bl\u00f6\u00f0 XI . Fr\u00e1 \u00fdmsum kaupst. \u00e1 landinu: \u00cdsafir\u00f0i, Sey\u00f0isfir\u00f0i og Akureyri. Ra\u00f0a\u00f0 eftir aldri. \u00d6ll bl\u00f6\u00f0in eru 100 \u00e1ra og eldri. Grettir . I. \u00e1rg. Nr. 3 \u2013 fi"}},"product_brand":[],"product_cat":[83],"product_tag":[],"class_list":{"0":"post-8047","1":"product","2":"type-product","3":"status-publish","4":"has-post-thumbnail","6":"product_cat-books","7":"product_shipping_class-small-en","9":"first","10":"instock","11":"purchasable","12":"product-type-simple"},"_links":{"self":[{"href":"https:\/\/kindart.is\/en\/wp-json\/wp\/v2\/product\/8047","targetHints":{"allow":["GET"]}}],"collection":[{"href":"https:\/\/kindart.is\/en\/wp-json\/wp\/v2\/product"}],"about":[{"href":"https:\/\/kindart.is\/en\/wp-json\/wp\/v2\/types\/product"}],"wp:featuredmedia":[{"embeddable":true,"href":"https:\/\/kindart.is\/en\/wp-json\/wp\/v2\/media\/8038"}],"wp:attachment":[{"href":"https:\/\/kindart.is\/en\/wp-json\/wp\/v2\/media?parent=8047"}],"wp:term":[{"taxonomy":"product_brand","embeddable":true,"href":"https:\/\/kindart.is\/en\/wp-json\/wp\/v2\/product_brand?post=8047"},{"taxonomy":"product_cat","embeddable":true,"href":"https:\/\/kindart.is\/en\/wp-json\/wp\/v2\/product_cat?post=8047"},{"taxonomy":"product_tag","embeddable":true,"href":"https:\/\/kindart.is\/en\/wp-json\/wp\/v2\/product_tag?post=8047"}],"curies":[{"name":"wp","href":"https:\/\/api.w.org\/{rel}","templated":true}]}}