{"id":8059,"date":"2023-08-12T06:35:10","date_gmt":"2023-08-12T06:35:10","guid":{"rendered":"https:\/\/kindart.is\/product\/gomul-blod-fra-19-oldinni\/"},"modified":"2023-08-12T06:37:05","modified_gmt":"2023-08-12T06:37:05","slug":"gomul-blod-fra-19-oldinni","status":"publish","type":"product","link":"https:\/\/kindart.is\/en\/vara\/gomul-blod-fra-19-oldinni\/","title":{"rendered":"G\u00f6mul bl\u00f6\u00f0 fr\u00e1 19. \u00f6ldinni"},"content":{"rendered":"<p><strong>G\u00f6mul bl\u00f6\u00f0 fr\u00e1 19. \u00f6ldinni<\/strong>. Bl\u00f6\u00f0in eru \u00f6ll prentu\u00f0 fyrir 1900 og eru \u00fev\u00ed forngripir og mj\u00f6g f\u00e1s\u00e9\u00f0.<\/p>\n<p><strong>Skuld<\/strong>.II. \u00e1rg. Nr 17-18, 6. j\u00fal\u00ed 1878. Bla\u00f0i\u00f0 var gefi\u00f0 \u00fat \u00e1 Eskifir\u00f0i og h\u00e9t Skuld eftir einni \u00f6rlaganorninni \u00ed norr\u00e6nni go\u00f0afr\u00e6\u00f0i. Hinar h\u00e9tu Ur\u00f0ur og Ver\u00f0andi. Skuld \u00fe\u00fdddi framt\u00ed\u00f0ina og var h\u00fan me\u00f0 elstu bl\u00f6\u00f0um \u00e1 \u00cdslandi og prentsmi\u00f0jan sem prenta\u00f0i bla\u00f0i\u00f0 var fyrsta prentsmi\u00f0jan \u00e1 Austurlandi og h\u00e9t Prentsmi\u00f0ja Skuldar eftir bla\u00f0inu en h\u00fan var sett ni\u00f0ur \u00e1 Eskifir\u00f0i 1877. Eigandi var J\u00f3n \u00d3lafsson sk\u00e1ld og bla\u00f0ama\u00f0ur. St\u00e6r\u00f0 bla\u00f0sins var 35.7 X 23 cm og 8 bls. Fyrsta myndin sem birtist \u00ed \u00edslensku bla\u00f0i var \u00ed Skuld, 23. j\u00fan\u00ed 1880 og var h\u00fan af Kristj\u00e1ni IX. danakonungi. Bla\u00f0i\u00f0 var gefi\u00f0 \u00fat \u00ed 5 \u00e1r, 1877-1883.<\/p>\n<p><strong>Su\u00f0ri<\/strong>. 3. \u00e1rg. 34. Bla\u00f0, 30. okt\u00f3ber 1885. \u00datgefendur: Einar \u00de\u00f3r\u00f0arson og Kristj\u00e1n \u00d3 \u00deorgr\u00edmsson, en ritstj\u00f3ri og \u00e1bm. Gestur P\u00e1lsson. \u00dea\u00f0 fjalla\u00f0i um menningarm\u00e1l, innlendar og erlendar fr\u00e9ttir. St\u00e6r\u00f0: 35.6 X 23.5 cm og 4 bls. Bla\u00f0i\u00f0 var gefi\u00f0 \u00fat \u00ed Reykjav\u00edk 1883-1886. Prenta\u00f0 \u00ed Prentsmi\u00f0ju Einars \u00de\u00f3r\u00f0arsonar \u00ed Reykjav\u00edk.<\/p>\n<p><strong>L\u00fd\u00f0ur<\/strong>. 2.\u00e1rg. 14. Bla\u00f0, 17. \u00c1g\u00fast 1890. \u00datgefandi: Matth\u00edas Jochumsson. Ritstj\u00f3ri Matt\u00edas Jochumsson sk\u00e1ld. Efni \u00feess var um menningarm\u00e1l, fr\u00e9ttir og b\u00f3kmenntir. \u00dea\u00f0 kom \u00fat 1888-1891. Prenta\u00f0 \u00ed Prentsmi\u00f0ju Bj\u00f6rns J\u00f3nssonar \u00e1 Akureyri. St\u00e6r\u00f0: 34.6 X 21.5 cm og 4 bls.<\/p>\n<p><strong>Reykv\u00edkingur<\/strong>. 1. J\u00fal\u00ed 1898, VIII. \u00e1rg. 7. tbl. \u00datgefandi og \u00e1bm. Valgar\u00f0ur \u00d3. Brei\u00f0fj\u00f6r\u00f0. \u00deetta var Reykjav\u00edkurbla\u00f0 og kom \u00fat einu sinni \u00ed hverjum m\u00e1nu\u00f0i. \u00dea\u00f0 kom \u00fat 1891-1902 e\u00f0a 12 \u00e1rg. St\u00e6r\u00f0: 30.6 X20.5 cm og 4 bls. Ritstj\u00f3ri: Valgar\u00f0ur \u00d3. Brei\u00f0fj\u00f6r\u00f0 var lengst e\u00f0a 1892-1902, en a\u00f0rir voru ritatj. Egill Egilsson1891-1892 og \u00e1bm. J\u00f3n Erlendsson 1891. Prenta\u00f0 \u00ed Prentsmi\u00f0ju Dagskr\u00e1r.<\/p>\n<p><strong>Dagskr\u00e1<\/strong>. III.\u00e1rg. no. 31. 4. marz 1899. \u00datgefandi: F\u00e9lag eitt \u00ed Reykjav\u00edk. \u00c1byrg\u00f0arma\u00f0ur: Einar Benediktsson 1896-1898 \u00dea\u00f0 var gefi\u00f0 \u00fat 1896-1899. Efni \u00feess voru fr\u00e9ttir og greinar. Sigur\u00f0ur J\u00fal\u00edus J\u00f3hannesson var \u00e1bm 1898-99 og J\u00f3n Bjarnason 1899. St\u00e6r\u00f0: 44.2 X 28 cm og 4 bls. Prenta\u00f0 \u00ed Aldarprentsmi\u00f0ju \u00ed Reykjav\u00edk.<\/p>\n","protected":false},"excerpt":{"rendered":"<p>G\u00f6mul bl\u00f6\u00f0 fr\u00e1 19. \u00f6ldinni. Bl\u00f6\u00f0in eru \u00f6ll prentu\u00f0 fyrir 1900 og eru \u00fev\u00ed forngripir og mj\u00f6g f\u00e1s\u00e9\u00f0. Skuld.II. \u00e1rg. Nr 17-18, 6. j\u00fal\u00ed 1878. Bla\u00f0i\u00f0 var gefi\u00f0 \u00fat \u00e1 Eskifir\u00f0i og h\u00e9t Skuld eftir einni \u00f6rlaganorninni \u00ed norr\u00e6nni go\u00f0afr\u00e6\u00f0i. Hinar h\u00e9tu Ur\u00f0ur og Ver\u00f0andi. Skuld \u00fe\u00fdddi framt\u00ed\u00f0ina og var h\u00fan me\u00f0 elstu bl\u00f6\u00f0um \u00e1 [&hellip;]<\/p>\n","protected":false},"featured_media":8050,"template":"","meta":{"slim_seo":{"title":"G\u00f6mul bl\u00f6\u00f0 fr\u00e1 19. \u00f6ldinni - KindArt","description":"G\u00f6mul bl\u00f6\u00f0 fr\u00e1 19. \u00f6ldinni . Bl\u00f6\u00f0in eru \u00f6ll prentu\u00f0 fyrir 1900 og eru \u00fev\u00ed forngripir og mj\u00f6g f\u00e1s\u00e9\u00f0. Skuld .II. \u00e1rg. Nr 17-18, 6. j\u00fal\u00ed 1878. Bla\u00f0i\u00f0 var gefi\u00f0 \u00fat"}},"product_brand":[],"product_cat":[83],"product_tag":[],"class_list":{"0":"post-8059","1":"product","2":"type-product","3":"status-publish","4":"has-post-thumbnail","6":"product_cat-books","7":"product_shipping_class-small-en","9":"first","10":"outofstock","11":"purchasable","12":"product-type-simple"},"_links":{"self":[{"href":"https:\/\/kindart.is\/en\/wp-json\/wp\/v2\/product\/8059","targetHints":{"allow":["GET"]}}],"collection":[{"href":"https:\/\/kindart.is\/en\/wp-json\/wp\/v2\/product"}],"about":[{"href":"https:\/\/kindart.is\/en\/wp-json\/wp\/v2\/types\/product"}],"wp:featuredmedia":[{"embeddable":true,"href":"https:\/\/kindart.is\/en\/wp-json\/wp\/v2\/media\/8050"}],"wp:attachment":[{"href":"https:\/\/kindart.is\/en\/wp-json\/wp\/v2\/media?parent=8059"}],"wp:term":[{"taxonomy":"product_brand","embeddable":true,"href":"https:\/\/kindart.is\/en\/wp-json\/wp\/v2\/product_brand?post=8059"},{"taxonomy":"product_cat","embeddable":true,"href":"https:\/\/kindart.is\/en\/wp-json\/wp\/v2\/product_cat?post=8059"},{"taxonomy":"product_tag","embeddable":true,"href":"https:\/\/kindart.is\/en\/wp-json\/wp\/v2\/product_tag?post=8059"}],"curies":[{"name":"wp","href":"https:\/\/api.w.org\/{rel}","templated":true}]}}