{"id":8066,"date":"2023-08-17T07:20:32","date_gmt":"2023-08-17T07:20:32","guid":{"rendered":"https:\/\/kindart.is\/product\/vesturland\/"},"modified":"2023-08-17T07:38:54","modified_gmt":"2023-08-17T07:38:54","slug":"vesturland","status":"publish","type":"product","link":"https:\/\/kindart.is\/en\/vara\/vesturland\/","title":{"rendered":"Vesturland"},"content":{"rendered":"<p><strong>Vesturland<\/strong>, bla\u00f0 vestfirskra sj\u00e1lfst\u00e6\u00f0ismanna. IX. \u00e1rg. 1.tbl. 28 jan. \u2013 17. des.1932. Heill \u00e1rgangur innbundinn \u00ed b\u00f3k, sem er 47 X 32 cm a\u00f0 st\u00e6r\u00f0 og 45 tbl. Bla\u00f0i\u00f0 kom \u00fat einu sinni \u00ed viku og flutti fr\u00e9ttir af Vesturlandi og greinar um stj\u00f3rnm\u00e1l o.fl. \u2013 Ritstj\u00f3ri og \u00e1bm.: J\u00f3n Gr\u00edmsson. Finnbj\u00f6rn Hermannsson anna\u00f0ist afgrei\u00f0slu og innheimtu. Ritstj\u00f3ri og \u00e1bm. fr\u00e1 febr. og \u00fat \u00e1ri\u00f0: Steinn Emilsson.<\/p>\n<p><strong>\u00datg\u00e1fa og prentun<\/strong>:<br \/>\nSj\u00e1lfst\u00e6\u00f0isf\u00e9lag Vesturlands. 1932. Prentun: Prentsmi\u00f0ja Vesturlands \u00cdsafir\u00f0i.<\/p>\n","protected":false},"excerpt":{"rendered":"<p>Vesturland, bla\u00f0 vestfirskra sj\u00e1lfst\u00e6\u00f0ismanna. IX. \u00e1rg. 1.tbl. 28 jan. \u2013 17. des.1932. Heill \u00e1rgangur innbundinn \u00ed b\u00f3k, sem er 47 X 32 cm a\u00f0 st\u00e6r\u00f0 og 45 tbl. Bla\u00f0i\u00f0 kom \u00fat einu sinni \u00ed viku og flutti fr\u00e9ttir af Vesturlandi og greinar um stj\u00f3rnm\u00e1l o.fl. \u2013 Ritstj\u00f3ri og \u00e1bm.: J\u00f3n Gr\u00edmsson. Finnbj\u00f6rn Hermannsson anna\u00f0ist afgrei\u00f0slu [&hellip;]<\/p>\n","protected":false},"featured_media":8063,"template":"","meta":{"slim_seo":{"title":"Vesturland - KindArt","description":"Vesturland , bla\u00f0 vestfirskra sj\u00e1lfst\u00e6\u00f0ismanna. IX. \u00e1rg. 1.tbl. 28 jan. \u2013 17. des.1932. Heill \u00e1rgangur innbundinn \u00ed b\u00f3k, sem er 47 X 32 cm a\u00f0 st\u00e6r\u00f0 og 45 tbl. B"}},"product_brand":[],"product_cat":[83],"product_tag":[],"class_list":{"0":"post-8066","1":"product","2":"type-product","3":"status-publish","4":"has-post-thumbnail","6":"product_cat-books","7":"product_shipping_class-small-en","9":"first","10":"instock","11":"purchasable","12":"product-type-simple"},"_links":{"self":[{"href":"https:\/\/kindart.is\/en\/wp-json\/wp\/v2\/product\/8066","targetHints":{"allow":["GET"]}}],"collection":[{"href":"https:\/\/kindart.is\/en\/wp-json\/wp\/v2\/product"}],"about":[{"href":"https:\/\/kindart.is\/en\/wp-json\/wp\/v2\/types\/product"}],"wp:featuredmedia":[{"embeddable":true,"href":"https:\/\/kindart.is\/en\/wp-json\/wp\/v2\/media\/8063"}],"wp:attachment":[{"href":"https:\/\/kindart.is\/en\/wp-json\/wp\/v2\/media?parent=8066"}],"wp:term":[{"taxonomy":"product_brand","embeddable":true,"href":"https:\/\/kindart.is\/en\/wp-json\/wp\/v2\/product_brand?post=8066"},{"taxonomy":"product_cat","embeddable":true,"href":"https:\/\/kindart.is\/en\/wp-json\/wp\/v2\/product_cat?post=8066"},{"taxonomy":"product_tag","embeddable":true,"href":"https:\/\/kindart.is\/en\/wp-json\/wp\/v2\/product_tag?post=8066"}],"curies":[{"name":"wp","href":"https:\/\/api.w.org\/{rel}","templated":true}]}}