{"id":8072,"date":"2023-08-17T07:25:15","date_gmt":"2023-08-17T07:25:15","guid":{"rendered":"https:\/\/kindart.is\/product\/hurra\/"},"modified":"2024-10-19T15:48:16","modified_gmt":"2024-10-19T15:48:16","slug":"hurra","status":"publish","type":"product","link":"https:\/\/kindart.is\/en\/vara\/hurra\/","title":{"rendered":"H\u00farra"},"content":{"rendered":"<p><strong>H\u00farra<\/strong>, t\u00f3nlistart\u00edmarit 1.\u00e1rg. 2.tbl. 1965. \u00deeir sem unnu bla\u00f0i\u00f0 voru: \u00deorsteinn Eggertsson og Haukur Morthens.<\/p>\n<p><strong>\u00datg\u00e1fa og prentun<\/strong>:<br \/>\n\u00datgefendur: [l\u00edklega?] \u00deorsteinn og Haukur. 1965 Reykjav\u00edk. Setning inns\u00ed\u00f0ur: Prentsmi\u00f0ja V\u00edsis. Prentun: Prentverk.<\/p>\n","protected":false},"excerpt":{"rendered":"<p>H\u00farra, t\u00f3nlistart\u00edmarit 1.\u00e1rg. 2.tbl. 1965. \u00deeir sem unnu bla\u00f0i\u00f0 voru: \u00deorsteinn Eggertsson og Haukur Morthens. \u00datg\u00e1fa og prentun: \u00datgefendur: [l\u00edklega?] \u00deorsteinn og Haukur. 1965 Reykjav\u00edk. Setning inns\u00ed\u00f0ur: Prentsmi\u00f0ja V\u00edsis. Prentun: Prentverk.<\/p>\n","protected":false},"featured_media":8069,"template":"","meta":{"slim_seo":{"title":"H\u00farra - KindArt","description":"H\u00farra , t\u00f3nlistart\u00edmarit 1.\u00e1rg. 2.tbl. 1965. \u00deeir sem unnu bla\u00f0i\u00f0 voru: \u00deorsteinn Eggertsson og Haukur Morthens. \u00datg\u00e1fa og prentun : \u00datgefendur: [l\u00edklega?] \u00deors"}},"product_brand":[],"product_cat":[83],"product_tag":[],"class_list":{"0":"post-8072","1":"product","2":"type-product","3":"status-publish","4":"has-post-thumbnail","6":"product_cat-books","7":"product_shipping_class-small-en","9":"first","10":"outofstock","11":"purchasable","12":"product-type-simple"},"_links":{"self":[{"href":"https:\/\/kindart.is\/en\/wp-json\/wp\/v2\/product\/8072","targetHints":{"allow":["GET"]}}],"collection":[{"href":"https:\/\/kindart.is\/en\/wp-json\/wp\/v2\/product"}],"about":[{"href":"https:\/\/kindart.is\/en\/wp-json\/wp\/v2\/types\/product"}],"wp:featuredmedia":[{"embeddable":true,"href":"https:\/\/kindart.is\/en\/wp-json\/wp\/v2\/media\/8069"}],"wp:attachment":[{"href":"https:\/\/kindart.is\/en\/wp-json\/wp\/v2\/media?parent=8072"}],"wp:term":[{"taxonomy":"product_brand","embeddable":true,"href":"https:\/\/kindart.is\/en\/wp-json\/wp\/v2\/product_brand?post=8072"},{"taxonomy":"product_cat","embeddable":true,"href":"https:\/\/kindart.is\/en\/wp-json\/wp\/v2\/product_cat?post=8072"},{"taxonomy":"product_tag","embeddable":true,"href":"https:\/\/kindart.is\/en\/wp-json\/wp\/v2\/product_tag?post=8072"}],"curies":[{"name":"wp","href":"https:\/\/api.w.org\/{rel}","templated":true}]}}