{"id":8081,"date":"2023-08-17T07:30:44","date_gmt":"2023-08-17T07:30:44","guid":{"rendered":"https:\/\/kindart.is\/product\/heimspeki\/"},"modified":"2023-08-17T07:30:44","modified_gmt":"2023-08-17T07:30:44","slug":"heimspeki","status":"publish","type":"product","link":"https:\/\/kindart.is\/en\/vara\/heimspeki\/","title":{"rendered":"Heimspeki"},"content":{"rendered":"<p><strong>Heimspeki<\/strong>, lj\u00f3\u00f0ab\u00f3k eftir Gu\u00f0j\u00f3n \u00de\u00f3r L\u00e1russon. \u00cd form\u00e1la fyrir b\u00f3kinni segir R\u00fanar \u00fatgefandi a\u00f0 lj\u00f3\u00f0 Gu\u00f0j\u00f3ns s\u00e9u vangaveltur hans um l\u00edfi\u00f0 og tilveruna og a\u00f0 lj\u00f3\u00f0 hans s\u00e9u sem t\u00e6rt lindarvatn svalandi fyrir s\u00e1lina. B\u00f3kin er \u00ed l\u00edmbandi og l\u00edmd \u00ed k\u00e1pu. St\u00e6r\u00f0: 20.4 X 14.5 cm og 53 bls. me\u00f0 efnisyfirliti.<\/p>\n<p><strong>\u00datg\u00e1fa og prentun<\/strong>:<br \/>\n\u00datgefandi: R\u00fanar Sig. Birgisson fornb\u00f3ksali. 2012 Reykjav\u00edk. Prentun: Prentstofan N\u00f3n \u00ed Reykjav\u00edk.<\/p>\n","protected":false},"excerpt":{"rendered":"<p>Heimspeki, lj\u00f3\u00f0ab\u00f3k eftir Gu\u00f0j\u00f3n \u00de\u00f3r L\u00e1russon. \u00cd form\u00e1la fyrir b\u00f3kinni segir R\u00fanar \u00fatgefandi a\u00f0 lj\u00f3\u00f0 Gu\u00f0j\u00f3ns s\u00e9u vangaveltur hans um l\u00edfi\u00f0 og tilveruna og a\u00f0 lj\u00f3\u00f0 hans s\u00e9u sem t\u00e6rt lindarvatn svalandi fyrir s\u00e1lina. B\u00f3kin er \u00ed l\u00edmbandi og l\u00edmd \u00ed k\u00e1pu. St\u00e6r\u00f0: 20.4 X 14.5 cm og 53 bls. me\u00f0 efnisyfirliti. \u00datg\u00e1fa og prentun: [&hellip;]<\/p>\n","protected":false},"featured_media":8078,"template":"","meta":{"slim_seo":{"title":"Heimspeki - KindArt","description":"Heimspeki , lj\u00f3\u00f0ab\u00f3k eftir Gu\u00f0j\u00f3n \u00de\u00f3r L\u00e1russon. \u00cd form\u00e1la fyrir b\u00f3kinni segir R\u00fanar \u00fatgefandi a\u00f0 lj\u00f3\u00f0 Gu\u00f0j\u00f3ns s\u00e9u vangaveltur hans um l\u00edfi\u00f0 og tilveruna og a\u00f0 l"}},"product_brand":[],"product_cat":[83],"product_tag":[],"class_list":{"0":"post-8081","1":"product","2":"type-product","3":"status-publish","4":"has-post-thumbnail","6":"product_cat-books","7":"product_shipping_class-small-en","9":"first","10":"outofstock","11":"purchasable","12":"product-type-simple"},"_links":{"self":[{"href":"https:\/\/kindart.is\/en\/wp-json\/wp\/v2\/product\/8081","targetHints":{"allow":["GET"]}}],"collection":[{"href":"https:\/\/kindart.is\/en\/wp-json\/wp\/v2\/product"}],"about":[{"href":"https:\/\/kindart.is\/en\/wp-json\/wp\/v2\/types\/product"}],"wp:featuredmedia":[{"embeddable":true,"href":"https:\/\/kindart.is\/en\/wp-json\/wp\/v2\/media\/8078"}],"wp:attachment":[{"href":"https:\/\/kindart.is\/en\/wp-json\/wp\/v2\/media?parent=8081"}],"wp:term":[{"taxonomy":"product_brand","embeddable":true,"href":"https:\/\/kindart.is\/en\/wp-json\/wp\/v2\/product_brand?post=8081"},{"taxonomy":"product_cat","embeddable":true,"href":"https:\/\/kindart.is\/en\/wp-json\/wp\/v2\/product_cat?post=8081"},{"taxonomy":"product_tag","embeddable":true,"href":"https:\/\/kindart.is\/en\/wp-json\/wp\/v2\/product_tag?post=8081"}],"curies":[{"name":"wp","href":"https:\/\/api.w.org\/{rel}","templated":true}]}}