{"id":8089,"date":"2023-08-17T07:36:29","date_gmt":"2023-08-17T07:36:29","guid":{"rendered":"https:\/\/kindart.is\/product\/endurtekningin\/"},"modified":"2023-08-17T07:36:29","modified_gmt":"2023-08-17T07:36:29","slug":"endurtekningin","status":"publish","type":"product","link":"https:\/\/kindart.is\/en\/vara\/endurtekningin\/","title":{"rendered":"Endurtekningin"},"content":{"rendered":"<p><strong>Endurtekningin<\/strong> eftir Constantin Constantius, S\u00e1lfr\u00e6\u00f0ileg tilraun. Upphaflega \u00fatgefin \u00ed Kaupmannah\u00f6fn hinn 16. okt\u00f3ber 1843 af S\u00f8ren Kirkegaard, \u00fe\u00fddd og lauslega sk\u00fdr\u00f0 af \u00deorsteini Gylfasyni. B\u00f3kin hefur veri\u00f0 bundin, en er dottin \u00far bindinu og er laus inni \u00ed \u00fev\u00ed, en vel m\u00e6tti gera vi\u00f0 hana og festa hana inn \u00ed bindi\u00f0 aftur. St\u00e6r\u00f0: 25 X 16.7 cm og 128 bls.<\/p>\n<p><strong>\u00datg\u00e1fa og prentun<\/strong>:<br \/>\n\u00datgefandi: Helgafell 1966 Reykjav\u00edk. Prentun: V\u00edkingsprent.<\/p>\n","protected":false},"excerpt":{"rendered":"<p>Endurtekningin eftir Constantin Constantius, S\u00e1lfr\u00e6\u00f0ileg tilraun. Upphaflega \u00fatgefin \u00ed Kaupmannah\u00f6fn hinn 16. okt\u00f3ber 1843 af S\u00f8ren Kirkegaard, \u00fe\u00fddd og lauslega sk\u00fdr\u00f0 af \u00deorsteini Gylfasyni. B\u00f3kin hefur veri\u00f0 bundin, en er dottin \u00far bindinu og er laus inni \u00ed \u00fev\u00ed, en vel m\u00e6tti gera vi\u00f0 hana og festa hana inn \u00ed bindi\u00f0 aftur. St\u00e6r\u00f0: 25 X [&hellip;]<\/p>\n","protected":false},"featured_media":8084,"template":"","meta":{"slim_seo":{"title":"Endurtekningin - KindArt","description":"Endurtekningin eftir Constantin Constantius, S\u00e1lfr\u00e6\u00f0ileg tilraun. Upphaflega \u00fatgefin \u00ed Kaupmannah\u00f6fn hinn 16. okt\u00f3ber 1843 af S\u00f8ren Kirkegaard, \u00fe\u00fddd og lauslega"}},"product_brand":[],"product_cat":[83],"product_tag":[],"class_list":{"0":"post-8089","1":"product","2":"type-product","3":"status-publish","4":"has-post-thumbnail","6":"product_cat-books","7":"product_shipping_class-small-en","9":"first","10":"instock","11":"purchasable","12":"product-type-simple"},"_links":{"self":[{"href":"https:\/\/kindart.is\/en\/wp-json\/wp\/v2\/product\/8089","targetHints":{"allow":["GET"]}}],"collection":[{"href":"https:\/\/kindart.is\/en\/wp-json\/wp\/v2\/product"}],"about":[{"href":"https:\/\/kindart.is\/en\/wp-json\/wp\/v2\/types\/product"}],"wp:featuredmedia":[{"embeddable":true,"href":"https:\/\/kindart.is\/en\/wp-json\/wp\/v2\/media\/8084"}],"wp:attachment":[{"href":"https:\/\/kindart.is\/en\/wp-json\/wp\/v2\/media?parent=8089"}],"wp:term":[{"taxonomy":"product_brand","embeddable":true,"href":"https:\/\/kindart.is\/en\/wp-json\/wp\/v2\/product_brand?post=8089"},{"taxonomy":"product_cat","embeddable":true,"href":"https:\/\/kindart.is\/en\/wp-json\/wp\/v2\/product_cat?post=8089"},{"taxonomy":"product_tag","embeddable":true,"href":"https:\/\/kindart.is\/en\/wp-json\/wp\/v2\/product_tag?post=8089"}],"curies":[{"name":"wp","href":"https:\/\/api.w.org\/{rel}","templated":true}]}}