{"id":8093,"date":"2023-08-17T13:47:02","date_gmt":"2023-08-17T13:47:02","guid":{"rendered":"https:\/\/kindart.is\/product\/althydubladid-elzta\/"},"modified":"2025-03-19T15:17:29","modified_gmt":"2025-03-19T15:17:29","slug":"althydubladid-elzta","status":"publish","type":"product","link":"https:\/\/kindart.is\/en\/vara\/althydubladid-elzta\/","title":{"rendered":"Al\u00fe\u00fd\u00f0ubla\u00f0i\u00f0 [elzta]"},"content":{"rendered":"<p><strong>Al\u00fe\u00fd\u00f0ubla\u00f0i\u00f0<\/strong> <strong>[elzta]<\/strong> 1.\u00e1rg. 1.-18. bla\u00f0 1906. Ritstj\u00f3ri: P\u00e9tur G. Gu\u00f0mundsson. \u00dea\u00f0 kom \u00fat 3ju hverja viku, 18 tbl. \u00e1 \u00e1ri. Hvert eintak 8 s\u00ed\u00f0ur auk k\u00e1pu. Me\u00f0fylgjandi er ne\u00f0anm\u00e1lssaga 8 s\u00ed\u00f0ur \u00ed 8bl broti. \u00deeim er safna\u00f0 saman og eftir \u00e1ri\u00f0 er komin heil b\u00f3k. Fyrsta b\u00f3kin sem fylgir \u00feessum \u00e1rgangi er sagan Tartarar eftir Maxim Gorki. St\u00e6r\u00f0 bla\u00f0sins er: 22 X 17 cm og 8 bls., k\u00e1pa og fylgirit. Bla\u00f0i\u00f0 kom a\u00f0eins \u00fat 1906-1907, en h\u00e9r er 1. \u00e1rg. complett.<\/p>\n<p><strong>\u00datg\u00e1fa og prentun<\/strong>:<br \/>\n\u00datgefandi: Hlutaf\u00e9lag \u00ed Rv\u00edk. 1906. Prentun: Prentsmi\u00f0jan Gutenberg.<\/p>\n","protected":false},"excerpt":{"rendered":"<p>Al\u00fe\u00fd\u00f0ubla\u00f0i\u00f0 [elzta] 1.\u00e1rg. 1.-18. bla\u00f0 1906. Ritstj\u00f3ri: P\u00e9tur G. Gu\u00f0mundsson. \u00dea\u00f0 kom \u00fat 3ju hverja viku, 18 tbl. \u00e1 \u00e1ri. Hvert eintak 8 s\u00ed\u00f0ur auk k\u00e1pu. Me\u00f0fylgjandi er ne\u00f0anm\u00e1lssaga 8 s\u00ed\u00f0ur \u00ed 8bl broti. \u00deeim er safna\u00f0 saman og eftir \u00e1ri\u00f0 er komin heil b\u00f3k. Fyrsta b\u00f3kin sem fylgir \u00feessum \u00e1rgangi er sagan Tartarar eftir [&hellip;]<\/p>\n","protected":false},"featured_media":8092,"template":"","meta":{"slim_seo":{"title":"Al\u00fe\u00fd\u00f0ubla\u00f0i\u00f0 [elzta] - KindArt","description":"Al\u00fe\u00fd\u00f0ubla\u00f0i\u00f0 [elzta] 1.\u00e1rg. 1.-18. bla\u00f0 1906. Ritstj\u00f3ri: P\u00e9tur G. Gu\u00f0mundsson. \u00dea\u00f0 kom \u00fat 3ju hverja viku, 18 tbl. \u00e1 \u00e1ri. Hvert eintak 8 s\u00ed\u00f0ur auk k\u00e1pu. Me\u00f0fylg"}},"product_brand":[],"product_cat":[83],"product_tag":[],"class_list":{"0":"post-8093","1":"product","2":"type-product","3":"status-publish","4":"has-post-thumbnail","6":"product_cat-books","7":"product_shipping_class-small-en","9":"first","10":"outofstock","11":"purchasable","12":"product-type-simple"},"_links":{"self":[{"href":"https:\/\/kindart.is\/en\/wp-json\/wp\/v2\/product\/8093","targetHints":{"allow":["GET"]}}],"collection":[{"href":"https:\/\/kindart.is\/en\/wp-json\/wp\/v2\/product"}],"about":[{"href":"https:\/\/kindart.is\/en\/wp-json\/wp\/v2\/types\/product"}],"wp:featuredmedia":[{"embeddable":true,"href":"https:\/\/kindart.is\/en\/wp-json\/wp\/v2\/media\/8092"}],"wp:attachment":[{"href":"https:\/\/kindart.is\/en\/wp-json\/wp\/v2\/media?parent=8093"}],"wp:term":[{"taxonomy":"product_brand","embeddable":true,"href":"https:\/\/kindart.is\/en\/wp-json\/wp\/v2\/product_brand?post=8093"},{"taxonomy":"product_cat","embeddable":true,"href":"https:\/\/kindart.is\/en\/wp-json\/wp\/v2\/product_cat?post=8093"},{"taxonomy":"product_tag","embeddable":true,"href":"https:\/\/kindart.is\/en\/wp-json\/wp\/v2\/product_tag?post=8093"}],"curies":[{"name":"wp","href":"https:\/\/api.w.org\/{rel}","templated":true}]}}