{"id":8099,"date":"2023-08-17T18:31:37","date_gmt":"2023-08-17T18:31:37","guid":{"rendered":"https:\/\/kindart.is\/product\/thjodolfur\/"},"modified":"2023-08-17T18:31:37","modified_gmt":"2023-08-17T18:31:37","slug":"thjodolfur","status":"publish","type":"product","link":"https:\/\/kindart.is\/en\/vara\/thjodolfur\/","title":{"rendered":"\u00dej\u00f3\u00f0\u00f3lfur"},"content":{"rendered":"<p><strong>\u00dej\u00f3\u00f0\u00f3lfur<\/strong>. H\u00e1lfsm\u00e1na\u00f0ar- og vikubla\u00f0 \u00cdslendinga. Fr\u00e1 n\u00f3vember byrjun 1853 \u2013 okt\u00f3ber loka 1854. \u00c1byrg\u00f0arma\u00f0ur og kostna\u00f0arma\u00f0ur: J\u00f3n Gu\u00f0mundsson. \u00dea\u00f0 var stofna\u00f0 1848 og var \u00ed st\u00e6rra broti en fyrri fr\u00e9ttabl\u00f6\u00f0 sem h\u00f6f\u00f0u veri\u00f0 gefin \u00fat \u00e1 \u00cdslandi. \u00dea\u00f0 var \u00fev\u00ed fyrsta n\u00fat\u00edmalega fr\u00e9ttabla\u00f0i\u00f0 og hi\u00f0 fyrsta sem n\u00e1\u00f0i h\u00e1um aldri og var \u00ed fararbroddi til 1874 \u00feegar \u00cdsafold kom \u00fat og s\u00ed\u00f0an kom \u00fea\u00f0 \u00fat fram \u00e1 annan \u00e1ratug 20. aldar, en logna\u00f0ist \u00fe\u00e1 \u00fat af. \u00dea\u00f0 var reynt a\u00f0 endurreisa \u00dej\u00f3\u00f0\u00f3lf seinna, fyrst \u00e1 Su\u00f0urlandi 1917-1919, \u00feegar Gestur Einarsson \u00e1 H\u00e6li keypti \u00dej\u00f3\u00f0\u00f3lf og hann er prenta\u00f0ur \u00ed Prentsmi\u00f0ju Su\u00f0urlands \u00e1 Eyrarbakka og s\u00ed\u00f0an \u00e1 Haga \u00ed Sandv\u00edkurhr. og \u00e1 Selfossi \u00ed nokkur skipti. Gestur l\u00e9st s\u00ed\u00f0an um \u00feetta leyti en \u00e1\u00f0ur samdi hann vi\u00f0 Gutenberg um a\u00f0 prenta bla\u00f0i\u00f0 \u00fear \u00e1fram. H\u00e9r eru n\u00e6rri tveir \u00e1rgangar bundnir inn \u00ed eina b\u00f3k, st\u00e6r\u00f0: 25 X 19 cm. Gamalt band og er b\u00f3kin skorin a\u00f0 ofan og ne\u00f0an en formeringar eru a\u00f0 framan.<\/p>\n<p><strong>\u00datg\u00e1fa og prentun<\/strong>:<br \/>\n\u00datgefandi: J\u00f3n Gu\u00f0mundsson 1853 \u2013 1864. Reykjav\u00edk. Prentun: Prentsmi\u00f0ja \u00cdslands, hj\u00e1 Einari \u00de\u00f3r\u00f0arsyni.<\/p>\n","protected":false},"excerpt":{"rendered":"<p>\u00dej\u00f3\u00f0\u00f3lfur. H\u00e1lfsm\u00e1na\u00f0ar- og vikubla\u00f0 \u00cdslendinga. Fr\u00e1 n\u00f3vember byrjun 1853 \u2013 okt\u00f3ber loka 1854. \u00c1byrg\u00f0arma\u00f0ur og kostna\u00f0arma\u00f0ur: J\u00f3n Gu\u00f0mundsson. \u00dea\u00f0 var stofna\u00f0 1848 og var \u00ed st\u00e6rra broti en fyrri fr\u00e9ttabl\u00f6\u00f0 sem h\u00f6f\u00f0u veri\u00f0 gefin \u00fat \u00e1 \u00cdslandi. \u00dea\u00f0 var \u00fev\u00ed fyrsta n\u00fat\u00edmalega fr\u00e9ttabla\u00f0i\u00f0 og hi\u00f0 fyrsta sem n\u00e1\u00f0i h\u00e1um aldri og var \u00ed fararbroddi til [&hellip;]<\/p>\n","protected":false},"featured_media":8096,"template":"","meta":{"slim_seo":{"title":"\u00dej\u00f3\u00f0\u00f3lfur - KindArt","description":"\u00dej\u00f3\u00f0\u00f3lfur . H\u00e1lfsm\u00e1na\u00f0ar- og vikubla\u00f0 \u00cdslendinga. Fr\u00e1 n\u00f3vember byrjun 1853 \u2013 okt\u00f3ber loka 1854. \u00c1byrg\u00f0arma\u00f0ur og kostna\u00f0arma\u00f0ur: J\u00f3n Gu\u00f0mundsson. \u00dea\u00f0 var stofna"}},"product_brand":[],"product_cat":[83],"product_tag":[],"class_list":{"0":"post-8099","1":"product","2":"type-product","3":"status-publish","4":"has-post-thumbnail","6":"product_cat-books","7":"product_shipping_class-small-en","9":"first","10":"instock","11":"purchasable","12":"product-type-simple"},"_links":{"self":[{"href":"https:\/\/kindart.is\/en\/wp-json\/wp\/v2\/product\/8099","targetHints":{"allow":["GET"]}}],"collection":[{"href":"https:\/\/kindart.is\/en\/wp-json\/wp\/v2\/product"}],"about":[{"href":"https:\/\/kindart.is\/en\/wp-json\/wp\/v2\/types\/product"}],"wp:featuredmedia":[{"embeddable":true,"href":"https:\/\/kindart.is\/en\/wp-json\/wp\/v2\/media\/8096"}],"wp:attachment":[{"href":"https:\/\/kindart.is\/en\/wp-json\/wp\/v2\/media?parent=8099"}],"wp:term":[{"taxonomy":"product_brand","embeddable":true,"href":"https:\/\/kindart.is\/en\/wp-json\/wp\/v2\/product_brand?post=8099"},{"taxonomy":"product_cat","embeddable":true,"href":"https:\/\/kindart.is\/en\/wp-json\/wp\/v2\/product_cat?post=8099"},{"taxonomy":"product_tag","embeddable":true,"href":"https:\/\/kindart.is\/en\/wp-json\/wp\/v2\/product_tag?post=8099"}],"curies":[{"name":"wp","href":"https:\/\/api.w.org\/{rel}","templated":true}]}}