{"id":8107,"date":"2023-08-18T14:49:16","date_gmt":"2023-08-18T14:49:16","guid":{"rendered":"https:\/\/kindart.is\/product\/ardegisblad-listamanna\/"},"modified":"2023-08-18T14:49:16","modified_gmt":"2023-08-18T14:49:16","slug":"ardegisblad-listamanna","status":"publish","type":"product","link":"https:\/\/kindart.is\/en\/vara\/ardegisblad-listamanna\/","title":{"rendered":"\u00c1rdegisbla\u00f0 listamanna"},"content":{"rendered":"<p><strong>\u00c1rdegisbla\u00f0 listamanna<\/strong>, N\u00fdj\u00e1rsdag og 15. jan\u00faar 1925. 2. tbl. Kjarval ger\u00f0i tilraun til a\u00f0 halda \u00fati bla\u00f0i fyrir listamenn, en \u00fea\u00f0 komu aldrei fleiri bl\u00f6\u00f0 \u00fat af \u00feessu tagi. Bla\u00f0i\u00f0 er 25.4 X 21 cm a\u00f0 st\u00e6r\u00f0 og 8 bls. a\u00f0 st\u00e6r\u00f0.<\/p>\n<p><strong>\u00datg\u00e1fa og prentun<\/strong>:<br \/>\n\u00datgefandi: J\u00f3hannes S. Kjarval 1925 Reykjav\u00edk. F\u00e9lagsprentsmi\u00f0jan.<\/p>\n","protected":false},"excerpt":{"rendered":"<p>\u00c1rdegisbla\u00f0 listamanna, N\u00fdj\u00e1rsdag og 15. jan\u00faar 1925. 2. tbl. Kjarval ger\u00f0i tilraun til a\u00f0 halda \u00fati bla\u00f0i fyrir listamenn, en \u00fea\u00f0 komu aldrei fleiri bl\u00f6\u00f0 \u00fat af \u00feessu tagi. Bla\u00f0i\u00f0 er 25.4 X 21 cm a\u00f0 st\u00e6r\u00f0 og 8 bls. a\u00f0 st\u00e6r\u00f0. \u00datg\u00e1fa og prentun: \u00datgefandi: J\u00f3hannes S. Kjarval 1925 Reykjav\u00edk. F\u00e9lagsprentsmi\u00f0jan.<\/p>\n","protected":false},"featured_media":8106,"template":"","meta":{"slim_seo":{"title":"\u00c1rdegisbla\u00f0 listamanna - KindArt","description":"\u00c1rdegisbla\u00f0 listamanna , N\u00fdj\u00e1rsdag og 15. jan\u00faar 1925. 2. tbl. Kjarval ger\u00f0i tilraun til a\u00f0 halda \u00fati bla\u00f0i fyrir listamenn, en \u00fea\u00f0 komu aldrei fleiri bl\u00f6\u00f0 \u00fat a"}},"product_brand":[],"product_cat":[83],"product_tag":[],"class_list":{"0":"post-8107","1":"product","2":"type-product","3":"status-publish","4":"has-post-thumbnail","6":"product_cat-books","7":"product_shipping_class-small-en","9":"first","10":"outofstock","11":"purchasable","12":"product-type-simple"},"_links":{"self":[{"href":"https:\/\/kindart.is\/en\/wp-json\/wp\/v2\/product\/8107","targetHints":{"allow":["GET"]}}],"collection":[{"href":"https:\/\/kindart.is\/en\/wp-json\/wp\/v2\/product"}],"about":[{"href":"https:\/\/kindart.is\/en\/wp-json\/wp\/v2\/types\/product"}],"wp:featuredmedia":[{"embeddable":true,"href":"https:\/\/kindart.is\/en\/wp-json\/wp\/v2\/media\/8106"}],"wp:attachment":[{"href":"https:\/\/kindart.is\/en\/wp-json\/wp\/v2\/media?parent=8107"}],"wp:term":[{"taxonomy":"product_brand","embeddable":true,"href":"https:\/\/kindart.is\/en\/wp-json\/wp\/v2\/product_brand?post=8107"},{"taxonomy":"product_cat","embeddable":true,"href":"https:\/\/kindart.is\/en\/wp-json\/wp\/v2\/product_cat?post=8107"},{"taxonomy":"product_tag","embeddable":true,"href":"https:\/\/kindart.is\/en\/wp-json\/wp\/v2\/product_tag?post=8107"}],"curies":[{"name":"wp","href":"https:\/\/api.w.org\/{rel}","templated":true}]}}