{"id":8115,"date":"2023-08-22T18:31:56","date_gmt":"2023-08-22T18:31:56","guid":{"rendered":"https:\/\/kindart.is\/product\/thingvisur\/"},"modified":"2023-08-22T18:31:56","modified_gmt":"2023-08-22T18:31:56","slug":"thingvisur","status":"publish","type":"product","link":"https:\/\/kindart.is\/en\/vara\/thingvisur\/","title":{"rendered":"\u00deingv\u00edsur"},"content":{"rendered":"<p><strong>\u00deingv\u00edsur<\/strong>. 1872-1942. Safna\u00f0 hefur J\u00f3hannes \u00far K\u00f6tlum. \u00dea\u00f0 hefur l\u00edklega veri\u00f0 1941 \u00feegar J\u00f3hannes sat \u00e1 \u00feingi sem varama\u00f0ur Einars Olgeirssonar a\u00f0 hann byrja\u00f0i a\u00f0 safna \u00feessum v\u00edsum saman \u00ed b\u00f3k. Hann var me\u00f0 anna\u00f0 safnrit \u00ed gangi \u00e1 \u00feessum t\u00edma, en \u00fea\u00f0 var Vasas\u00f6ngb\u00f3kin, sem gekk afar vel og var endurprentu\u00f0 m\u00f6rgum sinnum. \u00deingv\u00edsurnar voru \u00feyngri \u00ed v\u00f6fum og af allt \u00f6\u00f0ru tagi og hafa ekki veri\u00f0 endur\u00fatgefnar. \u00deessi \u00fatg\u00e1fa er saumu\u00f0 og fest \u00ed kartonk\u00e1pu, en hluti upplagsins var bundin \u00ed forlagsband. Hefta b\u00f3kin er 21.8 X 13.8 cm a\u00f0 st\u00e6r\u00f0 og \u00f3skorin. 198 bls.<\/p>\n<p><strong>\u00datg\u00e1fa og prentun<\/strong>:<br \/>\n\u00datgefandi: \u00de\u00f3rhallur Bjarnarson 1943. Reykjav\u00edk. Prentsmi\u00f0jan H\u00f3lar.<\/p>\n","protected":false},"excerpt":{"rendered":"<p>\u00deingv\u00edsur. 1872-1942. Safna\u00f0 hefur J\u00f3hannes \u00far K\u00f6tlum. \u00dea\u00f0 hefur l\u00edklega veri\u00f0 1941 \u00feegar J\u00f3hannes sat \u00e1 \u00feingi sem varama\u00f0ur Einars Olgeirssonar a\u00f0 hann byrja\u00f0i a\u00f0 safna \u00feessum v\u00edsum saman \u00ed b\u00f3k. Hann var me\u00f0 anna\u00f0 safnrit \u00ed gangi \u00e1 \u00feessum t\u00edma, en \u00fea\u00f0 var Vasas\u00f6ngb\u00f3kin, sem gekk afar vel og var endurprentu\u00f0 m\u00f6rgum sinnum. \u00deingv\u00edsurnar [&hellip;]<\/p>\n","protected":false},"featured_media":8110,"template":"","meta":{"slim_seo":{"title":"\u00deingv\u00edsur - KindArt","description":"\u00deingv\u00edsur . 1872-1942. Safna\u00f0 hefur J\u00f3hannes \u00far K\u00f6tlum. \u00dea\u00f0 hefur l\u00edklega veri\u00f0 1941 \u00feegar J\u00f3hannes sat \u00e1 \u00feingi sem varama\u00f0ur Einars Olgeirssonar a\u00f0 hann byrja\u00f0"}},"product_brand":[],"product_cat":[83],"product_tag":[],"class_list":{"0":"post-8115","1":"product","2":"type-product","3":"status-publish","4":"has-post-thumbnail","6":"product_cat-books","7":"product_shipping_class-small-en","9":"first","10":"instock","11":"purchasable","12":"product-type-simple"},"_links":{"self":[{"href":"https:\/\/kindart.is\/en\/wp-json\/wp\/v2\/product\/8115","targetHints":{"allow":["GET"]}}],"collection":[{"href":"https:\/\/kindart.is\/en\/wp-json\/wp\/v2\/product"}],"about":[{"href":"https:\/\/kindart.is\/en\/wp-json\/wp\/v2\/types\/product"}],"wp:featuredmedia":[{"embeddable":true,"href":"https:\/\/kindart.is\/en\/wp-json\/wp\/v2\/media\/8110"}],"wp:attachment":[{"href":"https:\/\/kindart.is\/en\/wp-json\/wp\/v2\/media?parent=8115"}],"wp:term":[{"taxonomy":"product_brand","embeddable":true,"href":"https:\/\/kindart.is\/en\/wp-json\/wp\/v2\/product_brand?post=8115"},{"taxonomy":"product_cat","embeddable":true,"href":"https:\/\/kindart.is\/en\/wp-json\/wp\/v2\/product_cat?post=8115"},{"taxonomy":"product_tag","embeddable":true,"href":"https:\/\/kindart.is\/en\/wp-json\/wp\/v2\/product_tag?post=8115"}],"curies":[{"name":"wp","href":"https:\/\/api.w.org\/{rel}","templated":true}]}}