{"id":8125,"date":"2023-08-22T18:40:57","date_gmt":"2023-08-22T18:40:57","guid":{"rendered":"https:\/\/kindart.is\/product\/islensk-smarit-handa-althydu\/"},"modified":"2023-08-22T18:40:57","modified_gmt":"2023-08-22T18:40:57","slug":"islensk-smarit-handa-althydu","status":"publish","type":"product","link":"https:\/\/kindart.is\/en\/vara\/islensk-smarit-handa-althydu\/","title":{"rendered":"\u00cdslensk sm\u00e1rit handa al\u00fe\u00fd\u00f0u"},"content":{"rendered":"<p><strong>\u00cdslensk sm\u00e1rit handa al\u00fe\u00fd\u00f0u<\/strong>. \u00deetta eru tv\u00e6r b\u00e6kur bundnar saman. S\u00fa fyrri er Lilja eftir Eystein \u00c1sgr\u00edmsson. \u00cd form\u00e1la B. Th. M. segir a\u00f0 Lilja s\u00e9 hi\u00f0 d\u00fdr\u00f0legasta kv\u00e6\u00f0i, sem kve\u00f0i\u00f0 hefur veri\u00f0 \u00e1 \u00edslenska tungu, enda segir or\u00f0t\u00e6ki\u00f0: \u201e\u00f6ll sk\u00e1ld vildu Lilju kve\u00f0i\u00f0 hafa\u201c. N\u00fa er Lilja \u00fe\u00f3 flestum \u00cdslendingum \u00f3kunn. Sm\u00e1rit \u00feessi byrja \u00fev\u00ed me\u00f0 handh\u00e6gri \u00fatg\u00e1fu af henni handa al\u00fe\u00fd\u00f0u. \u2013 Finnur J\u00f3nsson skrifar s\u00ed\u00f0an sm\u00e1grein um munkinn Eystein og kv\u00e6\u00f0i\u00f0 Lilju. \u2013 \u00de\u00e1 kemur kv\u00e6\u00f0i\u00f0, sem er 100 v\u00edsur og s\u00fa s\u00ed\u00f0asta eins og s\u00fa fyrsta. &#8211; Seinni b\u00f3kin heitir: Haustrigningar og er titlu\u00f0 sem H.F. Reykjav\u00edkurann\u00e1ll, en undirtitill heitir: Al\u00fe\u00fd\u00f0leg ve\u00f0urfr\u00e6\u00f0i \u00ed fimm \u00fe\u00e1ttum. \u00c1 hverri bla\u00f0s\u00ed\u00f0u leikritsins, a\u00f0 ofan og ne\u00f0an er augl\u00fdsing um Sm\u00e1rasmj\u00f6rl\u00edki og Hjarta\u00e1s-smj\u00f6rl\u00edki. \u2013 B\u00f3kin er bundin inn \u00ed handband, br\u00fant rex\u00edn og spjaldapapp\u00edr \u00ed st\u00edl. St\u00e6r\u00f0: 19.7 X 13 cm og + 32+112 bls.-Gott band.<\/p>\n<p><strong>\u00datg\u00e1fa og prentun<\/strong>:<br \/>\n\u00datgefandi: Bogi Th. Melste\u00f0; Finnur J\u00f3nsson bj\u00f3 Lilju til prentunar. 1913, Kaupmannah\u00f6fn. Prentun: Prentsmi\u00f0ja S.L. M\u00f6llers. Seinna riti\u00f0 var gefi\u00f0 \u00fat \u00ed Reykjav\u00edk 1925 og prenta\u00f0 \u00ed Prentsmi\u00f0junni Acta.<\/p>\n<p>Forngripur.<\/p>\n","protected":false},"excerpt":{"rendered":"<p>\u00cdslensk sm\u00e1rit handa al\u00fe\u00fd\u00f0u. \u00deetta eru tv\u00e6r b\u00e6kur bundnar saman. S\u00fa fyrri er Lilja eftir Eystein \u00c1sgr\u00edmsson. \u00cd form\u00e1la B. Th. M. segir a\u00f0 Lilja s\u00e9 hi\u00f0 d\u00fdr\u00f0legasta kv\u00e6\u00f0i, sem kve\u00f0i\u00f0 hefur veri\u00f0 \u00e1 \u00edslenska tungu, enda segir or\u00f0t\u00e6ki\u00f0: \u201e\u00f6ll sk\u00e1ld vildu Lilju kve\u00f0i\u00f0 hafa\u201c. N\u00fa er Lilja \u00fe\u00f3 flestum \u00cdslendingum \u00f3kunn. Sm\u00e1rit \u00feessi byrja [&hellip;]<\/p>\n","protected":false},"featured_media":8118,"template":"","meta":{"slim_seo":{"title":"\u00cdslensk sm\u00e1rit handa al\u00fe\u00fd\u00f0u - KindArt","description":"\u00cdslensk sm\u00e1rit handa al\u00fe\u00fd\u00f0u . \u00deetta eru tv\u00e6r b\u00e6kur bundnar saman. S\u00fa fyrri er Lilja eftir Eystein \u00c1sgr\u00edmsson. \u00cd form\u00e1la B. Th. M. segir a\u00f0 Lilja s\u00e9 hi\u00f0 d\u00fdr\u00f0lega"}},"product_brand":[],"product_cat":[83],"product_tag":[],"class_list":{"0":"post-8125","1":"product","2":"type-product","3":"status-publish","4":"has-post-thumbnail","6":"product_cat-books","7":"product_shipping_class-small-en","9":"first","10":"instock","11":"purchasable","12":"product-type-simple"},"_links":{"self":[{"href":"https:\/\/kindart.is\/en\/wp-json\/wp\/v2\/product\/8125","targetHints":{"allow":["GET"]}}],"collection":[{"href":"https:\/\/kindart.is\/en\/wp-json\/wp\/v2\/product"}],"about":[{"href":"https:\/\/kindart.is\/en\/wp-json\/wp\/v2\/types\/product"}],"wp:featuredmedia":[{"embeddable":true,"href":"https:\/\/kindart.is\/en\/wp-json\/wp\/v2\/media\/8118"}],"wp:attachment":[{"href":"https:\/\/kindart.is\/en\/wp-json\/wp\/v2\/media?parent=8125"}],"wp:term":[{"taxonomy":"product_brand","embeddable":true,"href":"https:\/\/kindart.is\/en\/wp-json\/wp\/v2\/product_brand?post=8125"},{"taxonomy":"product_cat","embeddable":true,"href":"https:\/\/kindart.is\/en\/wp-json\/wp\/v2\/product_cat?post=8125"},{"taxonomy":"product_tag","embeddable":true,"href":"https:\/\/kindart.is\/en\/wp-json\/wp\/v2\/product_tag?post=8125"}],"curies":[{"name":"wp","href":"https:\/\/api.w.org\/{rel}","templated":true}]}}