{"id":8131,"date":"2023-08-23T14:50:08","date_gmt":"2023-08-23T14:50:08","guid":{"rendered":"https:\/\/kindart.is\/product\/dalasysla-syslu-og-soknalysingar\/"},"modified":"2023-10-09T15:48:14","modified_gmt":"2023-10-09T15:48:14","slug":"dalasysla-syslu-og-soknalysingar","status":"publish","type":"product","link":"https:\/\/kindart.is\/en\/vara\/dalasysla-syslu-og-soknalysingar\/","title":{"rendered":"Dalas\u00fdsla \u2013 S\u00fdslu- og s\u00f3knal\u00fdsingar"},"content":{"rendered":"<p><strong>Dalas\u00fdsla \u2013 S\u00fdslu- og s\u00f3knal\u00fdsingar<\/strong> Hins \u00edslenska b\u00f3kmenntaf\u00e9lags 1839-1853\u2013 Einar G. P\u00e9tursson s\u00e1 um \u00fatg\u00e1funa. B\u00f3kin er bundin \u00ed svart gerviefni, alband, gyllt \u00e1 kj\u00f6l me\u00f0 hl\u00edf\u00f0ark\u00e1pu. St\u00e6r\u00f0: 21.8 X 14.5 cm og 208 bls. og nafnaskr\u00e1.<\/p>\n<p><strong>\u00datg\u00e1fa og prentun<\/strong>:<br \/>\n\u00datgefandi: S\u00f6guf\u00e9lag, \u00d6rnefnastofnun \u00cdslands 2003 Reykjav\u00edk. Prentvinnsla: Repr\u00f3-Valgeir J. Emilsson. Prentun: Prenth\u00fasi\u00f0. B\u00f3kband: B\u00f3kavirki\u00f0.<\/p>\n","protected":false},"excerpt":{"rendered":"<p>Dalas\u00fdsla \u2013 S\u00fdslu- og s\u00f3knal\u00fdsingar Hins \u00edslenska b\u00f3kmenntaf\u00e9lags 1839-1853\u2013 Einar G. P\u00e9tursson s\u00e1 um \u00fatg\u00e1funa. B\u00f3kin er bundin \u00ed svart gerviefni, alband, gyllt \u00e1 kj\u00f6l me\u00f0 hl\u00edf\u00f0ark\u00e1pu. St\u00e6r\u00f0: 21.8 X 14.5 cm og 208 bls. og nafnaskr\u00e1. \u00datg\u00e1fa og prentun: \u00datgefandi: S\u00f6guf\u00e9lag, \u00d6rnefnastofnun \u00cdslands 2003 Reykjav\u00edk. Prentvinnsla: Repr\u00f3-Valgeir J. Emilsson. Prentun: Prenth\u00fasi\u00f0. B\u00f3kband: B\u00f3kavirki\u00f0.<\/p>\n","protected":false},"featured_media":8128,"template":"","meta":{"slim_seo":{"title":"Dalas\u00fdsla \u2013 S\u00fdslu- og s\u00f3knal\u00fdsingar - KindArt","description":"Dalas\u00fdsla \u2013 S\u00fdslu- og s\u00f3knal\u00fdsingar Hins \u00edslenska b\u00f3kmenntaf\u00e9lags 1839-1853\u2013 Einar G. P\u00e9tursson s\u00e1 um \u00fatg\u00e1funa. B\u00f3kin er bundin \u00ed svart gerviefni, alband, gyllt"}},"product_brand":[],"product_cat":[83],"product_tag":[],"class_list":{"0":"post-8131","1":"product","2":"type-product","3":"status-publish","4":"has-post-thumbnail","6":"product_cat-books","7":"product_shipping_class-small-en","9":"first","10":"outofstock","11":"purchasable","12":"product-type-simple"},"_links":{"self":[{"href":"https:\/\/kindart.is\/en\/wp-json\/wp\/v2\/product\/8131","targetHints":{"allow":["GET"]}}],"collection":[{"href":"https:\/\/kindart.is\/en\/wp-json\/wp\/v2\/product"}],"about":[{"href":"https:\/\/kindart.is\/en\/wp-json\/wp\/v2\/types\/product"}],"wp:featuredmedia":[{"embeddable":true,"href":"https:\/\/kindart.is\/en\/wp-json\/wp\/v2\/media\/8128"}],"wp:attachment":[{"href":"https:\/\/kindart.is\/en\/wp-json\/wp\/v2\/media?parent=8131"}],"wp:term":[{"taxonomy":"product_brand","embeddable":true,"href":"https:\/\/kindart.is\/en\/wp-json\/wp\/v2\/product_brand?post=8131"},{"taxonomy":"product_cat","embeddable":true,"href":"https:\/\/kindart.is\/en\/wp-json\/wp\/v2\/product_cat?post=8131"},{"taxonomy":"product_tag","embeddable":true,"href":"https:\/\/kindart.is\/en\/wp-json\/wp\/v2\/product_tag?post=8131"}],"curies":[{"name":"wp","href":"https:\/\/api.w.org\/{rel}","templated":true}]}}