{"id":8137,"date":"2023-08-23T14:54:10","date_gmt":"2023-08-23T14:54:10","guid":{"rendered":"https:\/\/kindart.is\/product\/muggur-gudmundur-thorsteinsson\/"},"modified":"2023-08-23T14:54:10","modified_gmt":"2023-08-23T14:54:10","slug":"muggur-gudmundur-thorsteinsson","status":"publish","type":"product","link":"https:\/\/kindart.is\/en\/vara\/muggur-gudmundur-thorsteinsson\/","title":{"rendered":"Muggur &#8211; Gu\u00f0mundur Thorsteinsson"},"content":{"rendered":"<p><strong>Muggur &#8211; Gu\u00f0mundur Thorsteinsson<\/strong>. \u00c6vi hans og list eftir Bj\u00f6rn Th. Bj\u00f6rnsson. Hann rekur \u00e6vi Muggs \u00ed stuttum k\u00f6flum og vi\u00f0eigandi myndir eftir Mugg birtast jafn\u00f3\u00f0um. Myndirnar eru prenta\u00f0ar b\u00e6\u00f0i svarthv\u00edtar og \u00ed ol\u00edulitum. \u00dea\u00f0 eru l\u00edka bl\u00fdantsteikningar, vatnslitamyndir, ol\u00edukr\u00edt og glitpapp\u00edrsl\u00edming. H\u00e9r m\u00e1 l\u00edka sj\u00e1 \u00fatsaumsverk Muggs sem eru d\u00e1l\u00edti\u00f0 s\u00e9rst\u00f6k. B\u00f3kin er st\u00f3r \u00ed sni\u00f0um, bundin \u00ed strigaband og \u00e1letru\u00f0 framan og \u00e1 kj\u00f6l. St\u00e6r\u00f0: 31.5 X 23.5 cm og 181 bls. Hl\u00edf\u00f0ark\u00e1pu vantar.<\/p>\n<p><strong>\u00datg\u00e1fa og prentun<\/strong>:<br \/>\nHelgafell, 1960 Reykjav\u00edk. Prentun: V\u00edkingsprent; Prentmyndir: Prentm\u00f3t. B\u00f3kband: B\u00f3kfell.<\/p>\n","protected":false},"excerpt":{"rendered":"<p>Muggur &#8211; Gu\u00f0mundur Thorsteinsson. \u00c6vi hans og list eftir Bj\u00f6rn Th. Bj\u00f6rnsson. Hann rekur \u00e6vi Muggs \u00ed stuttum k\u00f6flum og vi\u00f0eigandi myndir eftir Mugg birtast jafn\u00f3\u00f0um. Myndirnar eru prenta\u00f0ar b\u00e6\u00f0i svarthv\u00edtar og \u00ed ol\u00edulitum. \u00dea\u00f0 eru l\u00edka bl\u00fdantsteikningar, vatnslitamyndir, ol\u00edukr\u00edt og glitpapp\u00edrsl\u00edming. H\u00e9r m\u00e1 l\u00edka sj\u00e1 \u00fatsaumsverk Muggs sem eru d\u00e1l\u00edti\u00f0 s\u00e9rst\u00f6k. B\u00f3kin er st\u00f3r [&hellip;]<\/p>\n","protected":false},"featured_media":8134,"template":"","meta":{"slim_seo":{"title":"Muggur - Gu\u00f0mundur Thorsteinsson - KindArt","description":"Muggur - Gu\u00f0mundur Thorsteinsson . \u00c6vi hans og list eftir Bj\u00f6rn Th. Bj\u00f6rnsson. Hann rekur \u00e6vi Muggs \u00ed stuttum k\u00f6flum og vi\u00f0eigandi myndir eftir Mugg birtast jaf"}},"product_brand":[],"product_cat":[83],"product_tag":[],"class_list":{"0":"post-8137","1":"product","2":"type-product","3":"status-publish","4":"has-post-thumbnail","6":"product_cat-books","7":"product_shipping_class-small-en","9":"first","10":"instock","11":"purchasable","12":"product-type-simple"},"_links":{"self":[{"href":"https:\/\/kindart.is\/en\/wp-json\/wp\/v2\/product\/8137","targetHints":{"allow":["GET"]}}],"collection":[{"href":"https:\/\/kindart.is\/en\/wp-json\/wp\/v2\/product"}],"about":[{"href":"https:\/\/kindart.is\/en\/wp-json\/wp\/v2\/types\/product"}],"wp:featuredmedia":[{"embeddable":true,"href":"https:\/\/kindart.is\/en\/wp-json\/wp\/v2\/media\/8134"}],"wp:attachment":[{"href":"https:\/\/kindart.is\/en\/wp-json\/wp\/v2\/media?parent=8137"}],"wp:term":[{"taxonomy":"product_brand","embeddable":true,"href":"https:\/\/kindart.is\/en\/wp-json\/wp\/v2\/product_brand?post=8137"},{"taxonomy":"product_cat","embeddable":true,"href":"https:\/\/kindart.is\/en\/wp-json\/wp\/v2\/product_cat?post=8137"},{"taxonomy":"product_tag","embeddable":true,"href":"https:\/\/kindart.is\/en\/wp-json\/wp\/v2\/product_tag?post=8137"}],"curies":[{"name":"wp","href":"https:\/\/api.w.org\/{rel}","templated":true}]}}