{"id":8145,"date":"2023-08-27T18:18:10","date_gmt":"2023-08-27T18:18:10","guid":{"rendered":"https:\/\/kindart.is\/product\/skipstjorar-og-skip\/"},"modified":"2023-08-27T18:18:10","modified_gmt":"2023-08-27T18:18:10","slug":"skipstjorar-og-skip","status":"publish","type":"product","link":"https:\/\/kindart.is\/en\/vara\/skipstjorar-og-skip\/","title":{"rendered":"Skipstj\u00f3rar og skip"},"content":{"rendered":"<p><strong>Skipstj\u00f3rar og skip<\/strong>. H\u00f6fundur: J\u00f3n Eir\u00edksson. Efni b\u00f3karinnar er Skipstj\u00f3ratal sem er stutt \u00e6vi\u00e1grip skipstj\u00f3ra \u00e1 \u00edslenskum kaupskipum og var\u00f0skipum. bls. 37-221, en \u00fe\u00e1 byrjar Skipaskr\u00e1. \u2013 Auka-skipaskr\u00e1; Yfirlit um skr\u00e1\u00f0 og afskr\u00e1\u00f0 skip. S\u00ed\u00f0an skipaeigendur og \u00fatger\u00f0armenn \u2013 Skr\u00e1r um mannan\u00f6fn og skipan\u00f6fn. Alls 407 bls. St\u00e6r\u00f0: 21.8 X 14 cm.<\/p>\n<p><strong>\u00datg\u00e1fa og prentun<\/strong>:<br \/>\n\u00datgefandi: Skuggsj\u00e1, 1971, Reykjav\u00edk, Hafnarfj\u00f6r\u00f0ur, Prentun: Prentsmi\u00f0ja Hafnarfjar\u00f0ar.<\/p>\n","protected":false},"excerpt":{"rendered":"<p>Skipstj\u00f3rar og skip. H\u00f6fundur: J\u00f3n Eir\u00edksson. Efni b\u00f3karinnar er Skipstj\u00f3ratal sem er stutt \u00e6vi\u00e1grip skipstj\u00f3ra \u00e1 \u00edslenskum kaupskipum og var\u00f0skipum. bls. 37-221, en \u00fe\u00e1 byrjar Skipaskr\u00e1. \u2013 Auka-skipaskr\u00e1; Yfirlit um skr\u00e1\u00f0 og afskr\u00e1\u00f0 skip. S\u00ed\u00f0an skipaeigendur og \u00fatger\u00f0armenn \u2013 Skr\u00e1r um mannan\u00f6fn og skipan\u00f6fn. Alls 407 bls. St\u00e6r\u00f0: 21.8 X 14 cm. \u00datg\u00e1fa og prentun: [&hellip;]<\/p>\n","protected":false},"featured_media":8142,"template":"","meta":{"slim_seo":{"title":"Skipstj\u00f3rar og skip - KindArt","description":"Skipstj\u00f3rar og skip . H\u00f6fundur: J\u00f3n Eir\u00edksson. Efni b\u00f3karinnar er Skipstj\u00f3ratal sem er stutt \u00e6vi\u00e1grip skipstj\u00f3ra \u00e1 \u00edslenskum kaupskipum og var\u00f0skipum. bls. 37-2"}},"product_brand":[],"product_cat":[83],"product_tag":[],"class_list":{"0":"post-8145","1":"product","2":"type-product","3":"status-publish","4":"has-post-thumbnail","6":"product_cat-books","7":"product_shipping_class-small-en","9":"first","10":"instock","11":"purchasable","12":"product-type-simple"},"_links":{"self":[{"href":"https:\/\/kindart.is\/en\/wp-json\/wp\/v2\/product\/8145","targetHints":{"allow":["GET"]}}],"collection":[{"href":"https:\/\/kindart.is\/en\/wp-json\/wp\/v2\/product"}],"about":[{"href":"https:\/\/kindart.is\/en\/wp-json\/wp\/v2\/types\/product"}],"wp:featuredmedia":[{"embeddable":true,"href":"https:\/\/kindart.is\/en\/wp-json\/wp\/v2\/media\/8142"}],"wp:attachment":[{"href":"https:\/\/kindart.is\/en\/wp-json\/wp\/v2\/media?parent=8145"}],"wp:term":[{"taxonomy":"product_brand","embeddable":true,"href":"https:\/\/kindart.is\/en\/wp-json\/wp\/v2\/product_brand?post=8145"},{"taxonomy":"product_cat","embeddable":true,"href":"https:\/\/kindart.is\/en\/wp-json\/wp\/v2\/product_cat?post=8145"},{"taxonomy":"product_tag","embeddable":true,"href":"https:\/\/kindart.is\/en\/wp-json\/wp\/v2\/product_tag?post=8145"}],"curies":[{"name":"wp","href":"https:\/\/api.w.org\/{rel}","templated":true}]}}