{"id":8151,"date":"2023-08-27T18:25:52","date_gmt":"2023-08-27T18:25:52","guid":{"rendered":"https:\/\/kindart.is\/product\/saga-althydufraedslunnar-a-islandi\/"},"modified":"2023-08-27T18:28:26","modified_gmt":"2023-08-27T18:28:26","slug":"saga-althydufraedslunnar-a-islandi","status":"publish","type":"product","link":"https:\/\/kindart.is\/en\/vara\/saga-althydufraedslunnar-a-islandi\/","title":{"rendered":"Saga al\u00fe\u00fd\u00f0ufr\u00e6\u00f0slunnar \u00e1 \u00cdslandi"},"content":{"rendered":"<p><strong>Saga al\u00fe\u00fd\u00f0ufr\u00e6\u00f0slunnar \u00e1 \u00cdslandi<\/strong>. H\u00f6fundur: Gunnar M. Magn\u00fass. H\u00e1t\u00ed\u00f0arrit S. \u00cd. B. \u00cd form\u00e1la segir h\u00f6fundur fr\u00e1 umfangi verksins og var hann mj\u00f6g yfirgripsmikill. \u00deurfti a\u00f0 afla gagna v\u00ed\u00f0svegar a\u00f0 af landinu fr\u00e1 s\u00f6fnum og \u00fdmsum a\u00f0ilum sem m\u00e1li\u00f0 var\u00f0a. B\u00f3kin er bundin \u00ed rautt forlagsband, shirting e\u00f0a svipa\u00f0 efni . Alband, gyllt a\u00f0 framan og \u00e1 kj\u00f6l. Kj\u00f6lurinn er upplita\u00f0ur af s\u00f3l. St\u00e6r\u00f0: 22 X 14.3 cm og 320 bls.<\/p>\n<p><strong>\u00datg\u00e1fa og prentun<\/strong>:<br \/>\n\u00datgefandi: Samband \u00edslenzkra barnakennara, 1939, Reykjav\u00edk. Prentun: \u00cdsafoldarprentsmi\u00f0ja.<\/p>\n","protected":false},"excerpt":{"rendered":"<p>Saga al\u00fe\u00fd\u00f0ufr\u00e6\u00f0slunnar \u00e1 \u00cdslandi. H\u00f6fundur: Gunnar M. Magn\u00fass. H\u00e1t\u00ed\u00f0arrit S. \u00cd. B. \u00cd form\u00e1la segir h\u00f6fundur fr\u00e1 umfangi verksins og var hann mj\u00f6g yfirgripsmikill. \u00deurfti a\u00f0 afla gagna v\u00ed\u00f0svegar a\u00f0 af landinu fr\u00e1 s\u00f6fnum og \u00fdmsum a\u00f0ilum sem m\u00e1li\u00f0 var\u00f0a. B\u00f3kin er bundin \u00ed rautt forlagsband, shirting e\u00f0a svipa\u00f0 efni . Alband, gyllt a\u00f0 framan [&hellip;]<\/p>\n","protected":false},"featured_media":8148,"template":"","meta":{"slim_seo":{"title":"Saga al\u00fe\u00fd\u00f0ufr\u00e6\u00f0slunnar \u00e1 \u00cdslandi - KindArt","description":"Saga al\u00fe\u00fd\u00f0ufr\u00e6\u00f0slunnar \u00e1 \u00cdslandi . H\u00f6fundur: Gunnar M. Magn\u00fass. H\u00e1t\u00ed\u00f0arrit S. \u00cd. B. \u00cd form\u00e1la segir h\u00f6fundur fr\u00e1 umfangi verksins og var hann mj\u00f6g yfirgripsmiki"}},"product_brand":[],"product_cat":[83],"product_tag":[],"class_list":{"0":"post-8151","1":"product","2":"type-product","3":"status-publish","4":"has-post-thumbnail","6":"product_cat-books","7":"product_shipping_class-small-en","9":"first","10":"instock","11":"purchasable","12":"product-type-simple"},"_links":{"self":[{"href":"https:\/\/kindart.is\/en\/wp-json\/wp\/v2\/product\/8151","targetHints":{"allow":["GET"]}}],"collection":[{"href":"https:\/\/kindart.is\/en\/wp-json\/wp\/v2\/product"}],"about":[{"href":"https:\/\/kindart.is\/en\/wp-json\/wp\/v2\/types\/product"}],"wp:featuredmedia":[{"embeddable":true,"href":"https:\/\/kindart.is\/en\/wp-json\/wp\/v2\/media\/8148"}],"wp:attachment":[{"href":"https:\/\/kindart.is\/en\/wp-json\/wp\/v2\/media?parent=8151"}],"wp:term":[{"taxonomy":"product_brand","embeddable":true,"href":"https:\/\/kindart.is\/en\/wp-json\/wp\/v2\/product_brand?post=8151"},{"taxonomy":"product_cat","embeddable":true,"href":"https:\/\/kindart.is\/en\/wp-json\/wp\/v2\/product_cat?post=8151"},{"taxonomy":"product_tag","embeddable":true,"href":"https:\/\/kindart.is\/en\/wp-json\/wp\/v2\/product_tag?post=8151"}],"curies":[{"name":"wp","href":"https:\/\/api.w.org\/{rel}","templated":true}]}}