{"id":8156,"date":"2023-08-27T18:30:27","date_gmt":"2023-08-27T18:30:27","guid":{"rendered":"https:\/\/kindart.is\/product\/gronlandske-digte-og-danske\/"},"modified":"2023-08-27T18:30:27","modified_gmt":"2023-08-27T18:30:27","slug":"gronlandske-digte-og-danske","status":"publish","type":"product","link":"https:\/\/kindart.is\/en\/vara\/gronlandske-digte-og-danske\/","title":{"rendered":"Gr\u00f8nlandske digte og danske"},"content":{"rendered":"<p><strong>Gr\u00f8nlandske digte og danske<\/strong> \u2013 Gamle og nye kvad \u2013 H\u00f6fundur: William Thalbitzer. B\u00f3kin er saumu\u00f0 og heft \u00ed kartonk\u00e1pu. St\u00e6r\u00f0: 22 X 14.8 cm og 106 bls.<\/p>\n<p><strong>\u00datg\u00e1fa og prentun<\/strong>:<br \/>\nEjner Munksgaards forlag, 1945 K\u00f8benhavn. Prentun: A. Rasmussens Bogtrykkeri.<\/p>\n","protected":false},"excerpt":{"rendered":"<p>Gr\u00f8nlandske digte og danske \u2013 Gamle og nye kvad \u2013 H\u00f6fundur: William Thalbitzer. B\u00f3kin er saumu\u00f0 og heft \u00ed kartonk\u00e1pu. St\u00e6r\u00f0: 22 X 14.8 cm og 106 bls. \u00datg\u00e1fa og prentun: Ejner Munksgaards forlag, 1945 K\u00f8benhavn. Prentun: A. Rasmussens Bogtrykkeri.<\/p>\n","protected":false},"featured_media":8155,"template":"","meta":{"slim_seo":{"title":"Gr\u00f8nlandske digte og danske - KindArt","description":"Gr\u00f8nlandske digte og danske \u2013 Gamle og nye kvad \u2013 H\u00f6fundur: William Thalbitzer. B\u00f3kin er saumu\u00f0 og heft \u00ed kartonk\u00e1pu. St\u00e6r\u00f0: 22 X 14.8 cm og 106 bls. \u00datg\u00e1fa og"}},"product_brand":[],"product_cat":[83],"product_tag":[],"class_list":{"0":"post-8156","1":"product","2":"type-product","3":"status-publish","4":"has-post-thumbnail","6":"product_cat-books","7":"product_shipping_class-small-en","9":"first","10":"instock","11":"purchasable","12":"product-type-simple"},"_links":{"self":[{"href":"https:\/\/kindart.is\/en\/wp-json\/wp\/v2\/product\/8156","targetHints":{"allow":["GET"]}}],"collection":[{"href":"https:\/\/kindart.is\/en\/wp-json\/wp\/v2\/product"}],"about":[{"href":"https:\/\/kindart.is\/en\/wp-json\/wp\/v2\/types\/product"}],"wp:featuredmedia":[{"embeddable":true,"href":"https:\/\/kindart.is\/en\/wp-json\/wp\/v2\/media\/8155"}],"wp:attachment":[{"href":"https:\/\/kindart.is\/en\/wp-json\/wp\/v2\/media?parent=8156"}],"wp:term":[{"taxonomy":"product_brand","embeddable":true,"href":"https:\/\/kindart.is\/en\/wp-json\/wp\/v2\/product_brand?post=8156"},{"taxonomy":"product_cat","embeddable":true,"href":"https:\/\/kindart.is\/en\/wp-json\/wp\/v2\/product_cat?post=8156"},{"taxonomy":"product_tag","embeddable":true,"href":"https:\/\/kindart.is\/en\/wp-json\/wp\/v2\/product_tag?post=8156"}],"curies":[{"name":"wp","href":"https:\/\/api.w.org\/{rel}","templated":true}]}}