{"id":8163,"date":"2023-08-28T14:00:49","date_gmt":"2023-08-28T14:00:49","guid":{"rendered":"https:\/\/kindart.is\/product\/oldin-okkar-erlendis\/"},"modified":"2023-08-28T14:00:49","modified_gmt":"2023-08-28T14:00:49","slug":"oldin-okkar-erlendis","status":"publish","type":"product","link":"https:\/\/kindart.is\/en\/vara\/oldin-okkar-erlendis\/","title":{"rendered":"\u00d6ldin okkar erlendis"},"content":{"rendered":"<p><strong>\u00d6ldin okkar erlendis<\/strong> &#8211; Minnisver\u00f0 t\u00ed\u00f0indi 1951 \u2013 1960. Nanna R\u00f6gnvaldard\u00f3ttir t\u00f3k saman. B\u00f3kin er bundin \u00ed rex\u00edn kj\u00f6l og horn me\u00f0 spjaldapapp\u00edr. St\u00e6r\u00f0 b\u00f3kar: 24.3 X 18.3 cm og 225 bls.<\/p>\n<p><strong>\u00datg\u00e1fa og prentun<\/strong>:<br \/>\nForlagi\u00f0 I\u00f0unn, Valdimar J\u00f3hannsson 1990. Reykjav\u00edk. Prentun: Prentsmi\u00f0jan Oddi.<\/p>\n","protected":false},"excerpt":{"rendered":"<p>\u00d6ldin okkar erlendis &#8211; Minnisver\u00f0 t\u00ed\u00f0indi 1951 \u2013 1960. Nanna R\u00f6gnvaldard\u00f3ttir t\u00f3k saman. B\u00f3kin er bundin \u00ed rex\u00edn kj\u00f6l og horn me\u00f0 spjaldapapp\u00edr. St\u00e6r\u00f0 b\u00f3kar: 24.3 X 18.3 cm og 225 bls. \u00datg\u00e1fa og prentun: Forlagi\u00f0 I\u00f0unn, Valdimar J\u00f3hannsson 1990. Reykjav\u00edk. Prentun: Prentsmi\u00f0jan Oddi.<\/p>\n","protected":false},"featured_media":8160,"template":"","meta":{"slim_seo":{"title":"\u00d6ldin okkar erlendis - KindArt","description":"\u00d6ldin okkar erlendis - Minnisver\u00f0 t\u00ed\u00f0indi 1951 \u2013 1960. Nanna R\u00f6gnvaldard\u00f3ttir t\u00f3k saman. B\u00f3kin er bundin \u00ed rex\u00edn kj\u00f6l og horn me\u00f0 spjaldapapp\u00edr. St\u00e6r\u00f0 b\u00f3kar: 24"}},"product_brand":[],"product_cat":[83],"product_tag":[],"class_list":{"0":"post-8163","1":"product","2":"type-product","3":"status-publish","4":"has-post-thumbnail","6":"product_cat-books","7":"product_shipping_class-small-en","9":"first","10":"instock","11":"purchasable","12":"product-type-simple"},"_links":{"self":[{"href":"https:\/\/kindart.is\/en\/wp-json\/wp\/v2\/product\/8163","targetHints":{"allow":["GET"]}}],"collection":[{"href":"https:\/\/kindart.is\/en\/wp-json\/wp\/v2\/product"}],"about":[{"href":"https:\/\/kindart.is\/en\/wp-json\/wp\/v2\/types\/product"}],"wp:featuredmedia":[{"embeddable":true,"href":"https:\/\/kindart.is\/en\/wp-json\/wp\/v2\/media\/8160"}],"wp:attachment":[{"href":"https:\/\/kindart.is\/en\/wp-json\/wp\/v2\/media?parent=8163"}],"wp:term":[{"taxonomy":"product_brand","embeddable":true,"href":"https:\/\/kindart.is\/en\/wp-json\/wp\/v2\/product_brand?post=8163"},{"taxonomy":"product_cat","embeddable":true,"href":"https:\/\/kindart.is\/en\/wp-json\/wp\/v2\/product_cat?post=8163"},{"taxonomy":"product_tag","embeddable":true,"href":"https:\/\/kindart.is\/en\/wp-json\/wp\/v2\/product_tag?post=8163"}],"curies":[{"name":"wp","href":"https:\/\/api.w.org\/{rel}","templated":true}]}}