{"id":8169,"date":"2023-08-28T14:04:31","date_gmt":"2023-08-28T14:04:31","guid":{"rendered":"https:\/\/kindart.is\/product\/oldin-atjanda-1761-1800\/"},"modified":"2023-08-28T14:04:31","modified_gmt":"2023-08-28T14:04:31","slug":"oldin-atjanda-1761-1800","status":"publish","type":"product","link":"https:\/\/kindart.is\/en\/vara\/oldin-atjanda-1761-1800\/","title":{"rendered":"\u00d6ldin \u00e1tj\u00e1nda 1761-1800"},"content":{"rendered":"<p><strong>\u00d6ldin \u00e1tj\u00e1nda 1761-1800<\/strong>. Minniver\u00f0 t\u00ed\u00f0indi. J\u00f3n Helgason t\u00f3k saman. Hann tekur h\u00e9r vi\u00f0 af Gils Gu\u00f0mundssyni sem ritst\u00fdr\u00f0i hinum vins\u00e6lu b\u00f3kum um \u00d6ldina okkar. B\u00f3kin er bundin \u00ed rex\u00edn kj\u00f6l og horn me\u00f0 spjaldapapp\u00edr. St\u00e6r\u00f0 b\u00f3kar: 24.3 X 18.3 cm og 266 bls.<\/p>\n<p><strong>\u00datg\u00e1fa og prentun<\/strong>:<br \/>\nForlagi\u00f0 I\u00f0unn, Valdimar J\u00f3hannsson 1985. Reykjav\u00edk. Prentun: Prentsmi\u00f0jan Oddi.<\/p>\n","protected":false},"excerpt":{"rendered":"<p>\u00d6ldin \u00e1tj\u00e1nda 1761-1800. Minniver\u00f0 t\u00ed\u00f0indi. J\u00f3n Helgason t\u00f3k saman. Hann tekur h\u00e9r vi\u00f0 af Gils Gu\u00f0mundssyni sem ritst\u00fdr\u00f0i hinum vins\u00e6lu b\u00f3kum um \u00d6ldina okkar. B\u00f3kin er bundin \u00ed rex\u00edn kj\u00f6l og horn me\u00f0 spjaldapapp\u00edr. St\u00e6r\u00f0 b\u00f3kar: 24.3 X 18.3 cm og 266 bls. \u00datg\u00e1fa og prentun: Forlagi\u00f0 I\u00f0unn, Valdimar J\u00f3hannsson 1985. Reykjav\u00edk. Prentun: Prentsmi\u00f0jan Oddi.<\/p>\n","protected":false},"featured_media":8166,"template":"","meta":{"slim_seo":{"title":"\u00d6ldin \u00e1tj\u00e1nda 1761-1800 - KindArt","description":"\u00d6ldin \u00e1tj\u00e1nda 1761-1800 . Minniver\u00f0 t\u00ed\u00f0indi. J\u00f3n Helgason t\u00f3k saman. Hann tekur h\u00e9r vi\u00f0 af Gils Gu\u00f0mundssyni sem ritst\u00fdr\u00f0i hinum vins\u00e6lu b\u00f3kum um \u00d6ldina okkar."}},"product_brand":[],"product_cat":[83],"product_tag":[],"class_list":{"0":"post-8169","1":"product","2":"type-product","3":"status-publish","4":"has-post-thumbnail","6":"product_cat-books","7":"product_shipping_class-small-en","9":"first","10":"instock","11":"purchasable","12":"product-type-simple"},"_links":{"self":[{"href":"https:\/\/kindart.is\/en\/wp-json\/wp\/v2\/product\/8169","targetHints":{"allow":["GET"]}}],"collection":[{"href":"https:\/\/kindart.is\/en\/wp-json\/wp\/v2\/product"}],"about":[{"href":"https:\/\/kindart.is\/en\/wp-json\/wp\/v2\/types\/product"}],"wp:featuredmedia":[{"embeddable":true,"href":"https:\/\/kindart.is\/en\/wp-json\/wp\/v2\/media\/8166"}],"wp:attachment":[{"href":"https:\/\/kindart.is\/en\/wp-json\/wp\/v2\/media?parent=8169"}],"wp:term":[{"taxonomy":"product_brand","embeddable":true,"href":"https:\/\/kindart.is\/en\/wp-json\/wp\/v2\/product_brand?post=8169"},{"taxonomy":"product_cat","embeddable":true,"href":"https:\/\/kindart.is\/en\/wp-json\/wp\/v2\/product_cat?post=8169"},{"taxonomy":"product_tag","embeddable":true,"href":"https:\/\/kindart.is\/en\/wp-json\/wp\/v2\/product_tag?post=8169"}],"curies":[{"name":"wp","href":"https:\/\/api.w.org\/{rel}","templated":true}]}}