{"id":8186,"date":"2023-08-29T15:49:08","date_gmt":"2023-08-29T15:49:08","guid":{"rendered":"https:\/\/kindart.is\/product\/islenzkar-ljosmaedur-i-iii\/"},"modified":"2023-08-29T15:51:27","modified_gmt":"2023-08-29T15:51:27","slug":"islenzkar-ljosmaedur-i-iii","status":"publish","type":"product","link":"https:\/\/kindart.is\/en\/vara\/islenzkar-ljosmaedur-i-iii\/","title":{"rendered":"\u00cdslenzkar lj\u00f3sm\u00e6\u00f0ur I \u2013 III"},"content":{"rendered":"<p><strong>\u00cdslenzkar lj\u00f3sm\u00e6\u00f0ur I \u2013 III<\/strong>. \u00c6vi\u00fe\u00e6ttir og endurminningar lj\u00f3sm\u00e6\u00f0ra. Byggt \u00e1 riti s\u00e9ra Bj\u00f6rns O. Bj\u00f6rnssonar. S\u00e9ra Sveinn V\u00edkingur bj\u00f3 til prentunar og ritar form\u00e1la fyrir hvert bindi verksins. B\u00e6kurnar eru bundnar \u00ed alrex\u00edn og gylltar \u00e1 kj\u00f6l. St\u00e6r\u00f0: 21.7 X 14 cm og I bindi er 271 bls.- II bindi er 270 bls. og III bindi er 250 bls.<\/p>\n<p><strong>\u00datg\u00e1fa og prentun<\/strong>:<br \/>\nKv\u00f6ldv\u00f6ku\u00fatg\u00e1fan hf Akureyri 1962-1963 Prentun: I.- II. bindi, Prentverk Odds Bj\u00f6rnssonar Akureyri. Prentun III. Bindi, Prentverk Akraness.<\/p>\n","protected":false},"excerpt":{"rendered":"<p>\u00cdslenzkar lj\u00f3sm\u00e6\u00f0ur I \u2013 III. \u00c6vi\u00fe\u00e6ttir og endurminningar lj\u00f3sm\u00e6\u00f0ra. Byggt \u00e1 riti s\u00e9ra Bj\u00f6rns O. Bj\u00f6rnssonar. S\u00e9ra Sveinn V\u00edkingur bj\u00f3 til prentunar og ritar form\u00e1la fyrir hvert bindi verksins. B\u00e6kurnar eru bundnar \u00ed alrex\u00edn og gylltar \u00e1 kj\u00f6l. St\u00e6r\u00f0: 21.7 X 14 cm og I bindi er 271 bls.- II bindi er 270 bls. og [&hellip;]<\/p>\n","protected":false},"featured_media":8179,"template":"","meta":{"slim_seo":{"title":"\u00cdslenzkar lj\u00f3sm\u00e6\u00f0ur I \u2013 III - KindArt","description":"\u00cdslenzkar lj\u00f3sm\u00e6\u00f0ur I \u2013 III . \u00c6vi\u00fe\u00e6ttir og endurminningar lj\u00f3sm\u00e6\u00f0ra. Byggt \u00e1 riti s\u00e9ra Bj\u00f6rns O. Bj\u00f6rnssonar. S\u00e9ra Sveinn V\u00edkingur bj\u00f3 til prentunar og ritar fo"}},"product_brand":[],"product_cat":[83],"product_tag":[],"class_list":{"0":"post-8186","1":"product","2":"type-product","3":"status-publish","4":"has-post-thumbnail","6":"product_cat-books","7":"product_shipping_class-medium-en","9":"first","10":"outofstock","11":"purchasable","12":"product-type-simple"},"_links":{"self":[{"href":"https:\/\/kindart.is\/en\/wp-json\/wp\/v2\/product\/8186","targetHints":{"allow":["GET"]}}],"collection":[{"href":"https:\/\/kindart.is\/en\/wp-json\/wp\/v2\/product"}],"about":[{"href":"https:\/\/kindart.is\/en\/wp-json\/wp\/v2\/types\/product"}],"wp:featuredmedia":[{"embeddable":true,"href":"https:\/\/kindart.is\/en\/wp-json\/wp\/v2\/media\/8179"}],"wp:attachment":[{"href":"https:\/\/kindart.is\/en\/wp-json\/wp\/v2\/media?parent=8186"}],"wp:term":[{"taxonomy":"product_brand","embeddable":true,"href":"https:\/\/kindart.is\/en\/wp-json\/wp\/v2\/product_brand?post=8186"},{"taxonomy":"product_cat","embeddable":true,"href":"https:\/\/kindart.is\/en\/wp-json\/wp\/v2\/product_cat?post=8186"},{"taxonomy":"product_tag","embeddable":true,"href":"https:\/\/kindart.is\/en\/wp-json\/wp\/v2\/product_tag?post=8186"}],"curies":[{"name":"wp","href":"https:\/\/api.w.org\/{rel}","templated":true}]}}